{"id":935,"date":"2023-04-07T15:56:15","date_gmt":"2023-04-07T08:56:15","guid":{"rendered":"https:\/\/vietgiaminh.com\/?post_type=product&#038;p=935"},"modified":"2025-06-09T09:23:42","modified_gmt":"2025-06-09T02:23:42","slug":"phan-bon-vigami-15-30-15-dang-botphan-bon-khang-dien-tc-06-15-30-15-bot","status":"publish","type":"product","link":"https:\/\/vietgiaminh.com.vn\/en\/product\/phan-bon-vigami-15-30-15-dang-botphan-bon-khang-dien-tc-06-15-30-15-bot\/","title":{"rendered":"VIGAMI\u00ae 15-30-15 1KG"},"content":{"rendered":"<p><span style=\"color: #000000;\"><strong><span style=\"font-size: 18pt;\">PH\u00c2N B\u00d3N VIGAMI\u00ae 15-30-15 ( D\u1ea0NG B\u1ed8T) 1KG<\/span><\/strong><\/span><\/p>\n<p>H\u1ed9p: 4 t\u00fai 250g<\/p>\n<p><strong><span style=\"font-size: 14pt;\">Uses:<\/span><\/strong><\/p>\n<ul>\n<li>Helps plants grow green, strong, resilient, and flower and fruit quickly<\/li>\n<li>Stimulates simultaneous flowering, prevents flower and young fruit loss, and increases fruit set rate<\/li>\n<li>Increases fruit weight, becomes green, bright, and lasts longer<\/li>\n<li>Especially limit the condition of fruit drooping due to nutritional imbalance<\/li>\n<li>Harvested products can be preserved longer, improving the quality of agricultural products<\/li>\n<li>Increase plant resistance to adverse weather<\/li>\n<\/ul>\n<p><span style=\"font-size: 14pt;\"><strong>User manual:<\/strong><\/span><\/p>","protected":false},"excerpt":{"rendered":"<p>PH\u00c2N B\u00d3N VIGAMI\u00ae 15-30-15 ( D\u1ea0NG B\u1ed8T) 1KG H\u1ed9p: 4 t\u00fai 250g C\u00f4ng d\u1ee5ng: Gi\u00fap c\u00e2y tr\u1ed3ng ph\u00e1t tri\u1ec3n xanh t\u1ed1t, c\u00e2y c\u1ee9ng c\u00e1p, d\u1ebbo dai, mau ra hoa \u0111\u1eadu tr\u00e1i K\u00edch ra hoa \u0111\u1ed3ng lo\u1ea1t, ch\u1ed1ng r\u1ee5ng hoa v\u00e0 tr\u00e1i non, t\u0103ng t\u1ef7 l\u1ec7 \u0111\u1eadu qu\u1ea3 T\u0103ng tr\u1ecdng l\u01b0\u1ee3ng tr\u00e1i, xanh gai, t\u01b0\u01a1i m\u00e0u, [&hellip;]<\/p>","protected":false},"featured_media":936,"comment_status":"open","ping_status":"closed","template":"","meta":{"site-sidebar-layout":"default","site-content-layout":"default","ast-site-content-layout":"default","site-content-style":"default","site-sidebar-style":"default","ast-global-header-display":"","ast-banner-title-visibility":"","ast-main-header-display":"","ast-hfb-above-header-display":"","ast-hfb-below-header-display":"","ast-hfb-mobile-header-display":"","site-post-title":"","ast-breadcrumbs-content":"","ast-featured-img":"","footer-sml-layout":"","theme-transparent-header-meta":"default","adv-header-id-meta":"","stick-header-meta":"default","header-above-stick-meta":"","header-main-stick-meta":"","header-below-stick-meta":"","astra-migrate-meta-layouts":"set","ast-page-background-enabled":"default","ast-page-background-meta":{"desktop":{"background-color":"var(--ast-global-color-4)","background-image":"","background-repeat":"repeat","background-position":"center center","background-size":"auto","background-attachment":"scroll","background-type":"","background-media":"","overlay-type":"","overlay-color":"","overlay-opacity":"","overlay-gradient":""},"tablet":{"background-color":"","background-image":"","background-repeat":"repeat","background-position":"center center","background-size":"auto","background-attachment":"scroll","background-type":"","background-media":"","overlay-type":"","overlay-color":"","overlay-opacity":"","overlay-gradient":""},"mobile":{"background-color":"","background-image":"","background-repeat":"repeat","background-position":"center center","background-size":"auto","background-attachment":"scroll","background-type":"","background-media":"","overlay-type":"","overlay-color":"","overlay-opacity":"","overlay-gradient":""}},"ast-content-background-meta":{"desktop":{"background-color":"var(--ast-global-color-5)","background-image":"","background-repeat":"repeat","background-position":"center center","background-size":"auto","background-attachment":"scroll","background-type":"","background-media":"","overlay-type":"","overlay-color":"","overlay-opacity":"","overlay-gradient":""},"tablet":{"background-color":"var(--ast-global-color-5)","background-image":"","background-repeat":"repeat","background-position":"center center","background-size":"auto","background-attachment":"scroll","background-type":"","background-media":"","overlay-type":"","overlay-color":"","overlay-opacity":"","overlay-gradient":""},"mobile":{"background-color":"var(--ast-global-color-5)","background-image":"","background-repeat":"repeat","background-position":"center center","background-size":"auto","background-attachment":"scroll","background-type":"","background-media":"","overlay-type":"","overlay-color":"","overlay-opacity":"","overlay-gradient":""}}},"product_brand":[163],"product_cat":[24],"product_tag":[],"class_list":{"0":"post-935","1":"product","2":"type-product","3":"status-publish","4":"has-post-thumbnail","6":"product_brand-vigami","7":"product_cat-cay-an-trai","8":"desktop-align-center","9":"tablet-align-left","10":"mobile-align-left","11":"ast-product-gallery-layout-horizontal-slider","12":"ast-product-gallery-with-no-image","13":"ast-product-tabs-layout-horizontal","15":"first","16":"instock","17":"shipping-taxable","18":"product-type-simple"},"_links":{"self":[{"href":"https:\/\/vietgiaminh.com.vn\/en\/wp-json\/wp\/v2\/product\/935","targetHints":{"allow":["GET"]}}],"collection":[{"href":"https:\/\/vietgiaminh.com.vn\/en\/wp-json\/wp\/v2\/product"}],"about":[{"href":"https:\/\/vietgiaminh.com.vn\/en\/wp-json\/wp\/v2\/types\/product"}],"replies":[{"embeddable":true,"href":"https:\/\/vietgiaminh.com.vn\/en\/wp-json\/wp\/v2\/comments?post=935"}],"wp:featuredmedia":[{"embeddable":true,"href":"https:\/\/vietgiaminh.com.vn\/en\/wp-json\/wp\/v2\/media\/936"}],"wp:attachment":[{"href":"https:\/\/vietgiaminh.com.vn\/en\/wp-json\/wp\/v2\/media?parent=935"}],"wp:term":[{"taxonomy":"product_brand","embeddable":true,"href":"https:\/\/vietgiaminh.com.vn\/en\/wp-json\/wp\/v2\/product_brand?post=935"},{"taxonomy":"product_cat","embeddable":true,"href":"https:\/\/vietgiaminh.com.vn\/en\/wp-json\/wp\/v2\/product_cat?post=935"},{"taxonomy":"product_tag","embeddable":true,"href":"https:\/\/vietgiaminh.com.vn\/en\/wp-json\/wp\/v2\/product_tag?post=935"}],"curies":[{"name":"wp","href":"https:\/\/api.w.org\/{rel}","templated":true}]}}