{"id":60,"date":"2023-03-23T09:33:40","date_gmt":"2023-03-23T02:33:40","guid":{"rendered":"https:\/\/vietgiaminh.com\/?post_type=product&#038;p=60"},"modified":"2025-06-18T10:46:49","modified_gmt":"2025-06-18T03:46:49","slug":"phan-huu-co-nhat-ban-vigami-takata","status":"publish","type":"product","link":"https:\/\/vietgiaminh.com.vn\/en\/product\/phan-huu-co-nhat-ban-vigami-takata\/","title":{"rendered":"VIGAMI\u00ae TAKATA 20kg"},"content":{"rendered":"<p><span style=\"color: #000000;\"><strong><span style=\"font-size: 18pt;\">Ph\u00e2n h\u1eefu c\u01a1 Nh\u1eadt B\u1ea3n VIGAMI\u00ae Takata 20kg<\/span><\/strong><\/span><\/p>\n<p style=\"text-align: left;\"><span style=\"font-size: 14pt;\"><strong>Uses:<\/strong><\/span><\/p>\n<ul>\n<li>As a premium organic product, providing organic matter to the soil, improving degraded, degraded, hardened soil. Especially suitable for arable land degraded by using chemical fertilizers for a long time.<\/li>\n<li>Helps stabilize PH, improve acidic, salty, alum soil, organic detoxification.<\/li>\n<li>Help the soil to be porous, create conditions for the root system to develop, help the roots grow, strong, increase the ability to absorb nutrients.<\/li>\n<li>Increase soil moisture holding capacity, increase metabolism, reduce leaching and evaporation of nutrients.<\/li>\n<li>Gi\u1ea3m l\u01b0\u1ee3ng ph\u00e2n b\u00f3n h\u00f3a h\u1ecdc, th\u00e2n thi\u1ec7n v\u1edbi m\u00f4i tr\u01b0\u1eddng, ph\u00f9 h\u1ee3p v\u1edbi vi\u1ec7c canh t\u00e1c h\u1eefu c\u01a1 b\u1ec1n 30ppm<\/li>\n<\/ul>","protected":false},"excerpt":{"rendered":"<p>Ph\u00e2n h\u1eefu c\u01a1 Nh\u1eadt B\u1ea3n VIGAMI\u00ae Takata 20kg C\u00f4ng d\u1ee5ng: L\u00e0 s\u1ea3n ph\u1ea9m h\u1eefu c\u01a1 cao c\u1ea5p, cung c\u1ea5p ch\u1ea5t h\u1eefu c\u01a1 cho \u0111\u1ea5t, c\u1ea3i t\u1ea1o \u0111\u1ea5t b\u1ecb tho\u00e1i h\u00f3a, b\u1ea1c m\u00e0u, chai c\u1ee9ng. \u0110\u1eb7c bi\u1ec7t th\u00edch h\u1ee3p v\u1edbi \u0111\u1ea5t canh t\u00e1c b\u1ecb tho\u00e1i h\u00f3a do s\u1eed d\u1ee5ng ph\u00e2n h\u00f3a h\u1ecdc trong m\u1ed9t th\u1eddi gian [&hellip;]<\/p>","protected":false},"featured_media":2941,"comment_status":"open","ping_status":"closed","template":"","meta":{"site-sidebar-layout":"default","site-content-layout":"default","ast-site-content-layout":"default","site-content-style":"default","site-sidebar-style":"default","ast-global-header-display":"","ast-banner-title-visibility":"","ast-main-header-display":"","ast-hfb-above-header-display":"","ast-hfb-below-header-display":"","ast-hfb-mobile-header-display":"","site-post-title":"","ast-breadcrumbs-content":"","ast-featured-img":"","footer-sml-layout":"","theme-transparent-header-meta":"default","adv-header-id-meta":"","stick-header-meta":"default","header-above-stick-meta":"","header-main-stick-meta":"","header-below-stick-meta":"","astra-migrate-meta-layouts":"set","ast-page-background-enabled":"default","ast-page-background-meta":{"desktop":{"background-color":"var(--ast-global-color-4)","background-image":"","background-repeat":"repeat","background-position":"center center","background-size":"auto","background-attachment":"scroll","background-type":"","background-media":"","overlay-type":"","overlay-color":"","overlay-opacity":"","overlay-gradient":""},"tablet":{"background-color":"","background-image":"","background-repeat":"repeat","background-position":"center center","background-size":"auto","background-attachment":"scroll","background-type":"","background-media":"","overlay-type":"","overlay-color":"","overlay-opacity":"","overlay-gradient":""},"mobile":{"background-color":"","background-image":"","background-repeat":"repeat","background-position":"center center","background-size":"auto","background-attachment":"scroll","background-type":"","background-media":"","overlay-type":"","overlay-color":"","overlay-opacity":"","overlay-gradient":""}},"ast-content-background-meta":{"desktop":{"background-color":"var(--ast-global-color-5)","background-image":"","background-repeat":"repeat","background-position":"center center","background-size":"auto","background-attachment":"scroll","background-type":"","background-media":"","overlay-type":"","overlay-color":"","overlay-opacity":"","overlay-gradient":""},"tablet":{"background-color":"var(--ast-global-color-5)","background-image":"","background-repeat":"repeat","background-position":"center center","background-size":"auto","background-attachment":"scroll","background-type":"","background-media":"","overlay-type":"","overlay-color":"","overlay-opacity":"","overlay-gradient":""},"mobile":{"background-color":"var(--ast-global-color-5)","background-image":"","background-repeat":"repeat","background-position":"center center","background-size":"auto","background-attachment":"scroll","background-type":"","background-media":"","overlay-type":"","overlay-color":"","overlay-opacity":"","overlay-gradient":""}}},"product_brand":[163],"product_cat":[27,29],"product_tag":[80,64,115,114,111,90,59,70,100,78,75],"class_list":{"0":"post-60","1":"product","2":"type-product","3":"status-publish","4":"has-post-thumbnail","6":"product_brand-vigami","7":"product_cat-phan-bon-goc","8":"product_cat-phan-huu-co","9":"product_tag-ca-chua","10":"product_tag-ca-phe","11":"product_tag-cam","12":"product_tag-hoa","13":"product_tag-mit","14":"product_tag-ot","15":"product_tag-phan-bon-goc","16":"product_tag-phan-huu-co","17":"product_tag-rau-mau","18":"product_tag-sau-rieng","19":"product_tag-xoai","20":"desktop-align-center","21":"tablet-align-left","22":"mobile-align-left","23":"ast-product-gallery-layout-horizontal-slider","24":"ast-product-gallery-with-no-image","25":"ast-product-tabs-layout-horizontal","27":"first","28":"instock","29":"shipping-taxable","30":"product-type-simple"},"_links":{"self":[{"href":"https:\/\/vietgiaminh.com.vn\/en\/wp-json\/wp\/v2\/product\/60","targetHints":{"allow":["GET"]}}],"collection":[{"href":"https:\/\/vietgiaminh.com.vn\/en\/wp-json\/wp\/v2\/product"}],"about":[{"href":"https:\/\/vietgiaminh.com.vn\/en\/wp-json\/wp\/v2\/types\/product"}],"replies":[{"embeddable":true,"href":"https:\/\/vietgiaminh.com.vn\/en\/wp-json\/wp\/v2\/comments?post=60"}],"wp:featuredmedia":[{"embeddable":true,"href":"https:\/\/vietgiaminh.com.vn\/en\/wp-json\/wp\/v2\/media\/2941"}],"wp:attachment":[{"href":"https:\/\/vietgiaminh.com.vn\/en\/wp-json\/wp\/v2\/media?parent=60"}],"wp:term":[{"taxonomy":"product_brand","embeddable":true,"href":"https:\/\/vietgiaminh.com.vn\/en\/wp-json\/wp\/v2\/product_brand?post=60"},{"taxonomy":"product_cat","embeddable":true,"href":"https:\/\/vietgiaminh.com.vn\/en\/wp-json\/wp\/v2\/product_cat?post=60"},{"taxonomy":"product_tag","embeddable":true,"href":"https:\/\/vietgiaminh.com.vn\/en\/wp-json\/wp\/v2\/product_tag?post=60"}],"curies":[{"name":"wp","href":"https:\/\/api.w.org\/{rel}","templated":true}]}}