{"id":4254,"date":"2025-10-15T09:33:17","date_gmt":"2025-10-15T02:33:17","guid":{"rendered":"https:\/\/vietgiaminh.com.vn\/?post_type=product&#038;p=4254"},"modified":"2025-10-15T09:33:17","modified_gmt":"2025-10-15T02:33:17","slug":"vigami-sworm","status":"publish","type":"product","link":"https:\/\/vietgiaminh.com.vn\/en\/product\/vigami-sworm\/","title":{"rendered":"VIGAMI\u00ae SWORM"},"content":{"rendered":"<p><strong>PH\u00c2N B\u00d3N H\u1eeeU C\u01a0 VIGAMI\u00ae SWORM &#8211; 25KG<\/strong><\/p>\n<p><strong>Uses:<\/strong><\/p>\n<ul>\n<li>C\u1ea3i t\u1ea1o \u0111\u1ea5t, h\u1ea1 ph\u00e8n m\u1ea1nh<\/li>\n<li>Ra r\u1ec5 nhanh, b\u1ed9 r\u1ec5 kh\u1ecfe<\/li>\n<\/ul>\n<p><strong>\u0110\u1eb7c \u0111i\u1ec3m s\u1ea3n ph\u1ea9m:<\/strong><\/p>\n<ul>\n<li>\u0110\u01b0\u1ee3c s\u1ea3n xu\u1ea5t t\u1eeb ch\u1ea5t th\u1ea3i sau khi thu ho\u1ea1ch tr\u00f9n qu\u1ebf. L\u00e0 lo\u1ea1i ph\u00e2n t\u1ef1 nhi\u00ean c\u00f3 h\u00e0m l\u01b0\u1ee3ng dinh d\u01b0\u1ee1ng r\u1ea5t cao.<\/li>\n<li>Kh\u00e1c ph\u00e2n b\u00f3n h\u00f3a h\u1ecdc, ph\u00e2n tr\u00f9n qu\u1ebf c\u00f3 ch\u1ea5t nh\u1ea7y tr\u00f9n n\u00ean kh\u00f4ng d\u1ec5 b\u1ecb x\u1ed1i kh\u1ecfi \u0111\u1ea5t gi\u00fap c\u00e2y c\u00f3 th\u1eddi gian h\u1ea5p th\u1ee5 ch\u1ea5t dinh d\u01b0\u1ee1ng l\u00e2u h\u01a1n. Ho\u00e0n to\u00e0n kh\u00f4ng c\u00f3 ch\u1ea5t g\u00e2y h\u1ea1i, an to\u00e0n cho c\u00e2y, cho \u0111\u1ea5t.<\/li>\n<li>Ph\u00e2n tr\u00f9n qu\u1ebf qua c\u01a1 th\u1ec3 tr\u00f9n \u0111\u01b0\u1ee3c l\u00e0m gi\u00e0u th\u00eam c\u00e1c vi khu\u1ea3n c\u00f3 l\u1ee3i, gi\u00fap t\u0103ng s\u1ee9c \u0111\u1ec1 kh\u00e1ng cho c\u00e2y, gi\u00fap c\u00e2y kh\u1ecfe h\u01a1n, gi\u1ea3m nhu c\u1ea7u s\u1eed d\u1ee5ng thu\u1ed1c tr\u1eeb s\u00e2u.<\/li>\n<li>Ph\u00e2n tr\u00f9n qu\u1ebf c\u00f3 ch\u1ee9a hormone gi\u00fap c\u00e2y t\u0103ng tr\u01b0\u1edfng t\u1ed1t, c\u00f3 t\u00e1c d\u1ee5ng nh\u01b0 keo, gi\u1eef n\u01b0\u1edbc, gi\u00fap b\u1ed1c h\u01a1i ch\u1eadm, lu\u00f4n c\u00f3 n\u01b0\u1edbc cho c\u00e2y.<\/li>\n<li>Khi b\u00f3n cho c\u00e2y tr\u1ed3ng c\u00e1c ch\u1ea5t n\u00e0y ngay l\u1eadp t\u1ee9c n\u00e2ng pH \u0111\u1ea5t, t\u1ea1o m\u00f4i tr\u01b0\u1eddng thu\u1eadn l\u1ee3i cho c\u00e1 vi sinh v\u1eadt c\u00f3 l\u1ee3i ph\u00e1t tri\u1ec3n, t\u1ea1o ra \u0111\u1ed1i kh\u00e1ng v\u1edbi c\u00e1c vi sinh v\u1eadt g\u00e2y h\u1ea1i.<\/li>\n<li>S\u1ea3n ph\u1ea9m s\u1eed d\u1ee5ng c\u00e0ng nhi\u1ec1u th\u00ec \u0111\u1ea5t c\u00e0ng t\u01a1i x\u1ed1p, r\u1ec5 c\u00e2y c\u00e0ng ph\u00e1t tri\u1ec3n m\u1ea1nh, \u0111\u1eb7c bi\u1ec7t kh\u00f4ng g\u00e2y \u0111\u1ed9c cho c\u00e2y, kh\u00f4ng g\u00e2y h\u1ea1i cho m\u00f4i tr\u01b0\u1eddng.<\/li>\n<li>R\u1ea5t ph\u00f9 h\u1ee3p cho s\u1ea3n xu\u1ea5t n\u00f4ng nghi\u1ec7p h\u1eefu c\u01a1, \u0111\u00e1p \u1ee9ng c\u00e1c ti\u00eau ch\u1ea9un GlobalGAP, VietGAP.<\/li>\n<\/ul>","protected":false},"excerpt":{"rendered":"<p>PH\u00c2N B\u00d3N H\u1eeeU C\u01a0 VIGAMI\u00ae SWORM &#8211; 25KG C\u00f4ng d\u1ee5ng: C\u1ea3i t\u1ea1o \u0111\u1ea5t, h\u1ea1 ph\u00e8n m\u1ea1nh Ra r\u1ec5 nhanh, b\u1ed9 r\u1ec5 kh\u1ecfe \u0110\u1eb7c \u0111i\u1ec3m s\u1ea3n ph\u1ea9m: \u0110\u01b0\u1ee3c s\u1ea3n xu\u1ea5t t\u1eeb ch\u1ea5t th\u1ea3i sau khi thu ho\u1ea1ch tr\u00f9n qu\u1ebf. L\u00e0 lo\u1ea1i ph\u00e2n t\u1ef1 nhi\u00ean c\u00f3 h\u00e0m l\u01b0\u1ee3ng dinh d\u01b0\u1ee1ng r\u1ea5t cao. Kh\u00e1c ph\u00e2n b\u00f3n h\u00f3a h\u1ecdc, [&hellip;]<\/p>","protected":false},"featured_media":4256,"comment_status":"open","ping_status":"closed","template":"","meta":{"site-sidebar-layout":"default","site-content-layout":"","ast-site-content-layout":"default","site-content-style":"default","site-sidebar-style":"default","ast-global-header-display":"","ast-banner-title-visibility":"","ast-main-header-display":"","ast-hfb-above-header-display":"","ast-hfb-below-header-display":"","ast-hfb-mobile-header-display":"","site-post-title":"","ast-breadcrumbs-content":"","ast-featured-img":"","footer-sml-layout":"","theme-transparent-header-meta":"default","adv-header-id-meta":"","stick-header-meta":"default","header-above-stick-meta":"","header-main-stick-meta":"","header-below-stick-meta":"","astra-migrate-meta-layouts":"set","ast-page-background-enabled":"default","ast-page-background-meta":{"desktop":{"background-color":"var(--ast-global-color-4)","background-image":"","background-repeat":"repeat","background-position":"center center","background-size":"auto","background-attachment":"scroll","background-type":"","background-media":"","overlay-type":"","overlay-color":"","overlay-opacity":"","overlay-gradient":""},"tablet":{"background-color":"","background-image":"","background-repeat":"repeat","background-position":"center center","background-size":"auto","background-attachment":"scroll","background-type":"","background-media":"","overlay-type":"","overlay-color":"","overlay-opacity":"","overlay-gradient":""},"mobile":{"background-color":"","background-image":"","background-repeat":"repeat","background-position":"center center","background-size":"auto","background-attachment":"scroll","background-type":"","background-media":"","overlay-type":"","overlay-color":"","overlay-opacity":"","overlay-gradient":""}},"ast-content-background-meta":{"desktop":{"background-color":"var(--ast-global-color-5)","background-image":"","background-repeat":"repeat","background-position":"center center","background-size":"auto","background-attachment":"scroll","background-type":"","background-media":"","overlay-type":"","overlay-color":"","overlay-opacity":"","overlay-gradient":""},"tablet":{"background-color":"var(--ast-global-color-5)","background-image":"","background-repeat":"repeat","background-position":"center center","background-size":"auto","background-attachment":"scroll","background-type":"","background-media":"","overlay-type":"","overlay-color":"","overlay-opacity":"","overlay-gradient":""},"mobile":{"background-color":"var(--ast-global-color-5)","background-image":"","background-repeat":"repeat","background-position":"center center","background-size":"auto","background-attachment":"scroll","background-type":"","background-media":"","overlay-type":"","overlay-color":"","overlay-opacity":"","overlay-gradient":""}}},"product_brand":[163],"product_cat":[27,29],"product_tag":[180,104],"class_list":{"0":"post-4254","1":"product","2":"type-product","3":"status-publish","4":"has-post-thumbnail","6":"product_brand-vigami","7":"product_cat-phan-bon-goc","8":"product_cat-phan-huu-co","9":"product_tag-sworm","10":"product_tag-vigami","11":"desktop-align-center","12":"tablet-align-left","13":"mobile-align-left","14":"ast-product-gallery-layout-horizontal-slider","15":"ast-product-tabs-layout-horizontal","17":"first","18":"instock","19":"shipping-taxable","20":"product-type-simple"},"_links":{"self":[{"href":"https:\/\/vietgiaminh.com.vn\/en\/wp-json\/wp\/v2\/product\/4254","targetHints":{"allow":["GET"]}}],"collection":[{"href":"https:\/\/vietgiaminh.com.vn\/en\/wp-json\/wp\/v2\/product"}],"about":[{"href":"https:\/\/vietgiaminh.com.vn\/en\/wp-json\/wp\/v2\/types\/product"}],"replies":[{"embeddable":true,"href":"https:\/\/vietgiaminh.com.vn\/en\/wp-json\/wp\/v2\/comments?post=4254"}],"wp:featuredmedia":[{"embeddable":true,"href":"https:\/\/vietgiaminh.com.vn\/en\/wp-json\/wp\/v2\/media\/4256"}],"wp:attachment":[{"href":"https:\/\/vietgiaminh.com.vn\/en\/wp-json\/wp\/v2\/media?parent=4254"}],"wp:term":[{"taxonomy":"product_brand","embeddable":true,"href":"https:\/\/vietgiaminh.com.vn\/en\/wp-json\/wp\/v2\/product_brand?post=4254"},{"taxonomy":"product_cat","embeddable":true,"href":"https:\/\/vietgiaminh.com.vn\/en\/wp-json\/wp\/v2\/product_cat?post=4254"},{"taxonomy":"product_tag","embeddable":true,"href":"https:\/\/vietgiaminh.com.vn\/en\/wp-json\/wp\/v2\/product_tag?post=4254"}],"curies":[{"name":"wp","href":"https:\/\/api.w.org\/{rel}","templated":true}]}}