{"id":4232,"date":"2025-10-11T10:27:35","date_gmt":"2025-10-11T03:27:35","guid":{"rendered":"https:\/\/vietgiaminh.com.vn\/?post_type=product&#038;p=4232"},"modified":"2025-10-13T10:51:07","modified_gmt":"2025-10-13T03:51:07","slug":"vigami-20-20-15te","status":"publish","type":"product","link":"https:\/\/vietgiaminh.com.vn\/en\/product\/vigami-20-20-15te\/","title":{"rendered":"VIGAMI\u00ae 20-20-15+TE"},"content":{"rendered":"<h3><span style=\"font-size: 14pt;\"><strong>PH\u00c2N H\u1ed6N H\u1ee2P NPK VIGAMI\u00ae 20-20-15+TE<\/strong><\/span><\/h3>\n<p>\u0110\u1eb7c \u0111i\u1ec3m s\u1ea3n ph\u1ea9m:<\/p>\n<ul>\n<li>L\u00e0 ph\u00e2n NPK h\u00e0m l\u01b0\u1ee3ng cao v\u1edbi t\u1ef7 l\u1ec7 N:P:K 4 &#8211; 4 &#8211; 3 cho hi\u1ec7u \u1ee9ng c\u00e2n \u0111\u1ed1i m\u1ea1nh m\u1ebd.<\/li>\n<li>Ch\u1ee9a v\u1ecb l\u01b0\u1ee3ng Te gi\u00fap xanh l\u00e1, t\u0103ng c\u01b0\u1eddng quang h\u1ee3p<\/li>\n<li>Tan nhanh gi\u00fap c\u00e2y tr\u1ed3ng h\u1ea5p th\u1ee5 sinh d\u01b0\u1ee1ng t\u1ed1i \u01b0u<\/li>\n<li>Gi\u00fap c\u00e2y ph\u00e1t tri\u1ec3n t\u1ed5ng th\u1ec3 kh\u1ecfe xanh b\u1ec1n<\/li>\n<li>Gi\u00fap t\u0103ng n\u0103ng su\u1ea5t, t\u0103ng kh\u1ea3 n\u0103ng ch\u1ed1ng ch\u1ecbu c\u1ee7a c\u00e2y<\/li>\n<\/ul>","protected":false},"excerpt":{"rendered":"<p>PH\u00c2N H\u1ed6N H\u1ee2P NPK VIGAMI\u00ae 20-20-15+TE \u0110\u1eb7c \u0111i\u1ec3m s\u1ea3n ph\u1ea9m: L\u00e0 ph\u00e2n NPK h\u00e0m l\u01b0\u1ee3ng cao v\u1edbi t\u1ef7 l\u1ec7 N:P:K 4 &#8211; 4 &#8211; 3 cho hi\u1ec7u \u1ee9ng c\u00e2n \u0111\u1ed1i m\u1ea1nh m\u1ebd. Ch\u1ee9a v\u1ecb l\u01b0\u1ee3ng Te gi\u00fap xanh l\u00e1, t\u0103ng c\u01b0\u1eddng quang h\u1ee3p Tan nhanh gi\u00fap c\u00e2y tr\u1ed3ng h\u1ea5p th\u1ee5 sinh d\u01b0\u1ee1ng t\u1ed1i \u01b0u Gi\u00fap [&hellip;]<\/p>","protected":false},"featured_media":4241,"comment_status":"open","ping_status":"closed","template":"","meta":{"site-sidebar-layout":"default","site-content-layout":"","ast-site-content-layout":"default","site-content-style":"default","site-sidebar-style":"default","ast-global-header-display":"","ast-banner-title-visibility":"","ast-main-header-display":"","ast-hfb-above-header-display":"","ast-hfb-below-header-display":"","ast-hfb-mobile-header-display":"","site-post-title":"","ast-breadcrumbs-content":"","ast-featured-img":"","footer-sml-layout":"","theme-transparent-header-meta":"default","adv-header-id-meta":"","stick-header-meta":"default","header-above-stick-meta":"","header-main-stick-meta":"","header-below-stick-meta":"","astra-migrate-meta-layouts":"set","ast-page-background-enabled":"default","ast-page-background-meta":{"desktop":{"background-color":"var(--ast-global-color-4)","background-image":"","background-repeat":"repeat","background-position":"center center","background-size":"auto","background-attachment":"scroll","background-type":"","background-media":"","overlay-type":"","overlay-color":"","overlay-opacity":"","overlay-gradient":""},"tablet":{"background-color":"","background-image":"","background-repeat":"repeat","background-position":"center center","background-size":"auto","background-attachment":"scroll","background-type":"","background-media":"","overlay-type":"","overlay-color":"","overlay-opacity":"","overlay-gradient":""},"mobile":{"background-color":"","background-image":"","background-repeat":"repeat","background-position":"center center","background-size":"auto","background-attachment":"scroll","background-type":"","background-media":"","overlay-type":"","overlay-color":"","overlay-opacity":"","overlay-gradient":""}},"ast-content-background-meta":{"desktop":{"background-color":"var(--ast-global-color-5)","background-image":"","background-repeat":"repeat","background-position":"center center","background-size":"auto","background-attachment":"scroll","background-type":"","background-media":"","overlay-type":"","overlay-color":"","overlay-opacity":"","overlay-gradient":""},"tablet":{"background-color":"var(--ast-global-color-5)","background-image":"","background-repeat":"repeat","background-position":"center center","background-size":"auto","background-attachment":"scroll","background-type":"","background-media":"","overlay-type":"","overlay-color":"","overlay-opacity":"","overlay-gradient":""},"mobile":{"background-color":"var(--ast-global-color-5)","background-image":"","background-repeat":"repeat","background-position":"center center","background-size":"auto","background-attachment":"scroll","background-type":"","background-media":"","overlay-type":"","overlay-color":"","overlay-opacity":"","overlay-gradient":""}}},"product_brand":[163],"product_cat":[28,27],"product_tag":[138,139],"class_list":{"0":"post-4232","1":"product","2":"type-product","3":"status-publish","4":"has-post-thumbnail","6":"product_brand-vigami","7":"product_cat-phan-npk","8":"product_cat-phan-bon-goc","9":"product_tag-npk","10":"product_tag-phan-bon-npk","11":"desktop-align-center","12":"tablet-align-left","13":"mobile-align-left","14":"ast-product-gallery-layout-horizontal-slider","15":"ast-product-tabs-layout-horizontal","17":"first","18":"instock","19":"shipping-taxable","20":"product-type-simple"},"_links":{"self":[{"href":"https:\/\/vietgiaminh.com.vn\/en\/wp-json\/wp\/v2\/product\/4232","targetHints":{"allow":["GET"]}}],"collection":[{"href":"https:\/\/vietgiaminh.com.vn\/en\/wp-json\/wp\/v2\/product"}],"about":[{"href":"https:\/\/vietgiaminh.com.vn\/en\/wp-json\/wp\/v2\/types\/product"}],"replies":[{"embeddable":true,"href":"https:\/\/vietgiaminh.com.vn\/en\/wp-json\/wp\/v2\/comments?post=4232"}],"wp:featuredmedia":[{"embeddable":true,"href":"https:\/\/vietgiaminh.com.vn\/en\/wp-json\/wp\/v2\/media\/4241"}],"wp:attachment":[{"href":"https:\/\/vietgiaminh.com.vn\/en\/wp-json\/wp\/v2\/media?parent=4232"}],"wp:term":[{"taxonomy":"product_brand","embeddable":true,"href":"https:\/\/vietgiaminh.com.vn\/en\/wp-json\/wp\/v2\/product_brand?post=4232"},{"taxonomy":"product_cat","embeddable":true,"href":"https:\/\/vietgiaminh.com.vn\/en\/wp-json\/wp\/v2\/product_cat?post=4232"},{"taxonomy":"product_tag","embeddable":true,"href":"https:\/\/vietgiaminh.com.vn\/en\/wp-json\/wp\/v2\/product_tag?post=4232"}],"curies":[{"name":"wp","href":"https:\/\/api.w.org\/{rel}","templated":true}]}}