{"id":4200,"date":"2025-09-26T10:37:38","date_gmt":"2025-09-26T03:37:38","guid":{"rendered":"https:\/\/vietgiaminh.com.vn\/?post_type=product&#038;p=4200"},"modified":"2025-09-26T10:37:39","modified_gmt":"2025-09-26T03:37:39","slug":"vigami-micron-combi-30g","status":"publish","type":"product","link":"https:\/\/vietgiaminh.com.vn\/en\/product\/vigami-micron-combi-30g\/","title":{"rendered":"VIGAMI\u00ae MICRON COMBI 30G"},"content":{"rendered":"<p><strong>VIGAMI\u00ae MICRON COMBI 30G<\/strong><\/p>\n<p>Vi l\u01b0\u1ee3ng h\u1eefu c\u01a1 &#8211; Ch\u1ea5t l\u01b0\u1ee3ng kim c\u01b0\u01a1ng<\/p>\n<p>\u0110\u1eb7c \u0111i\u1ec3m s\u1ea3n ph\u1ea9m:<\/p>\n<ul>\n<li>\u0110\u01b0\u1ee3c l\u00e0m t\u1eeb nguy\u00ean li\u1ec7u 100% d\u1ea1ng chelate tr\u00ean n\u1ec1n t\u1ea3ng h\u1eefu c\u01a1, s\u1ea3n ph\u1ea9m l\u00e0 s\u1ef1 k\u1ebft h\u1ee3p c\u1ea7n \u0111\u1ed1i gi\u1eefa c\u00e1c y\u1ebfu t\u1ed1 dinh d\u01b0\u1ee1ng trung vi l\u01b0\u1ee3ng thi\u1ebft y\u1ebfu cho c\u00e2y tr\u1ed3ng.<\/li>\n<li>Gi\u00fap c\u00e2y tr\u1ed3ng t\u0103ng c\u01b0\u1eddng kh\u1ea3 n\u0103ng ch\u1ed1ng ch\u1ecbu tr\u01b0\u1edbc th\u1eddi ti\u1ebft b\u1ea5t l\u1ee3i, th\u00fac \u0111\u1ea9y qu\u00e1 tr\u00ecnh sinh h\u00f3a trong c\u00e2y, gi\u00fap c\u00e2y tr\u1ed3ng ph\u00e1t tri\u1ec3n \u0111\u1ea7y \u0111\u1ee7 v\u00e0 c\u00e2n \u0111\u1ed1i, t\u0103ng ph\u1ea9m ch\u1ea5t n\u00f4ng s\u1ea3n<\/li>\n<\/ul>","protected":false},"excerpt":{"rendered":"<p>VIGAMI\u00ae MICRON COMBI 30G Vi l\u01b0\u1ee3ng h\u1eefu c\u01a1 &#8211; Ch\u1ea5t l\u01b0\u1ee3ng kim c\u01b0\u01a1ng \u0110\u1eb7c \u0111i\u1ec3m s\u1ea3n ph\u1ea9m: \u0110\u01b0\u1ee3c l\u00e0m t\u1eeb nguy\u00ean li\u1ec7u 100% d\u1ea1ng chelate tr\u00ean n\u1ec1n t\u1ea3ng h\u1eefu c\u01a1, s\u1ea3n ph\u1ea9m l\u00e0 s\u1ef1 k\u1ebft h\u1ee3p c\u1ea7n \u0111\u1ed1i gi\u1eefa c\u00e1c y\u1ebfu t\u1ed1 dinh d\u01b0\u1ee1ng trung vi l\u01b0\u1ee3ng thi\u1ebft y\u1ebfu cho c\u00e2y tr\u1ed3ng. Gi\u00fap c\u00e2y tr\u1ed3ng [&hellip;]<\/p>","protected":false},"featured_media":4201,"comment_status":"open","ping_status":"closed","template":"","meta":{"site-sidebar-layout":"default","site-content-layout":"","ast-site-content-layout":"default","site-content-style":"default","site-sidebar-style":"default","ast-global-header-display":"","ast-banner-title-visibility":"","ast-main-header-display":"","ast-hfb-above-header-display":"","ast-hfb-below-header-display":"","ast-hfb-mobile-header-display":"","site-post-title":"","ast-breadcrumbs-content":"","ast-featured-img":"","footer-sml-layout":"","theme-transparent-header-meta":"default","adv-header-id-meta":"","stick-header-meta":"default","header-above-stick-meta":"","header-main-stick-meta":"","header-below-stick-meta":"","astra-migrate-meta-layouts":"set","ast-page-background-enabled":"default","ast-page-background-meta":{"desktop":{"background-color":"var(--ast-global-color-4)","background-image":"","background-repeat":"repeat","background-position":"center center","background-size":"auto","background-attachment":"scroll","background-type":"","background-media":"","overlay-type":"","overlay-color":"","overlay-opacity":"","overlay-gradient":""},"tablet":{"background-color":"","background-image":"","background-repeat":"repeat","background-position":"center center","background-size":"auto","background-attachment":"scroll","background-type":"","background-media":"","overlay-type":"","overlay-color":"","overlay-opacity":"","overlay-gradient":""},"mobile":{"background-color":"","background-image":"","background-repeat":"repeat","background-position":"center center","background-size":"auto","background-attachment":"scroll","background-type":"","background-media":"","overlay-type":"","overlay-color":"","overlay-opacity":"","overlay-gradient":""}},"ast-content-background-meta":{"desktop":{"background-color":"var(--ast-global-color-5)","background-image":"","background-repeat":"repeat","background-position":"center center","background-size":"auto","background-attachment":"scroll","background-type":"","background-media":"","overlay-type":"","overlay-color":"","overlay-opacity":"","overlay-gradient":""},"tablet":{"background-color":"var(--ast-global-color-5)","background-image":"","background-repeat":"repeat","background-position":"center center","background-size":"auto","background-attachment":"scroll","background-type":"","background-media":"","overlay-type":"","overlay-color":"","overlay-opacity":"","overlay-gradient":""},"mobile":{"background-color":"var(--ast-global-color-5)","background-image":"","background-repeat":"repeat","background-position":"center center","background-size":"auto","background-attachment":"scroll","background-type":"","background-media":"","overlay-type":"","overlay-color":"","overlay-opacity":"","overlay-gradient":""}}},"product_brand":[163],"product_cat":[22,24,23,26,25],"product_tag":[],"class_list":{"0":"post-4200","1":"product","2":"type-product","3":"status-publish","4":"has-post-thumbnail","6":"product_brand-vigami","7":"product_cat-phan-bon-la","8":"product_cat-cay-an-trai","9":"product_cat-cay-cong-nghiep","10":"product_cat-cay-lua","11":"product_cat-cay-rau-mau","12":"desktop-align-center","13":"tablet-align-left","14":"mobile-align-left","15":"ast-product-gallery-layout-horizontal-slider","16":"ast-product-gallery-with-no-image","17":"ast-product-tabs-layout-horizontal","19":"first","20":"instock","21":"shipping-taxable","22":"product-type-simple"},"_links":{"self":[{"href":"https:\/\/vietgiaminh.com.vn\/en\/wp-json\/wp\/v2\/product\/4200","targetHints":{"allow":["GET"]}}],"collection":[{"href":"https:\/\/vietgiaminh.com.vn\/en\/wp-json\/wp\/v2\/product"}],"about":[{"href":"https:\/\/vietgiaminh.com.vn\/en\/wp-json\/wp\/v2\/types\/product"}],"replies":[{"embeddable":true,"href":"https:\/\/vietgiaminh.com.vn\/en\/wp-json\/wp\/v2\/comments?post=4200"}],"wp:featuredmedia":[{"embeddable":true,"href":"https:\/\/vietgiaminh.com.vn\/en\/wp-json\/wp\/v2\/media\/4201"}],"wp:attachment":[{"href":"https:\/\/vietgiaminh.com.vn\/en\/wp-json\/wp\/v2\/media?parent=4200"}],"wp:term":[{"taxonomy":"product_brand","embeddable":true,"href":"https:\/\/vietgiaminh.com.vn\/en\/wp-json\/wp\/v2\/product_brand?post=4200"},{"taxonomy":"product_cat","embeddable":true,"href":"https:\/\/vietgiaminh.com.vn\/en\/wp-json\/wp\/v2\/product_cat?post=4200"},{"taxonomy":"product_tag","embeddable":true,"href":"https:\/\/vietgiaminh.com.vn\/en\/wp-json\/wp\/v2\/product_tag?post=4200"}],"curies":[{"name":"wp","href":"https:\/\/api.w.org\/{rel}","templated":true}]}}