{"id":4174,"date":"2025-09-10T17:15:22","date_gmt":"2025-09-10T10:15:22","guid":{"rendered":"https:\/\/vietgiaminh.com.vn\/?post_type=product&#038;p=4174"},"modified":"2025-09-10T17:15:22","modified_gmt":"2025-09-10T10:15:22","slug":"vigami-20-20-20te","status":"publish","type":"product","link":"https:\/\/vietgiaminh.com.vn\/en\/product\/vigami-20-20-20te\/","title":{"rendered":"VIGAMI\u00ae 20-20-20+TE"},"content":{"rendered":"<p>PH\u00c2N B\u00d3N L\u00c1 NPK &#8211; VI L\u01af\u1ee2NG VIGAMI\u00ae 20-20-20 +TE<\/p>\n<p>Uses:<\/p>\n<ul>\n<li>D\u01b0\u1ee1ng l\u00e1, xanh l\u00e1, b\u00f3ng l\u00e1<\/li>\n<li>Ra hoa s\u1edbm, \u0111\u1ed3ng lo\u1ea1t<\/li>\n<li>Nu\u00f4i tr\u00e1i, d\u01b0\u1ee1ng tr\u00e1i, b\u00f3ng tr\u00e1i<\/li>\n<\/ul>\n<p>\u0110\u1eb7c \u0111i\u1ec3m:<\/p>\n<ul>\n<li>\u0110\u01b0\u1ee3c s\u1ea3n xu\u1ea5t t\u1eeb ngu\u1ed3n nguy\u00ean li\u1ec7u c\u00f3 \u0111\u1ed9 tinh khi\u1ebft cao, tan ho\u00e0n to\u00e0n, c\u00f3 ch\u1ee9a h\u00e0m l\u01b0\u1ee3ng \u0111\u1ea1m, l\u00e2n, kali cao, c\u00e2n b\u1eb1ng, s\u1ea3n ph\u1ea9m c\u00f3 vi l\u01b0\u1ee3ng 100% d\u1ea1ng Chelate. Cung c\u1ea5p dinh d\u01b0\u01a1ng cho c\u00e2y tr\u1ed3ng m\u1ed9t c\u00e1ch to\u00e0n di\u1ec7n<\/li>\n<li>Gi\u00fap t\u0103ng kh\u1ea3 n\u0103ng quang h\u1ee3p, c\u00e2y sinh tr\u01b0\u1edfng m\u1ea1nh, t\u0103ng sinh kh\u1ed1i, ra hoa s\u1edbm, hoa tr\u1ed5 \u0111\u1ec1u, tr\u00e1i mau l\u1edbn, t\u0103ng m\u00e0u s\u1eafc v\u00e0 h\u01b0\u01a1ng v\u1ecb, n\u0103ng su\u1ea5t cao, ch\u1ea5t l\u01b0\u1ee3ng nm\u00e1t<\/li>\n<\/ul>","protected":false},"excerpt":{"rendered":"<p>PH\u00c2N B\u00d3N L\u00c1 NPK &#8211; VI L\u01af\u1ee2NG VIGAMI\u00ae 20-20-20 +TE C\u00f4ng d\u1ee5ng: D\u01b0\u1ee1ng l\u00e1, xanh l\u00e1, b\u00f3ng l\u00e1 Ra hoa s\u1edbm, \u0111\u1ed3ng lo\u1ea1t Nu\u00f4i tr\u00e1i, d\u01b0\u1ee1ng tr\u00e1i, b\u00f3ng tr\u00e1i \u0110\u1eb7c \u0111i\u1ec3m: \u0110\u01b0\u1ee3c s\u1ea3n xu\u1ea5t t\u1eeb ngu\u1ed3n nguy\u00ean li\u1ec7u c\u00f3 \u0111\u1ed9 tinh khi\u1ebft cao, tan ho\u00e0n to\u00e0n, c\u00f3 ch\u1ee9a h\u00e0m l\u01b0\u1ee3ng \u0111\u1ea1m, l\u00e2n, kali cao, c\u00e2n [&hellip;]<\/p>","protected":false},"featured_media":4173,"comment_status":"open","ping_status":"closed","template":"","meta":{"site-sidebar-layout":"default","site-content-layout":"","ast-site-content-layout":"default","site-content-style":"default","site-sidebar-style":"default","ast-global-header-display":"","ast-banner-title-visibility":"","ast-main-header-display":"","ast-hfb-above-header-display":"","ast-hfb-below-header-display":"","ast-hfb-mobile-header-display":"","site-post-title":"","ast-breadcrumbs-content":"","ast-featured-img":"","footer-sml-layout":"","theme-transparent-header-meta":"default","adv-header-id-meta":"","stick-header-meta":"default","header-above-stick-meta":"","header-main-stick-meta":"","header-below-stick-meta":"","astra-migrate-meta-layouts":"set","ast-page-background-enabled":"default","ast-page-background-meta":{"desktop":{"background-color":"var(--ast-global-color-4)","background-image":"","background-repeat":"repeat","background-position":"center center","background-size":"auto","background-attachment":"scroll","background-type":"","background-media":"","overlay-type":"","overlay-color":"","overlay-opacity":"","overlay-gradient":""},"tablet":{"background-color":"","background-image":"","background-repeat":"repeat","background-position":"center center","background-size":"auto","background-attachment":"scroll","background-type":"","background-media":"","overlay-type":"","overlay-color":"","overlay-opacity":"","overlay-gradient":""},"mobile":{"background-color":"","background-image":"","background-repeat":"repeat","background-position":"center center","background-size":"auto","background-attachment":"scroll","background-type":"","background-media":"","overlay-type":"","overlay-color":"","overlay-opacity":"","overlay-gradient":""}},"ast-content-background-meta":{"desktop":{"background-color":"var(--ast-global-color-5)","background-image":"","background-repeat":"repeat","background-position":"center center","background-size":"auto","background-attachment":"scroll","background-type":"","background-media":"","overlay-type":"","overlay-color":"","overlay-opacity":"","overlay-gradient":""},"tablet":{"background-color":"var(--ast-global-color-5)","background-image":"","background-repeat":"repeat","background-position":"center center","background-size":"auto","background-attachment":"scroll","background-type":"","background-media":"","overlay-type":"","overlay-color":"","overlay-opacity":"","overlay-gradient":""},"mobile":{"background-color":"var(--ast-global-color-5)","background-image":"","background-repeat":"repeat","background-position":"center center","background-size":"auto","background-attachment":"scroll","background-type":"","background-media":"","overlay-type":"","overlay-color":"","overlay-opacity":"","overlay-gradient":""}}},"product_brand":[163],"product_cat":[27,22],"product_tag":[],"class_list":{"0":"post-4174","1":"product","2":"type-product","3":"status-publish","4":"has-post-thumbnail","6":"product_brand-vigami","7":"product_cat-phan-bon-goc","8":"product_cat-phan-bon-la","9":"desktop-align-center","10":"tablet-align-left","11":"mobile-align-left","12":"ast-product-gallery-layout-horizontal-slider","13":"ast-product-gallery-with-no-image","14":"ast-product-tabs-layout-horizontal","16":"first","17":"instock","18":"shipping-taxable","19":"product-type-simple"},"_links":{"self":[{"href":"https:\/\/vietgiaminh.com.vn\/en\/wp-json\/wp\/v2\/product\/4174","targetHints":{"allow":["GET"]}}],"collection":[{"href":"https:\/\/vietgiaminh.com.vn\/en\/wp-json\/wp\/v2\/product"}],"about":[{"href":"https:\/\/vietgiaminh.com.vn\/en\/wp-json\/wp\/v2\/types\/product"}],"replies":[{"embeddable":true,"href":"https:\/\/vietgiaminh.com.vn\/en\/wp-json\/wp\/v2\/comments?post=4174"}],"wp:featuredmedia":[{"embeddable":true,"href":"https:\/\/vietgiaminh.com.vn\/en\/wp-json\/wp\/v2\/media\/4173"}],"wp:attachment":[{"href":"https:\/\/vietgiaminh.com.vn\/en\/wp-json\/wp\/v2\/media?parent=4174"}],"wp:term":[{"taxonomy":"product_brand","embeddable":true,"href":"https:\/\/vietgiaminh.com.vn\/en\/wp-json\/wp\/v2\/product_brand?post=4174"},{"taxonomy":"product_cat","embeddable":true,"href":"https:\/\/vietgiaminh.com.vn\/en\/wp-json\/wp\/v2\/product_cat?post=4174"},{"taxonomy":"product_tag","embeddable":true,"href":"https:\/\/vietgiaminh.com.vn\/en\/wp-json\/wp\/v2\/product_tag?post=4174"}],"curies":[{"name":"wp","href":"https:\/\/api.w.org\/{rel}","templated":true}]}}