{"id":4171,"date":"2025-09-10T17:06:50","date_gmt":"2025-09-10T10:06:50","guid":{"rendered":"https:\/\/vietgiaminh.com.vn\/?post_type=product&#038;p=4171"},"modified":"2025-09-11T09:10:41","modified_gmt":"2025-09-11T02:10:41","slug":"vigami-30-9-9","status":"publish","type":"product","link":"https:\/\/vietgiaminh.com.vn\/en\/product\/vigami-30-9-9\/","title":{"rendered":"VIGAMI\u00ae 30-9-9"},"content":{"rendered":"<p><strong>PH\u00c2N H\u1ed6N H\u1ee2P NPK VIGAMI\u00ae 30-9-9<\/strong><\/p>\n<p>Uses:<\/p>\n<ul>\n<li>K\u00e9o \u0111\u1ecdt c\u1ef1c sung &#8211; T\u01b0\u1ee3c d\u00e0i c\u1ef1c m\u1ea1nh<\/li>\n<li>Nh\u00fa hoa \u0111\u1ed3ng lo\u1ea1t &#8211; M\u1eadp ch\u1ed3i, xanh l\u00e1<\/li>\n<li>L\u00e1 b\u00f2ng m\u01b0\u1ee3t, d\u00e0y l\u00e1<\/li>\n<\/ul>\n<p>\u0110\u1eb7c \u0111i\u1ec3m s\u1ea3n ph\u1ea9m:<\/p>\n<ul>\n<li>\u0110\u01b0\u1ee3c s\u1ea3n xu\u1ea5t t\u1eeb ngu\u1ed3n nguy\u00ean li\u1ec7u c\u00f3 \u0111\u1ed9 tinh khi\u1ebft cao, tan ho\u00e0n to\u00e0n, c\u00f3 ch\u1ee9a h\u00e0m l\u01b0\u1ee3ng \u0111\u1ea1m cao, \u0111\u1eb7c bi\u1ec7t ch\u1ee9a c\u1ea3 hai lo\u1ea1i \u0111\u1ea1m qu\u00fd l\u00e0 \u0111\u1ea1m Amoni v\u00e0 \u0111am Nitrate.<\/li>\n<li>Ngo\u00e0i ra s\u1ea3n ph\u1ea9m c\u00f2n ch\u1ee9a L\u00e2n v\u00e0 Kali c\u00e2n b\u1eb1ng, \u0111\u00e2y l\u00e0 hai y\u1ebfu t\u1ed1 quan tr\u1ecdng trong qu\u00e1 tr\u00ecnh ph\u00e1t tri\u1ec3n c\u1ee7a c\u00e2y<\/li>\n<li>T\u0103ng s\u1ee9c s\u1ed1ng c\u1ee7a c\u00e2y, gi\u00fap \u0111\u00e2m ch\u1ed3i, \u0111\u1ebb nh\u00e1nh nhi\u1ec1u.<\/li>\n<li>T\u1ea1o b\u1ed9 l\u00e1 d\u00e0y, xanh, b\u00f3ng t\u0103ng kh\u1ea3 n\u0103ng quang h\u1ee3p, t\u0103ng c\u01b0\u1eddng trao \u0111\u1ed5i ch\u1ea5t<\/li>\n<li>T\u0103ng sinh kh\u1ed1i, r\u1ec5 nhi\u1ec1u, t\u0103ng kh\u1ea3 n\u0103ng ph\u1ee5c h\u1ed3i<\/li>\n<li>Gia t\u0103ng s\u1ee9c \u0111\u1ec1 kh\u00e1ng c\u1ee7a c\u00e2y, ch\u1ed1ng h\u1ea1n h\u00e1n, s\u00e2u b\u1ec7nh l\u00fac c\u00e2y sinh tr\u01b0\u1edfng v\u00e0 sau khi thu ho\u1ea1ch<\/li>\n<li>D\u00f9ng \u0111\u01b0\u1ee3c cho m\u1ecdi lo\u1ea1i c\u00e2y tr\u1ed3ng<\/li>\n<\/ul>","protected":false},"excerpt":{"rendered":"<p>PH\u00c2N H\u1ed6N H\u1ee2P NPK VIGAMI\u00ae 30-9-9 C\u00f4ng d\u1ee5ng: K\u00e9o \u0111\u1ecdt c\u1ef1c sung &#8211; T\u01b0\u1ee3c d\u00e0i c\u1ef1c m\u1ea1nh Nh\u00fa hoa \u0111\u1ed3ng lo\u1ea1t &#8211; M\u1eadp ch\u1ed3i, xanh l\u00e1 L\u00e1 b\u00f2ng m\u01b0\u1ee3t, d\u00e0y l\u00e1 \u0110\u1eb7c \u0111i\u1ec3m s\u1ea3n ph\u1ea9m: \u0110\u01b0\u1ee3c s\u1ea3n xu\u1ea5t t\u1eeb ngu\u1ed3n nguy\u00ean li\u1ec7u c\u00f3 \u0111\u1ed9 tinh khi\u1ebft cao, tan ho\u00e0n to\u00e0n, c\u00f3 ch\u1ee9a h\u00e0m l\u01b0\u1ee3ng \u0111\u1ea1m [&hellip;]<\/p>","protected":false},"featured_media":4172,"comment_status":"open","ping_status":"closed","template":"","meta":{"site-sidebar-layout":"default","site-content-layout":"","ast-site-content-layout":"default","site-content-style":"default","site-sidebar-style":"default","ast-global-header-display":"","ast-banner-title-visibility":"","ast-main-header-display":"","ast-hfb-above-header-display":"","ast-hfb-below-header-display":"","ast-hfb-mobile-header-display":"","site-post-title":"","ast-breadcrumbs-content":"","ast-featured-img":"","footer-sml-layout":"","theme-transparent-header-meta":"default","adv-header-id-meta":"","stick-header-meta":"default","header-above-stick-meta":"","header-main-stick-meta":"","header-below-stick-meta":"","astra-migrate-meta-layouts":"set","ast-page-background-enabled":"default","ast-page-background-meta":{"desktop":{"background-color":"var(--ast-global-color-4)","background-image":"","background-repeat":"repeat","background-position":"center center","background-size":"auto","background-attachment":"scroll","background-type":"","background-media":"","overlay-type":"","overlay-color":"","overlay-opacity":"","overlay-gradient":""},"tablet":{"background-color":"","background-image":"","background-repeat":"repeat","background-position":"center center","background-size":"auto","background-attachment":"scroll","background-type":"","background-media":"","overlay-type":"","overlay-color":"","overlay-opacity":"","overlay-gradient":""},"mobile":{"background-color":"","background-image":"","background-repeat":"repeat","background-position":"center center","background-size":"auto","background-attachment":"scroll","background-type":"","background-media":"","overlay-type":"","overlay-color":"","overlay-opacity":"","overlay-gradient":""}},"ast-content-background-meta":{"desktop":{"background-color":"var(--ast-global-color-5)","background-image":"","background-repeat":"repeat","background-position":"center center","background-size":"auto","background-attachment":"scroll","background-type":"","background-media":"","overlay-type":"","overlay-color":"","overlay-opacity":"","overlay-gradient":""},"tablet":{"background-color":"var(--ast-global-color-5)","background-image":"","background-repeat":"repeat","background-position":"center center","background-size":"auto","background-attachment":"scroll","background-type":"","background-media":"","overlay-type":"","overlay-color":"","overlay-opacity":"","overlay-gradient":""},"mobile":{"background-color":"var(--ast-global-color-5)","background-image":"","background-repeat":"repeat","background-position":"center center","background-size":"auto","background-attachment":"scroll","background-type":"","background-media":"","overlay-type":"","overlay-color":"","overlay-opacity":"","overlay-gradient":""}}},"product_brand":[163],"product_cat":[22],"product_tag":[],"class_list":{"0":"post-4171","1":"product","2":"type-product","3":"status-publish","4":"has-post-thumbnail","6":"product_brand-vigami","7":"product_cat-phan-bon-la","8":"desktop-align-center","9":"tablet-align-left","10":"mobile-align-left","11":"ast-product-gallery-layout-horizontal-slider","12":"ast-product-gallery-with-no-image","13":"ast-product-tabs-layout-horizontal","15":"first","16":"instock","17":"shipping-taxable","18":"product-type-simple"},"_links":{"self":[{"href":"https:\/\/vietgiaminh.com.vn\/en\/wp-json\/wp\/v2\/product\/4171","targetHints":{"allow":["GET"]}}],"collection":[{"href":"https:\/\/vietgiaminh.com.vn\/en\/wp-json\/wp\/v2\/product"}],"about":[{"href":"https:\/\/vietgiaminh.com.vn\/en\/wp-json\/wp\/v2\/types\/product"}],"replies":[{"embeddable":true,"href":"https:\/\/vietgiaminh.com.vn\/en\/wp-json\/wp\/v2\/comments?post=4171"}],"wp:featuredmedia":[{"embeddable":true,"href":"https:\/\/vietgiaminh.com.vn\/en\/wp-json\/wp\/v2\/media\/4172"}],"wp:attachment":[{"href":"https:\/\/vietgiaminh.com.vn\/en\/wp-json\/wp\/v2\/media?parent=4171"}],"wp:term":[{"taxonomy":"product_brand","embeddable":true,"href":"https:\/\/vietgiaminh.com.vn\/en\/wp-json\/wp\/v2\/product_brand?post=4171"},{"taxonomy":"product_cat","embeddable":true,"href":"https:\/\/vietgiaminh.com.vn\/en\/wp-json\/wp\/v2\/product_cat?post=4171"},{"taxonomy":"product_tag","embeddable":true,"href":"https:\/\/vietgiaminh.com.vn\/en\/wp-json\/wp\/v2\/product_tag?post=4171"}],"curies":[{"name":"wp","href":"https:\/\/api.w.org\/{rel}","templated":true}]}}