{"id":4128,"date":"2025-07-24T10:31:39","date_gmt":"2025-07-24T03:31:39","guid":{"rendered":"https:\/\/vietgiaminh.com.vn\/?post_type=product&#038;p=4128"},"modified":"2025-07-24T10:31:39","modified_gmt":"2025-07-24T03:31:39","slug":"vigami-kami-500ml","status":"publish","type":"product","link":"https:\/\/vietgiaminh.com.vn\/en\/product\/vigami-kami-500ml\/","title":{"rendered":"VIGAMI\u00ae KAMI 500ML"},"content":{"rendered":"<p><strong>VIGAMI\u00ae KAMI 500ML<\/strong><\/p>\n<p><em>Kh\u00f4ng c\u00f3 Clo &#8211; Kh\u00f4ng lo ch\u00e1y l\u00e1<\/em><\/p>\n<p><em>L\u00e1 \u0111\u00e0i xanh m\u01b0\u1edbt &#8211; G\u1ea1o v\u00f4 no n\u00f3c<\/em><\/p>\n<p>Uses:<\/p>\n<ul>\n<li>Nine sure to trust<\/li>\n<li>Nourishing seeds, brightening seeds<\/li>\n<li>T\u0103ng h\u1ea1t ch\u1eafc b\u00ean trong<\/li>\n<\/ul>\n<p>\u0110\u1eb7c \u0111i\u1ec3m<\/p>\n<ul>\n<li>L\u00e0 s\u1ea3n ph\u1ea9m chuy\u00ean bi\u1ec7t d\u00e0nh cho c\u00e2y l\u00faa trong giai \u0111o\u1ea1n t\u1ea1o h\u1ea1t. Gi\u00fap qu\u00e1 tr\u00ecnh chuy\u1ec3n h\u00f3a tinh b\u1ed9t di\u1ec5n ra m\u1ed9t c\u00e1ch nhanh ch\u00f3ng v\u00e0 m\u1ea1nh m\u1ebd<\/li>\n<li>D\u01b0\u1ee1ng l\u00e1 \u0111\u00f2ng, t\u0103ng chi\u1ec1u d\u00e0i b\u00f4ng, tr\u1ed5 b\u00f4ng \u0111\u1ed3ng lo\u1ea1t<\/li>\n<li>H\u1ea1t b\u00f3ng, s\u00e1ng, ch\u1eafc t\u1edbi c\u1eady<\/li>\n<li>C\u1ee9ng c\u00e2y, ch\u1ed1ng \u0111\u1ed7 ng\u00e3, gi\u1ea3m r\u1ee5ng, gi\u1ea3m l\u00e9p h\u1ea1t<\/li>\n<li>Helps increase plants&#039; resistance to adverse weather<\/li>\n<\/ul>","protected":false},"excerpt":{"rendered":"<p>VIGAMI\u00ae KAMI 500ML Kh\u00f4ng c\u00f3 Clo &#8211; Kh\u00f4ng lo ch\u00e1y l\u00e1 L\u00e1 \u0111\u00e0i xanh m\u01b0\u1edbt &#8211; G\u1ea1o v\u00f4 no n\u00f3c C\u00f4ng d\u1ee5ng: Ch\u00edn ch\u1eafc t\u1edbi c\u1eady D\u01b0\u1ee1ng h\u1ea1t, s\u00e1ng h\u1ea1t T\u0103ng h\u1ea1t ch\u1eafc b\u00ean trong \u0110\u1eb7c \u0111i\u1ec3m L\u00e0 s\u1ea3n ph\u1ea9m chuy\u00ean bi\u1ec7t d\u00e0nh cho c\u00e2y l\u00faa trong giai \u0111o\u1ea1n t\u1ea1o h\u1ea1t. Gi\u00fap qu\u00e1 tr\u00ecnh chuy\u1ec3n [&hellip;]<\/p>","protected":false},"featured_media":4132,"comment_status":"open","ping_status":"closed","template":"","meta":{"site-sidebar-layout":"default","site-content-layout":"","ast-site-content-layout":"default","site-content-style":"default","site-sidebar-style":"default","ast-global-header-display":"","ast-banner-title-visibility":"","ast-main-header-display":"","ast-hfb-above-header-display":"","ast-hfb-below-header-display":"","ast-hfb-mobile-header-display":"","site-post-title":"","ast-breadcrumbs-content":"","ast-featured-img":"","footer-sml-layout":"","theme-transparent-header-meta":"default","adv-header-id-meta":"","stick-header-meta":"default","header-above-stick-meta":"","header-main-stick-meta":"","header-below-stick-meta":"","astra-migrate-meta-layouts":"set","ast-page-background-enabled":"default","ast-page-background-meta":{"desktop":{"background-color":"var(--ast-global-color-4)","background-image":"","background-repeat":"repeat","background-position":"center center","background-size":"auto","background-attachment":"scroll","background-type":"","background-media":"","overlay-type":"","overlay-color":"","overlay-opacity":"","overlay-gradient":""},"tablet":{"background-color":"","background-image":"","background-repeat":"repeat","background-position":"center center","background-size":"auto","background-attachment":"scroll","background-type":"","background-media":"","overlay-type":"","overlay-color":"","overlay-opacity":"","overlay-gradient":""},"mobile":{"background-color":"","background-image":"","background-repeat":"repeat","background-position":"center center","background-size":"auto","background-attachment":"scroll","background-type":"","background-media":"","overlay-type":"","overlay-color":"","overlay-opacity":"","overlay-gradient":""}},"ast-content-background-meta":{"desktop":{"background-color":"var(--ast-global-color-5)","background-image":"","background-repeat":"repeat","background-position":"center center","background-size":"auto","background-attachment":"scroll","background-type":"","background-media":"","overlay-type":"","overlay-color":"","overlay-opacity":"","overlay-gradient":""},"tablet":{"background-color":"var(--ast-global-color-5)","background-image":"","background-repeat":"repeat","background-position":"center center","background-size":"auto","background-attachment":"scroll","background-type":"","background-media":"","overlay-type":"","overlay-color":"","overlay-opacity":"","overlay-gradient":""},"mobile":{"background-color":"var(--ast-global-color-5)","background-image":"","background-repeat":"repeat","background-position":"center center","background-size":"auto","background-attachment":"scroll","background-type":"","background-media":"","overlay-type":"","overlay-color":"","overlay-opacity":"","overlay-gradient":""}}},"product_brand":[163],"product_cat":[22,26],"product_tag":[],"class_list":{"0":"post-4128","1":"product","2":"type-product","3":"status-publish","4":"has-post-thumbnail","6":"product_brand-vigami","7":"product_cat-phan-bon-la","8":"product_cat-cay-lua","9":"desktop-align-center","10":"tablet-align-left","11":"mobile-align-left","12":"ast-product-gallery-layout-horizontal-slider","13":"ast-product-gallery-with-no-image","14":"ast-product-tabs-layout-horizontal","16":"first","17":"instock","18":"shipping-taxable","19":"product-type-simple"},"_links":{"self":[{"href":"https:\/\/vietgiaminh.com.vn\/en\/wp-json\/wp\/v2\/product\/4128","targetHints":{"allow":["GET"]}}],"collection":[{"href":"https:\/\/vietgiaminh.com.vn\/en\/wp-json\/wp\/v2\/product"}],"about":[{"href":"https:\/\/vietgiaminh.com.vn\/en\/wp-json\/wp\/v2\/types\/product"}],"replies":[{"embeddable":true,"href":"https:\/\/vietgiaminh.com.vn\/en\/wp-json\/wp\/v2\/comments?post=4128"}],"wp:featuredmedia":[{"embeddable":true,"href":"https:\/\/vietgiaminh.com.vn\/en\/wp-json\/wp\/v2\/media\/4132"}],"wp:attachment":[{"href":"https:\/\/vietgiaminh.com.vn\/en\/wp-json\/wp\/v2\/media?parent=4128"}],"wp:term":[{"taxonomy":"product_brand","embeddable":true,"href":"https:\/\/vietgiaminh.com.vn\/en\/wp-json\/wp\/v2\/product_brand?post=4128"},{"taxonomy":"product_cat","embeddable":true,"href":"https:\/\/vietgiaminh.com.vn\/en\/wp-json\/wp\/v2\/product_cat?post=4128"},{"taxonomy":"product_tag","embeddable":true,"href":"https:\/\/vietgiaminh.com.vn\/en\/wp-json\/wp\/v2\/product_tag?post=4128"}],"curies":[{"name":"wp","href":"https:\/\/api.w.org\/{rel}","templated":true}]}}