{"id":4114,"date":"2025-07-23T10:27:55","date_gmt":"2025-07-23T03:27:55","guid":{"rendered":"https:\/\/vietgiaminh.com.vn\/?post_type=product&#038;p=4114"},"modified":"2025-07-23T10:27:56","modified_gmt":"2025-07-23T03:27:56","slug":"cap-doi-cung-cay-de-nhanh","status":"publish","type":"product","link":"https:\/\/vietgiaminh.com.vn\/en\/product\/cap-doi-cung-cay-de-nhanh\/","title":{"rendered":"C\u1eb6P \u0110\u00d4I C\u1ee8NG C\u00c2Y \u0110\u1eba NH\u00c1NH"},"content":{"rendered":"<p>C\u1eb6P \u0110\u00d4I C\u1ee8NG C\u00c2Y \u0110\u1eba NH\u00c1NH<\/p>\n<ul>\n<li>D\u00e0y l\u00e1 xanh l\u00e1 \u0111\u1ee9ng l\u00e1<\/li>\n<li>M\u1eadp tim \u0111\u00e8n &#8211; H\u1ea1n ch\u1ebf \u0111\u1ed7 ng\u00e3<\/li>\n<li>Tu\u1ed9t l\u00e1 \u1ee7 &#8211; r\u1ec5 nhi\u1ec1u &#8211; c\u1ee9ng c\u00e2y &#8211; ng\u1eafn l\u00f3ng<\/li>\n<\/ul>\n<p><strong>1. VIGAMI\u00ae\u00a0 FOSK<\/strong><\/p>\n<ul>\n<li>H\u1ea1n ch\u1ebf ra r\u1ec5 c\u1ef1c m\u1ea1nh<\/li>\n<li>H\u1ea1n ch\u1ebf th\u1ed1i r\u1ec5<\/li>\n<li>Ph\u1ee5c h\u1ed3i b\u1ed9 r\u1ec5<\/li>\n<li>D\u00e0y l\u00e1 \u0111\u1ee9ng l\u00e1<\/li>\n<li>K\u00edch kh\u00e1ng ch\u1ee7 \u0111\u1ed9ng<\/li>\n<li>H\u1ed7 tr\u1ee3 gi\u1ea3m thu\u1ed1c BVTV<\/li>\n<li>\u0110\u00f2ng to, tim \u0111\u00e8n non<\/li>\n<\/ul>\n<p><strong>2. VIGAMI\u00ae POTAS<\/strong><\/p>\n<ul>\n<li>M\u1eadp tim \u0111\u00e8n<\/li>\n<li>H\u1ea1n ch\u1ebf \u0111\u1ed7 ng\u00e3<\/li>\n<li>Leaves falling off - many roots<\/li>\n<li>Stiff plant \u2013 short internodes<\/li>\n<li>D\u00e0y l\u00e1 xanh l\u00e1 \u0111\u1ee9ng l\u00e1<\/li>\n<li>T\u1eadp trung dinh d\u01b0\u1ee1ng v\u00e0o b\u00f4ng, h\u1ea1t<\/li>\n<li>R\u1ec5 ra nhi\u1ec1u, m\u1eadp th\u00e2n, t\u0103ng s\u1ee9c ch\u1ed1ng ch\u1ecbu gi\u00f3<\/li>\n<\/ul>\n<p>&nbsp;<\/p>","protected":false},"excerpt":{"rendered":"<p>C\u1eb6P \u0110\u00d4I C\u1ee8NG C\u00c2Y \u0110\u1eba NH\u00c1NH D\u00e0y l\u00e1 xanh l\u00e1 \u0111\u1ee9ng l\u00e1 M\u1eadp tim \u0111\u00e8n &#8211; H\u1ea1n ch\u1ebf \u0111\u1ed7 ng\u00e3 Tu\u1ed9t l\u00e1 \u1ee7 &#8211; r\u1ec5 nhi\u1ec1u &#8211; c\u1ee9ng c\u00e2y &#8211; ng\u1eafn l\u00f3ng 1. VIGAMI\u00ae\u00a0 FOSK H\u1ea1n ch\u1ebf ra r\u1ec5 c\u1ef1c m\u1ea1nh H\u1ea1n ch\u1ebf th\u1ed1i r\u1ec5 Ph\u1ee5c h\u1ed3i b\u1ed9 r\u1ec5 D\u00e0y l\u00e1 \u0111\u1ee9ng l\u00e1 K\u00edch kh\u00e1ng [&hellip;]<\/p>","protected":false},"featured_media":4118,"comment_status":"open","ping_status":"closed","template":"","meta":{"site-sidebar-layout":"default","site-content-layout":"","ast-site-content-layout":"default","site-content-style":"default","site-sidebar-style":"default","ast-global-header-display":"","ast-banner-title-visibility":"","ast-main-header-display":"","ast-hfb-above-header-display":"","ast-hfb-below-header-display":"","ast-hfb-mobile-header-display":"","site-post-title":"","ast-breadcrumbs-content":"","ast-featured-img":"","footer-sml-layout":"","theme-transparent-header-meta":"default","adv-header-id-meta":"","stick-header-meta":"default","header-above-stick-meta":"","header-main-stick-meta":"","header-below-stick-meta":"","astra-migrate-meta-layouts":"set","ast-page-background-enabled":"default","ast-page-background-meta":{"desktop":{"background-color":"var(--ast-global-color-4)","background-image":"","background-repeat":"repeat","background-position":"center center","background-size":"auto","background-attachment":"scroll","background-type":"","background-media":"","overlay-type":"","overlay-color":"","overlay-opacity":"","overlay-gradient":""},"tablet":{"background-color":"","background-image":"","background-repeat":"repeat","background-position":"center center","background-size":"auto","background-attachment":"scroll","background-type":"","background-media":"","overlay-type":"","overlay-color":"","overlay-opacity":"","overlay-gradient":""},"mobile":{"background-color":"","background-image":"","background-repeat":"repeat","background-position":"center center","background-size":"auto","background-attachment":"scroll","background-type":"","background-media":"","overlay-type":"","overlay-color":"","overlay-opacity":"","overlay-gradient":""}},"ast-content-background-meta":{"desktop":{"background-color":"var(--ast-global-color-5)","background-image":"","background-repeat":"repeat","background-position":"center center","background-size":"auto","background-attachment":"scroll","background-type":"","background-media":"","overlay-type":"","overlay-color":"","overlay-opacity":"","overlay-gradient":""},"tablet":{"background-color":"var(--ast-global-color-5)","background-image":"","background-repeat":"repeat","background-position":"center center","background-size":"auto","background-attachment":"scroll","background-type":"","background-media":"","overlay-type":"","overlay-color":"","overlay-opacity":"","overlay-gradient":""},"mobile":{"background-color":"var(--ast-global-color-5)","background-image":"","background-repeat":"repeat","background-position":"center center","background-size":"auto","background-attachment":"scroll","background-type":"","background-media":"","overlay-type":"","overlay-color":"","overlay-opacity":"","overlay-gradient":""}}},"product_brand":[163],"product_cat":[22,26],"product_tag":[],"class_list":{"0":"post-4114","1":"product","2":"type-product","3":"status-publish","4":"has-post-thumbnail","6":"product_brand-vigami","7":"product_cat-phan-bon-la","8":"product_cat-cay-lua","9":"desktop-align-center","10":"tablet-align-left","11":"mobile-align-left","12":"ast-product-gallery-layout-horizontal-slider","13":"ast-product-tabs-layout-horizontal","15":"first","16":"instock","17":"shipping-taxable","18":"product-type-simple"},"_links":{"self":[{"href":"https:\/\/vietgiaminh.com.vn\/en\/wp-json\/wp\/v2\/product\/4114","targetHints":{"allow":["GET"]}}],"collection":[{"href":"https:\/\/vietgiaminh.com.vn\/en\/wp-json\/wp\/v2\/product"}],"about":[{"href":"https:\/\/vietgiaminh.com.vn\/en\/wp-json\/wp\/v2\/types\/product"}],"replies":[{"embeddable":true,"href":"https:\/\/vietgiaminh.com.vn\/en\/wp-json\/wp\/v2\/comments?post=4114"}],"wp:featuredmedia":[{"embeddable":true,"href":"https:\/\/vietgiaminh.com.vn\/en\/wp-json\/wp\/v2\/media\/4118"}],"wp:attachment":[{"href":"https:\/\/vietgiaminh.com.vn\/en\/wp-json\/wp\/v2\/media?parent=4114"}],"wp:term":[{"taxonomy":"product_brand","embeddable":true,"href":"https:\/\/vietgiaminh.com.vn\/en\/wp-json\/wp\/v2\/product_brand?post=4114"},{"taxonomy":"product_cat","embeddable":true,"href":"https:\/\/vietgiaminh.com.vn\/en\/wp-json\/wp\/v2\/product_cat?post=4114"},{"taxonomy":"product_tag","embeddable":true,"href":"https:\/\/vietgiaminh.com.vn\/en\/wp-json\/wp\/v2\/product_tag?post=4114"}],"curies":[{"name":"wp","href":"https:\/\/api.w.org\/{rel}","templated":true}]}}