{"id":4108,"date":"2025-07-23T10:02:59","date_gmt":"2025-07-23T03:02:59","guid":{"rendered":"https:\/\/vietgiaminh.com.vn\/?post_type=product&#038;p=4108"},"modified":"2025-07-23T10:02:59","modified_gmt":"2025-07-23T03:02:59","slug":"cap-doi-to-dong-tro-thoat","status":"publish","type":"product","link":"https:\/\/vietgiaminh.com.vn\/en\/product\/cap-doi-to-dong-tro-thoat\/","title":{"rendered":"C\u1eb6P \u0110\u00d4I TO \u0110\u00d2NG &#8211; TR\u1ed4 THO\u00c1T"},"content":{"rendered":"<p>C\u1eb6P \u0110\u00d4I TO \u0110\u00d2NG &#8211; TR\u1ed4 THO\u00c1T<\/p>\n<p>Uses:<\/p>\n<ul>\n<li>Increase pollination \u2013 Increase pollen vigor<\/li>\n<li>D\u00e0i b\u00f4ng, nhi\u1ec1u h\u1ea1t, t\u0103ng n\u0103ng su\u1ea5t<\/li>\n<li>To \u0111\u00f2ng &#8211; Tr\u1ed5 \u0111\u1ed3ng lo\u1ea1t<\/li>\n<\/ul>\n<p><strong>1.\u00a0 VIGAMI\u00ae FOSK<\/strong><\/p>\n<ul>\n<li>B\u1ed5 sung c\u00e1c ch\u1ea5t dinh d\u01b0\u1ee1ng d\u01b0\u1edbi d\u1ea1ng ho\u1ea1t h\u00f3a t\u1ea1o \u0111i\u1ec1u ki\u1ec7n cho c\u00e2y l\u00faa h\u1ea5p thu d\u1ec5 d\u00e0ng<\/li>\n<li>Increase pollination ability<\/li>\n<li>Tim \u0111\u00e8n m\u1eadp, to \u0111\u00f2ng, tr\u1ed5 m\u1ea1nh v\u00e0 \u0111\u1ed3ng lo\u1ea1t<\/li>\n<li>Limit falls<\/li>\n<li>Helps plants increase resistance and increase resistance to adverse weather<\/li>\n<\/ul>\n<p><strong>2. KHANG \u0110I\u1ec0N TC06 15-30-15<\/strong><\/p>\n<ul>\n<li>Phun v\u00e0o giai \u0111o\u1ea1n l\u00faa tr\u01b0\u1edbc tr\u1ed5, gi\u00fap c\u1ee9ng c\u00e2y, xanh l\u00e1. H\u1ed7 tr\u1ee3 ng\u0103n ng\u1eeba b\u1ec7nh v\u00e0ng l\u00e1, suy dinh d\u01b0\u1ee1ng, thi\u1ebfu ch\u1ea5t<\/li>\n<li>Phun v\u00e0o giai \u0111o\u1ea1n sau tr\u1ed5 gi\u00fap nu\u00f4i \u0111\u00f2ng, d\u01b0\u1ee1ng b\u00f4ng, t\u0103ng s\u1ed1 l\u01b0\u1ee3ng h\u1ea1t ch\u1eafc<\/li>\n<li>Phun v\u00e0o giai \u0111o\u1ea1n cu\u1ed1i b\u00f4ng gi\u00fap c\u00e2y l\u00faa v\u00f4 g\u1ea1o nhanh, ch\u1eafc v\u00e0 ch\u00edn t\u1edbi c\u1eady, n\u1eb7ng k\u00fd, ng\u0103n ng\u1eeba hi\u1ec7n t\u01b0\u1ee3ng l\u00e9p v\u00e0ng &#8211; l\u00e9p \u0111en<\/li>\n<li>Gi\u00fap t\u0103ng n\u0103ng su\u1ea5t \u0111\u1ea1t ch\u1ea5t l\u01b0\u1ee3ng xu\u1ea5t kh\u1ea9u<\/li>\n<\/ul>\n<p>&nbsp;<\/p>","protected":false},"excerpt":{"rendered":"<p>C\u1eb6P \u0110\u00d4I TO \u0110\u00d2NG &#8211; TR\u1ed4 THO\u00c1T C\u00f4ng d\u1ee5ng: T\u0103ng th\u1ee5 ph\u1ea5n &#8211; T\u0103ng s\u1ee9c s\u1ed1ng h\u1ea1t ph\u1ea5n D\u00e0i b\u00f4ng, nhi\u1ec1u h\u1ea1t, t\u0103ng n\u0103ng su\u1ea5t To \u0111\u00f2ng &#8211; Tr\u1ed5 \u0111\u1ed3ng lo\u1ea1t 1.\u00a0 VIGAMI\u00ae FOSK B\u1ed5 sung c\u00e1c ch\u1ea5t dinh d\u01b0\u1ee1ng d\u01b0\u1edbi d\u1ea1ng ho\u1ea1t h\u00f3a t\u1ea1o \u0111i\u1ec1u ki\u1ec7n cho c\u00e2y l\u00faa h\u1ea5p thu d\u1ec5 d\u00e0ng T\u0103ng [&hellip;]<\/p>","protected":false},"featured_media":4113,"comment_status":"open","ping_status":"closed","template":"","meta":{"site-sidebar-layout":"default","site-content-layout":"","ast-site-content-layout":"default","site-content-style":"default","site-sidebar-style":"default","ast-global-header-display":"","ast-banner-title-visibility":"","ast-main-header-display":"","ast-hfb-above-header-display":"","ast-hfb-below-header-display":"","ast-hfb-mobile-header-display":"","site-post-title":"","ast-breadcrumbs-content":"","ast-featured-img":"","footer-sml-layout":"","theme-transparent-header-meta":"default","adv-header-id-meta":"","stick-header-meta":"default","header-above-stick-meta":"","header-main-stick-meta":"","header-below-stick-meta":"","astra-migrate-meta-layouts":"set","ast-page-background-enabled":"default","ast-page-background-meta":{"desktop":{"background-color":"var(--ast-global-color-4)","background-image":"","background-repeat":"repeat","background-position":"center center","background-size":"auto","background-attachment":"scroll","background-type":"","background-media":"","overlay-type":"","overlay-color":"","overlay-opacity":"","overlay-gradient":""},"tablet":{"background-color":"","background-image":"","background-repeat":"repeat","background-position":"center center","background-size":"auto","background-attachment":"scroll","background-type":"","background-media":"","overlay-type":"","overlay-color":"","overlay-opacity":"","overlay-gradient":""},"mobile":{"background-color":"","background-image":"","background-repeat":"repeat","background-position":"center center","background-size":"auto","background-attachment":"scroll","background-type":"","background-media":"","overlay-type":"","overlay-color":"","overlay-opacity":"","overlay-gradient":""}},"ast-content-background-meta":{"desktop":{"background-color":"var(--ast-global-color-5)","background-image":"","background-repeat":"repeat","background-position":"center center","background-size":"auto","background-attachment":"scroll","background-type":"","background-media":"","overlay-type":"","overlay-color":"","overlay-opacity":"","overlay-gradient":""},"tablet":{"background-color":"var(--ast-global-color-5)","background-image":"","background-repeat":"repeat","background-position":"center center","background-size":"auto","background-attachment":"scroll","background-type":"","background-media":"","overlay-type":"","overlay-color":"","overlay-opacity":"","overlay-gradient":""},"mobile":{"background-color":"var(--ast-global-color-5)","background-image":"","background-repeat":"repeat","background-position":"center center","background-size":"auto","background-attachment":"scroll","background-type":"","background-media":"","overlay-type":"","overlay-color":"","overlay-opacity":"","overlay-gradient":""}}},"product_brand":[163],"product_cat":[26,22],"product_tag":[],"class_list":{"0":"post-4108","1":"product","2":"type-product","3":"status-publish","4":"has-post-thumbnail","6":"product_brand-vigami","7":"product_cat-cay-lua","8":"product_cat-phan-bon-la","9":"desktop-align-center","10":"tablet-align-left","11":"mobile-align-left","12":"ast-product-gallery-layout-horizontal-slider","13":"ast-product-tabs-layout-horizontal","15":"first","16":"instock","17":"shipping-taxable","18":"product-type-simple"},"_links":{"self":[{"href":"https:\/\/vietgiaminh.com.vn\/en\/wp-json\/wp\/v2\/product\/4108","targetHints":{"allow":["GET"]}}],"collection":[{"href":"https:\/\/vietgiaminh.com.vn\/en\/wp-json\/wp\/v2\/product"}],"about":[{"href":"https:\/\/vietgiaminh.com.vn\/en\/wp-json\/wp\/v2\/types\/product"}],"replies":[{"embeddable":true,"href":"https:\/\/vietgiaminh.com.vn\/en\/wp-json\/wp\/v2\/comments?post=4108"}],"wp:featuredmedia":[{"embeddable":true,"href":"https:\/\/vietgiaminh.com.vn\/en\/wp-json\/wp\/v2\/media\/4113"}],"wp:attachment":[{"href":"https:\/\/vietgiaminh.com.vn\/en\/wp-json\/wp\/v2\/media?parent=4108"}],"wp:term":[{"taxonomy":"product_brand","embeddable":true,"href":"https:\/\/vietgiaminh.com.vn\/en\/wp-json\/wp\/v2\/product_brand?post=4108"},{"taxonomy":"product_cat","embeddable":true,"href":"https:\/\/vietgiaminh.com.vn\/en\/wp-json\/wp\/v2\/product_cat?post=4108"},{"taxonomy":"product_tag","embeddable":true,"href":"https:\/\/vietgiaminh.com.vn\/en\/wp-json\/wp\/v2\/product_tag?post=4108"}],"curies":[{"name":"wp","href":"https:\/\/api.w.org\/{rel}","templated":true}]}}