{"id":4104,"date":"2025-07-23T09:38:35","date_gmt":"2025-07-23T02:38:35","guid":{"rendered":"https:\/\/vietgiaminh.com.vn\/?post_type=product&#038;p=4104"},"modified":"2025-07-23T09:38:35","modified_gmt":"2025-07-23T02:38:35","slug":"cap-doi-vo-gao-than-toc","status":"publish","type":"product","link":"https:\/\/vietgiaminh.com.vn\/en\/product\/cap-doi-vo-gao-than-toc\/","title":{"rendered":"C\u1eb6P \u0110\u00d4I V\u00d4 G\u1ea0O TH\u1ea6N T\u1ed0C"},"content":{"rendered":"<p><strong>C\u1eb6P \u0110\u00d4I V\u00d4 G\u1ea0O TH\u1ea6N T\u1ed0C<\/strong><\/p>\n<p><em>V\u00f4 g\u1ea1o tuy\u1ec7t chi\u00eau &#8211; v\u00f4 g\u1ea1o s\u1ed1 1<\/em><\/p>\n<p>c\u00f4ng d\u1ee5ng:<\/p>\n<ul>\n<li>Nine sure to trust<\/li>\n<li>Nourishing seeds, brightening seeds<\/li>\n<li>Increase firm seed on cotton<\/li>\n<\/ul>\n<p><strong>1. VIGAMI\u00ae KAMI V\u00d4 G\u1ea0O<\/strong> &#8211; L\u00faa s\u00e1ng ch\u1eafc, b\u1ed9 l\u00e1 \u0111\u00f2ng xanh m\u01b0\u1edbt<\/p>\n<ul>\n<li>L\u00e0 gi\u1ea3i ph\u00e1p to\u00e0n di\u1ec7n cho c\u00e2y l\u00faa \u1edf c\u00e1c giai \u0111o\u1ea1n, \u0111\u1eb7c bi\u1ec7t l\u00e0 giai \u0111o\u1ea1n t\u1ea1o h\u1ea1t<\/li>\n<li>Providing nutrients in a highly activated form allows rice plants to absorb them easily<\/li>\n<li>Gi\u00fap \u0111\u00f2ng m\u1eadp, b\u00f4ng d\u00e0i, tr\u1ed5 t\u1eadp trung<\/li>\n<li>L\u00e1 \u0111\u00f2ng xanh b\u1ec1n, l\u00faa t\u01b0\u01a1i n\u1eb7ng k\u00fd<\/li>\n<li>Nhi\u1ec1u nhanh mang b\u00f4ng, t\u0103ng th\u1ee5 ph\u1ea5n<\/li>\n<li>Tr\u1ed5 b\u00f4ng \u0111\u1ed3ng lo\u1ea1t<\/li>\n<li>V\u00f4 g\u1ea1o nhanh, ch\u00edn nhanh, ch\u00edn ch\u1eafc t\u1edbi c\u1eady<\/li>\n<li>Gi\u00fap l\u00faa t\u0103ng s\u1ee9c \u0111\u1ec1 kh\u00e1ng, kh\u1ea3 n\u0103ng ch\u1ed1ng ch\u1ecbu tr\u01b0\u1edbc th\u1eddi ti\u1ebft b\u1ea5t l\u1ee3i<\/li>\n<\/ul>\n<p><strong>2. VIGAMI\u00ae AMINO ACID<\/strong> &#8211; S\u00e1ng ch\u1eafc, b\u1ed9 l\u00e1 \u0111\u00f2ng xanh m\u01b0\u1edbt<\/p>\n<ul>\n<li>T\u0103ng kh\u1ea3 n\u0103ng ch\u1ecbu h\u1ea1n, t\u0103ng s\u1ee9c ch\u1ed1ng ch\u1ecbu v\u1edbi th\u1eddi ti\u1ebft b\u1ea5t l\u1ee3i<\/li>\n<li>T\u0103ng c\u01b0\u1eddng kh\u1ea3 n\u0103ng trao \u0111\u1ed5i ch\u1ea5t trong c\u00e2y<\/li>\n<li>T\u0103ng kh\u1ea3 n\u0103ng h\u1ea5p th\u1ee5 dinh d\u01b0\u1ee1ng v\u00e0 t\u00e1i t\u1ea1o h\u1ec7 r\u1ec5 m\u1edbi<\/li>\n<li>T\u0103ng kh\u1ea3 n\u0103ng n\u1ea3y m\u1ea7m c\u1ee7a h\u1ea1t, t\u0103ng kh\u1ea3 n\u0103ng th\u1ee5 ph\u1ea5n<\/li>\n<li>T\u0103ng kh\u1ea3 n\u0103ng quang h\u1ee3p, t\u0103ng di\u1ec7p l\u1ee5c t\u1ed1, t\u0103ng c\u01b0\u1eddng ch\u1ee9c n\u0103ng kh\u00ed kh\u1ed5ng<\/li>\n<li>Gi\u00fap xanh l\u00e1, d\u00e0y l\u00e1, b\u00f3ng l\u00e1<\/li>\n<li>K\u00edch th\u00edch c\u00e2y ra b\u00f4ng \u0111\u1ec1u, ra b\u00f4ng t\u1eadp trung, b\u00f4ng l\u1edbn<\/li>\n<li>Ch\u1ed1ng r\u1ee5ng tr\u00e1i non, t\u0103ng \u0111\u1eadu qu\u1ea3, tr\u00e1i l\u1edbn nhanh, b\u00f3ng \u0111\u1eb9p, l\u00e0m t\u0103ng \u0111\u1ed9 ng\u1ecdt c\u1ee7a tr\u00e1i, tr\u00e1i to, qu\u1ea3 m\u1ecdng<\/li>\n<li>Th\u00fac \u0111\u1ea9y c\u00e2y con ph\u00e1t tri\u1ec3n nhanh, k\u00edch ra b\u00f4ng s\u01a1m, c\u00e2y nhi\u1ec1u b\u00f4ng, b\u00f4ng l\u1edbn, m\u00e0u \u0111\u1eb9p, l\u00e2u h\u00e9o, l\u00e2u r\u1ee5ng<\/li>\n<li>Gi\u00fap t\u0103ng s\u1ea3n l\u01b0\u1ee3ng c\u00e2y tr\u1ed3ng<\/li>\n<\/ul>\n<p>&nbsp;<\/p>","protected":false},"excerpt":{"rendered":"<p>C\u1eb6P \u0110\u00d4I V\u00d4 G\u1ea0O TH\u1ea6N T\u1ed0C V\u00f4 g\u1ea1o tuy\u1ec7t chi\u00eau &#8211; v\u00f4 g\u1ea1o s\u1ed1 1 c\u00f4ng d\u1ee5ng: Ch\u00edn ch\u1eafc t\u1edbi c\u1eady D\u01b0\u1ee1ng h\u1ea1t, s\u00e1ng h\u1ea1t T\u0103ng h\u1ea1t ch\u1eafc tr\u00ean b\u00f4ng 1. VIGAMI\u00ae KAMI V\u00d4 G\u1ea0O &#8211; L\u00faa s\u00e1ng ch\u1eafc, b\u1ed9 l\u00e1 \u0111\u00f2ng xanh m\u01b0\u1edbt L\u00e0 gi\u1ea3i ph\u00e1p to\u00e0n di\u1ec7n cho c\u00e2y l\u00faa \u1edf c\u00e1c giai [&hellip;]<\/p>","protected":false},"featured_media":4107,"comment_status":"open","ping_status":"closed","template":"","meta":{"site-sidebar-layout":"default","site-content-layout":"","ast-site-content-layout":"default","site-content-style":"default","site-sidebar-style":"default","ast-global-header-display":"","ast-banner-title-visibility":"","ast-main-header-display":"","ast-hfb-above-header-display":"","ast-hfb-below-header-display":"","ast-hfb-mobile-header-display":"","site-post-title":"","ast-breadcrumbs-content":"","ast-featured-img":"","footer-sml-layout":"","theme-transparent-header-meta":"default","adv-header-id-meta":"","stick-header-meta":"default","header-above-stick-meta":"","header-main-stick-meta":"","header-below-stick-meta":"","astra-migrate-meta-layouts":"set","ast-page-background-enabled":"default","ast-page-background-meta":{"desktop":{"background-color":"var(--ast-global-color-4)","background-image":"","background-repeat":"repeat","background-position":"center center","background-size":"auto","background-attachment":"scroll","background-type":"","background-media":"","overlay-type":"","overlay-color":"","overlay-opacity":"","overlay-gradient":""},"tablet":{"background-color":"","background-image":"","background-repeat":"repeat","background-position":"center center","background-size":"auto","background-attachment":"scroll","background-type":"","background-media":"","overlay-type":"","overlay-color":"","overlay-opacity":"","overlay-gradient":""},"mobile":{"background-color":"","background-image":"","background-repeat":"repeat","background-position":"center center","background-size":"auto","background-attachment":"scroll","background-type":"","background-media":"","overlay-type":"","overlay-color":"","overlay-opacity":"","overlay-gradient":""}},"ast-content-background-meta":{"desktop":{"background-color":"var(--ast-global-color-5)","background-image":"","background-repeat":"repeat","background-position":"center center","background-size":"auto","background-attachment":"scroll","background-type":"","background-media":"","overlay-type":"","overlay-color":"","overlay-opacity":"","overlay-gradient":""},"tablet":{"background-color":"var(--ast-global-color-5)","background-image":"","background-repeat":"repeat","background-position":"center center","background-size":"auto","background-attachment":"scroll","background-type":"","background-media":"","overlay-type":"","overlay-color":"","overlay-opacity":"","overlay-gradient":""},"mobile":{"background-color":"var(--ast-global-color-5)","background-image":"","background-repeat":"repeat","background-position":"center center","background-size":"auto","background-attachment":"scroll","background-type":"","background-media":"","overlay-type":"","overlay-color":"","overlay-opacity":"","overlay-gradient":""}}},"product_brand":[163],"product_cat":[22,26],"product_tag":[],"class_list":{"0":"post-4104","1":"product","2":"type-product","3":"status-publish","4":"has-post-thumbnail","6":"product_brand-vigami","7":"product_cat-phan-bon-la","8":"product_cat-cay-lua","9":"desktop-align-center","10":"tablet-align-left","11":"mobile-align-left","12":"ast-product-gallery-layout-horizontal-slider","13":"ast-product-tabs-layout-horizontal","15":"first","16":"instock","17":"shipping-taxable","18":"product-type-simple"},"_links":{"self":[{"href":"https:\/\/vietgiaminh.com.vn\/en\/wp-json\/wp\/v2\/product\/4104","targetHints":{"allow":["GET"]}}],"collection":[{"href":"https:\/\/vietgiaminh.com.vn\/en\/wp-json\/wp\/v2\/product"}],"about":[{"href":"https:\/\/vietgiaminh.com.vn\/en\/wp-json\/wp\/v2\/types\/product"}],"replies":[{"embeddable":true,"href":"https:\/\/vietgiaminh.com.vn\/en\/wp-json\/wp\/v2\/comments?post=4104"}],"wp:featuredmedia":[{"embeddable":true,"href":"https:\/\/vietgiaminh.com.vn\/en\/wp-json\/wp\/v2\/media\/4107"}],"wp:attachment":[{"href":"https:\/\/vietgiaminh.com.vn\/en\/wp-json\/wp\/v2\/media?parent=4104"}],"wp:term":[{"taxonomy":"product_brand","embeddable":true,"href":"https:\/\/vietgiaminh.com.vn\/en\/wp-json\/wp\/v2\/product_brand?post=4104"},{"taxonomy":"product_cat","embeddable":true,"href":"https:\/\/vietgiaminh.com.vn\/en\/wp-json\/wp\/v2\/product_cat?post=4104"},{"taxonomy":"product_tag","embeddable":true,"href":"https:\/\/vietgiaminh.com.vn\/en\/wp-json\/wp\/v2\/product_tag?post=4104"}],"curies":[{"name":"wp","href":"https:\/\/api.w.org\/{rel}","templated":true}]}}