{"id":4099,"date":"2025-07-18T15:15:15","date_gmt":"2025-07-18T08:15:15","guid":{"rendered":"https:\/\/vietgiaminh.com.vn\/?post_type=product&#038;p=4099"},"modified":"2025-07-21T15:19:48","modified_gmt":"2025-07-21T08:19:48","slug":"mag-green-xanh-duong-25kg","status":"publish","type":"product","link":"https:\/\/vietgiaminh.com.vn\/en\/product\/mag-green-xanh-duong-25kg\/","title":{"rendered":"MAG GREEN (XANH D\u01af\u01a0NG) 25KG"},"content":{"rendered":"<p>PH\u00c2N B\u00d3N TRUNG L\u01af\u1ee2NG MAG GREEN<\/p>\n<p>\u0110\u1eb7c \u0111i\u1ec3m s\u1ea3n ph\u1ea9m:<\/p>\n<ul>\n<li>T\u0103ng sinh ch\u1ed3i non, ph\u00e1t ch\u1ed3i, m\u1eadp c\u00e2y<\/li>\n<li>T\u0103ng di\u1ec7p l\u1ee5c t\u1ed1 gi\u00fap xanh l\u00e1, d\u00e0y l\u00e1<\/li>\n<li>T\u0103ng t\u1ed5ng h\u1ee3p dinh d\u01b0\u1ee1ng, t\u0103ng sinh kh\u1ed1i<\/li>\n<li>Ch\u1ed1ng v\u00e0ng l\u00e1, xo\u0103n l\u00e1, thun \u0111\u1ecdt non<\/li>\n<li>Ch\u1ed1ng ch\u1ecbu t\u1ed1t v\u1edbi kh\u00f4 h\u1ea1n &#8211; n\u00f3ng &#8211; l\u1ea1nh<\/li>\n<\/ul>\n<p>Uses:<\/p>\n<ul>\n<li>L\u00ean c\u01a1m, h\u1ea1n ch\u1ebf s\u01b0\u1ee3ng<\/li>\n<li>T\u1ea1o m\u00f9i, t\u0103ng \u0111\u1ed9 ng\u1ecdt tr\u00e1i<\/li>\n<li>xanh da, b\u00f3ng tr\u00e1i, \u0111\u1eb9ho\u1ea1ch<\/li>\n<\/ul>\n<p>&nbsp;<\/p>","protected":false},"excerpt":{"rendered":"<p>PH\u00c2N B\u00d3N TRUNG L\u01af\u1ee2NG MAG GREEN \u0110\u1eb7c \u0111i\u1ec3m s\u1ea3n ph\u1ea9m: T\u0103ng sinh ch\u1ed3i non, ph\u00e1t ch\u1ed3i, m\u1eadp c\u00e2y T\u0103ng di\u1ec7p l\u1ee5c t\u1ed1 gi\u00fap xanh l\u00e1, d\u00e0y l\u00e1 T\u0103ng t\u1ed5ng h\u1ee3p dinh d\u01b0\u1ee1ng, t\u0103ng sinh kh\u1ed1i Ch\u1ed1ng v\u00e0ng l\u00e1, xo\u0103n l\u00e1, thun \u0111\u1ecdt non Ch\u1ed1ng ch\u1ecbu t\u1ed1t v\u1edbi kh\u00f4 h\u1ea1n &#8211; n\u00f3ng &#8211; l\u1ea1nh C\u00f4ng d\u1ee5ng: [&hellip;]<\/p>","protected":false},"featured_media":4103,"comment_status":"open","ping_status":"closed","template":"","meta":{"site-sidebar-layout":"default","site-content-layout":"","ast-site-content-layout":"default","site-content-style":"default","site-sidebar-style":"default","ast-global-header-display":"","ast-banner-title-visibility":"","ast-main-header-display":"","ast-hfb-above-header-display":"","ast-hfb-below-header-display":"","ast-hfb-mobile-header-display":"","site-post-title":"","ast-breadcrumbs-content":"","ast-featured-img":"","footer-sml-layout":"","theme-transparent-header-meta":"default","adv-header-id-meta":"","stick-header-meta":"default","header-above-stick-meta":"","header-main-stick-meta":"","header-below-stick-meta":"","astra-migrate-meta-layouts":"set","ast-page-background-enabled":"default","ast-page-background-meta":{"desktop":{"background-color":"var(--ast-global-color-4)","background-image":"","background-repeat":"repeat","background-position":"center center","background-size":"auto","background-attachment":"scroll","background-type":"","background-media":"","overlay-type":"","overlay-color":"","overlay-opacity":"","overlay-gradient":""},"tablet":{"background-color":"","background-image":"","background-repeat":"repeat","background-position":"center center","background-size":"auto","background-attachment":"scroll","background-type":"","background-media":"","overlay-type":"","overlay-color":"","overlay-opacity":"","overlay-gradient":""},"mobile":{"background-color":"","background-image":"","background-repeat":"repeat","background-position":"center center","background-size":"auto","background-attachment":"scroll","background-type":"","background-media":"","overlay-type":"","overlay-color":"","overlay-opacity":"","overlay-gradient":""}},"ast-content-background-meta":{"desktop":{"background-color":"var(--ast-global-color-5)","background-image":"","background-repeat":"repeat","background-position":"center center","background-size":"auto","background-attachment":"scroll","background-type":"","background-media":"","overlay-type":"","overlay-color":"","overlay-opacity":"","overlay-gradient":""},"tablet":{"background-color":"var(--ast-global-color-5)","background-image":"","background-repeat":"repeat","background-position":"center center","background-size":"auto","background-attachment":"scroll","background-type":"","background-media":"","overlay-type":"","overlay-color":"","overlay-opacity":"","overlay-gradient":""},"mobile":{"background-color":"var(--ast-global-color-5)","background-image":"","background-repeat":"repeat","background-position":"center center","background-size":"auto","background-attachment":"scroll","background-type":"","background-media":"","overlay-type":"","overlay-color":"","overlay-opacity":"","overlay-gradient":""}}},"product_brand":[163],"product_cat":[27,57],"product_tag":[175,58],"class_list":{"0":"post-4099","1":"product","2":"type-product","3":"status-publish","4":"has-post-thumbnail","6":"product_brand-vigami","7":"product_cat-phan-bon-goc","8":"product_cat-phan-bon-trung-vi-luong","9":"product_tag-mag-green","10":"product_tag-phan-bon-trung-luong","11":"desktop-align-center","12":"tablet-align-left","13":"mobile-align-left","14":"ast-product-gallery-layout-horizontal-slider","15":"ast-product-gallery-with-no-image","16":"ast-product-tabs-layout-horizontal","18":"first","19":"instock","20":"shipping-taxable","21":"product-type-simple"},"_links":{"self":[{"href":"https:\/\/vietgiaminh.com.vn\/en\/wp-json\/wp\/v2\/product\/4099","targetHints":{"allow":["GET"]}}],"collection":[{"href":"https:\/\/vietgiaminh.com.vn\/en\/wp-json\/wp\/v2\/product"}],"about":[{"href":"https:\/\/vietgiaminh.com.vn\/en\/wp-json\/wp\/v2\/types\/product"}],"replies":[{"embeddable":true,"href":"https:\/\/vietgiaminh.com.vn\/en\/wp-json\/wp\/v2\/comments?post=4099"}],"wp:featuredmedia":[{"embeddable":true,"href":"https:\/\/vietgiaminh.com.vn\/en\/wp-json\/wp\/v2\/media\/4103"}],"wp:attachment":[{"href":"https:\/\/vietgiaminh.com.vn\/en\/wp-json\/wp\/v2\/media?parent=4099"}],"wp:term":[{"taxonomy":"product_brand","embeddable":true,"href":"https:\/\/vietgiaminh.com.vn\/en\/wp-json\/wp\/v2\/product_brand?post=4099"},{"taxonomy":"product_cat","embeddable":true,"href":"https:\/\/vietgiaminh.com.vn\/en\/wp-json\/wp\/v2\/product_cat?post=4099"},{"taxonomy":"product_tag","embeddable":true,"href":"https:\/\/vietgiaminh.com.vn\/en\/wp-json\/wp\/v2\/product_tag?post=4099"}],"curies":[{"name":"wp","href":"https:\/\/api.w.org\/{rel}","templated":true}]}}