{"id":4071,"date":"2025-06-18T10:15:59","date_gmt":"2025-06-18T03:15:59","guid":{"rendered":"https:\/\/vietgiaminh.com.vn\/?post_type=product&#038;p=4071"},"modified":"2025-06-18T10:15:59","modified_gmt":"2025-06-18T03:15:59","slug":"vigami-nical-25kg","status":"publish","type":"product","link":"https:\/\/vietgiaminh.com.vn\/en\/product\/vigami-nical-25kg\/","title":{"rendered":"VIGAMI\u00ae NICAL 25KG"},"content":{"rendered":"<p><strong>PH\u00c2N B\u00d3N CALCIUM NITRATE VIGAMI\u00ae NICAL 25KG<\/strong><\/p>\n<p>\u0110\u1eb7c \u0111i\u1ec3m s\u1ea3n ph\u1ea9m:<\/p>\n<ul>\n<li>Cung c\u1ea5p \u0111\u1ed3ng th\u1eddi Canxi (Ca2+) v\u00e0 Nitrat (NO3-): Canxi gi\u00fap t\u0103ng c\u01b0\u1eddng c\u1ea5u tr\u00fac t\u1ebf b\u00e0o, l\u00e0m v\u00e1ch t\u1ebf b\u00e0o v\u1eefng ch\u1eafc, h\u1ea1n ch\u1ebf n\u1ee9t qu\u1ea3 v\u00e0 th\u1ed1i r\u1ec5. C\u1ea7n thi\u1ebft trong giai \u0111o\u1ea1n ph\u00e1t tri\u1ec3n m\u00f4 ph\u00e2n sinh \u0111\u1eb7c bi\u1ebft l\u00e0 \u0111\u1ecdt non, r\u1ec5 non v\u00e0 qu\u1ea3 non.<\/li>\n<li>Nitrat (NO3-) l\u00e0 d\u1ea1ng \u0111\u1ea1m d\u1ec5 h\u1ea5p th\u1ee5 nh\u1ea5t, k\u00edch th\u00edch sinh tr\u01b0\u1edfng nhanh, xanh l\u00e1, ph\u00e1t tri\u1ec3n b\u1ed9 l\u00e1 m\u1ea1nh<\/li>\n<li>\u0110\u1ed9 tan cao, kh\u00f4ng \u0111\u1ec3 l\u1ea1i c\u1eb7n: Ca(NO3)2 tan ho\u00e0n to\u00e0n trong n\u01b0\u1edbc<\/li>\n<li>Trung h\u00f2a v\u00e0 c\u1ea3i thi\u1ec7n pH v\u00f9ng r\u1ec5: Kh\u00e1c v\u1edbi \u0111\u1ea1m amoni, \u0111\u1ea1m nitrat kh\u00f4ng g\u00e2y chua \u0111\u1ea5t, gi\u00fap gi\u1ea3m nguy c\u01a1 t\u00edch t\u1ee5 mu\u1ed1i v\u00e0 \u0111\u1ed9c t\u1ed1 \u1edf v\u00f9ng r\u1ec5, \u1ed5n \u0111\u1ecbnh pH, \u0111\u1eb7c bi\u1ec7t trong canh t\u00e1c c\u00f4ng nghi\u1ec7 cao<\/li>\n<\/ul>","protected":false},"excerpt":{"rendered":"<p>PH\u00c2N B\u00d3N CALCIUM NITRATE VIGAMI\u00ae NICAL 25KG \u0110\u1eb7c \u0111i\u1ec3m s\u1ea3n ph\u1ea9m: Cung c\u1ea5p \u0111\u1ed3ng th\u1eddi Canxi (Ca2+) v\u00e0 Nitrat (NO3-): Canxi gi\u00fap t\u0103ng c\u01b0\u1eddng c\u1ea5u tr\u00fac t\u1ebf b\u00e0o, l\u00e0m v\u00e1ch t\u1ebf b\u00e0o v\u1eefng ch\u1eafc, h\u1ea1n ch\u1ebf n\u1ee9t qu\u1ea3 v\u00e0 th\u1ed1i r\u1ec5. C\u1ea7n thi\u1ebft trong giai \u0111o\u1ea1n ph\u00e1t tri\u1ec3n m\u00f4 ph\u00e2n sinh \u0111\u1eb7c bi\u1ebft l\u00e0 \u0111\u1ecdt [&hellip;]<\/p>","protected":false},"featured_media":4072,"comment_status":"open","ping_status":"closed","template":"","meta":{"site-sidebar-layout":"default","site-content-layout":"","ast-site-content-layout":"default","site-content-style":"default","site-sidebar-style":"default","ast-global-header-display":"","ast-banner-title-visibility":"","ast-main-header-display":"","ast-hfb-above-header-display":"","ast-hfb-below-header-display":"","ast-hfb-mobile-header-display":"","site-post-title":"","ast-breadcrumbs-content":"","ast-featured-img":"","footer-sml-layout":"","theme-transparent-header-meta":"default","adv-header-id-meta":"","stick-header-meta":"default","header-above-stick-meta":"","header-main-stick-meta":"","header-below-stick-meta":"","astra-migrate-meta-layouts":"set","ast-page-background-enabled":"default","ast-page-background-meta":{"desktop":{"background-color":"var(--ast-global-color-4)","background-image":"","background-repeat":"repeat","background-position":"center center","background-size":"auto","background-attachment":"scroll","background-type":"","background-media":"","overlay-type":"","overlay-color":"","overlay-opacity":"","overlay-gradient":""},"tablet":{"background-color":"","background-image":"","background-repeat":"repeat","background-position":"center center","background-size":"auto","background-attachment":"scroll","background-type":"","background-media":"","overlay-type":"","overlay-color":"","overlay-opacity":"","overlay-gradient":""},"mobile":{"background-color":"","background-image":"","background-repeat":"repeat","background-position":"center center","background-size":"auto","background-attachment":"scroll","background-type":"","background-media":"","overlay-type":"","overlay-color":"","overlay-opacity":"","overlay-gradient":""}},"ast-content-background-meta":{"desktop":{"background-color":"var(--ast-global-color-5)","background-image":"","background-repeat":"repeat","background-position":"center center","background-size":"auto","background-attachment":"scroll","background-type":"","background-media":"","overlay-type":"","overlay-color":"","overlay-opacity":"","overlay-gradient":""},"tablet":{"background-color":"var(--ast-global-color-5)","background-image":"","background-repeat":"repeat","background-position":"center center","background-size":"auto","background-attachment":"scroll","background-type":"","background-media":"","overlay-type":"","overlay-color":"","overlay-opacity":"","overlay-gradient":""},"mobile":{"background-color":"var(--ast-global-color-5)","background-image":"","background-repeat":"repeat","background-position":"center center","background-size":"auto","background-attachment":"scroll","background-type":"","background-media":"","overlay-type":"","overlay-color":"","overlay-opacity":"","overlay-gradient":""}}},"product_brand":[163],"product_cat":[27,29],"product_tag":[],"class_list":{"0":"post-4071","1":"product","2":"type-product","3":"status-publish","4":"has-post-thumbnail","6":"product_brand-vigami","7":"product_cat-phan-bon-goc","8":"product_cat-phan-huu-co","9":"desktop-align-center","10":"tablet-align-left","11":"mobile-align-left","12":"ast-product-gallery-layout-horizontal-slider","13":"ast-product-gallery-with-no-image","14":"ast-product-tabs-layout-horizontal","16":"first","17":"instock","18":"shipping-taxable","19":"product-type-simple"},"_links":{"self":[{"href":"https:\/\/vietgiaminh.com.vn\/en\/wp-json\/wp\/v2\/product\/4071","targetHints":{"allow":["GET"]}}],"collection":[{"href":"https:\/\/vietgiaminh.com.vn\/en\/wp-json\/wp\/v2\/product"}],"about":[{"href":"https:\/\/vietgiaminh.com.vn\/en\/wp-json\/wp\/v2\/types\/product"}],"replies":[{"embeddable":true,"href":"https:\/\/vietgiaminh.com.vn\/en\/wp-json\/wp\/v2\/comments?post=4071"}],"wp:featuredmedia":[{"embeddable":true,"href":"https:\/\/vietgiaminh.com.vn\/en\/wp-json\/wp\/v2\/media\/4072"}],"wp:attachment":[{"href":"https:\/\/vietgiaminh.com.vn\/en\/wp-json\/wp\/v2\/media?parent=4071"}],"wp:term":[{"taxonomy":"product_brand","embeddable":true,"href":"https:\/\/vietgiaminh.com.vn\/en\/wp-json\/wp\/v2\/product_brand?post=4071"},{"taxonomy":"product_cat","embeddable":true,"href":"https:\/\/vietgiaminh.com.vn\/en\/wp-json\/wp\/v2\/product_cat?post=4071"},{"taxonomy":"product_tag","embeddable":true,"href":"https:\/\/vietgiaminh.com.vn\/en\/wp-json\/wp\/v2\/product_tag?post=4071"}],"curies":[{"name":"wp","href":"https:\/\/api.w.org\/{rel}","templated":true}]}}