{"id":3849,"date":"2025-03-06T14:48:40","date_gmt":"2025-03-06T07:48:40","guid":{"rendered":"https:\/\/vietgiaminh.com.vn\/?post_type=product&#038;p=3849"},"modified":"2025-06-09T09:18:41","modified_gmt":"2025-06-09T02:18:41","slug":"mancozeb-gold-1kg","status":"publish","type":"product","link":"https:\/\/vietgiaminh.com.vn\/en\/product\/mancozeb-gold-1kg\/","title":{"rendered":"MANCOZEB GOLD 1KG"},"content":{"rendered":"<p><strong><span style=\"font-size: 18pt;\">THU\u1ed0C TR\u1eea B\u1ec6NH MANCOZEB GOLD 1KG\u00a0<\/span><\/strong><\/p>\n<p><strong>Uses:<\/strong><\/p>\n<ul>\n<li>Mancozeb is the most effective plant disease control compound, with broad-spectrum effects, used to prevent and treat many types of fungal diseases on rice, vegetables, melons, beans, cash crops, fruit trees, grapes, industrial crops and many different types of crops<\/li>\n<li>Mancozeb has a contact effect. When sprayed on plants, it inhibits the growth of fungi and prevents fungal diseases from entering the plant. The drug has a long lasting effect. Does not cause poisoning to plants<\/li>\n<li>According to research, the active ingredient mancozeb has the ability to effectively prevent fungal diseases such as anthracnose on mango, durian and coffee, early yellowing of main leaves on rice, leaf spot on tomatoes and peanuts, downy mildew on watermelon.<\/li>\n<\/ul>\n<p>&nbsp;<\/p>","protected":false},"excerpt":{"rendered":"<p>THU\u1ed0C TR\u1eea B\u1ec6NH MANCOZEB GOLD 1KG\u00a0 C\u00f4ng d\u1ee5ng: Mancozeb l\u00e0 m\u1ed9t lo\u1ea1i h\u1ee3p ch\u1ea5t ph\u00f2ng tr\u1eeb b\u1ec7nh c\u00e2y h\u1eefu hi\u1ec7u nh\u1ea5t, c\u00f3 t\u00e1c d\u1ee5ng ph\u1ed5 r\u1ed9ng, d\u00f9ng \u0111\u1ec3 ph\u00f2ng tr\u1ecb nhi\u1ec1u lo\u1ea1i n\u1ea5m b\u1ec7nh tr\u00ean l\u00faa, rau, d\u01b0a, \u0111\u1eadu, c\u00e2y m\u00e0u, c\u00e2y \u0103n tr\u00e1i, nho, c\u00e2y c\u00f4ng nghi\u1ec7p v\u00e0 nhi\u1ec1u lo\u1ea1i c\u00e2y tr\u1ed3ng kh\u00e1c nhau [&hellip;]<\/p>","protected":false},"featured_media":2978,"comment_status":"open","ping_status":"closed","template":"","meta":{"site-sidebar-layout":"default","site-content-layout":"default","ast-site-content-layout":"default","site-content-style":"default","site-sidebar-style":"default","ast-global-header-display":"","ast-banner-title-visibility":"","ast-main-header-display":"","ast-hfb-above-header-display":"","ast-hfb-below-header-display":"","ast-hfb-mobile-header-display":"","site-post-title":"","ast-breadcrumbs-content":"","ast-featured-img":"","footer-sml-layout":"","theme-transparent-header-meta":"default","adv-header-id-meta":"","stick-header-meta":"default","header-above-stick-meta":"","header-main-stick-meta":"","header-below-stick-meta":"","astra-migrate-meta-layouts":"set","ast-page-background-enabled":"default","ast-page-background-meta":{"desktop":{"background-color":"var(--ast-global-color-4)","background-image":"","background-repeat":"repeat","background-position":"center center","background-size":"auto","background-attachment":"scroll","background-type":"","background-media":"","overlay-type":"","overlay-color":"","overlay-opacity":"","overlay-gradient":""},"tablet":{"background-color":"","background-image":"","background-repeat":"repeat","background-position":"center center","background-size":"auto","background-attachment":"scroll","background-type":"","background-media":"","overlay-type":"","overlay-color":"","overlay-opacity":"","overlay-gradient":""},"mobile":{"background-color":"","background-image":"","background-repeat":"repeat","background-position":"center center","background-size":"auto","background-attachment":"scroll","background-type":"","background-media":"","overlay-type":"","overlay-color":"","overlay-opacity":"","overlay-gradient":""}},"ast-content-background-meta":{"desktop":{"background-color":"var(--ast-global-color-5)","background-image":"","background-repeat":"repeat","background-position":"center center","background-size":"auto","background-attachment":"scroll","background-type":"","background-media":"","overlay-type":"","overlay-color":"","overlay-opacity":"","overlay-gradient":""},"tablet":{"background-color":"var(--ast-global-color-5)","background-image":"","background-repeat":"repeat","background-position":"center center","background-size":"auto","background-attachment":"scroll","background-type":"","background-media":"","overlay-type":"","overlay-color":"","overlay-opacity":"","overlay-gradient":""},"mobile":{"background-color":"var(--ast-global-color-5)","background-image":"","background-repeat":"repeat","background-position":"center center","background-size":"auto","background-attachment":"scroll","background-type":"","background-media":"","overlay-type":"","overlay-color":"","overlay-opacity":"","overlay-gradient":""}}},"product_brand":[],"product_cat":[17,18],"product_tag":[],"class_list":{"0":"post-3849","1":"product","2":"type-product","3":"status-publish","4":"has-post-thumbnail","6":"product_cat-thuoc-bvtv","7":"product_cat-thuoc-benh","8":"desktop-align-center","9":"tablet-align-left","10":"mobile-align-left","11":"ast-product-gallery-layout-horizontal-slider","12":"ast-product-gallery-with-no-image","13":"ast-product-tabs-layout-horizontal","15":"first","16":"instock","17":"shipping-taxable","18":"product-type-simple"},"_links":{"self":[{"href":"https:\/\/vietgiaminh.com.vn\/en\/wp-json\/wp\/v2\/product\/3849","targetHints":{"allow":["GET"]}}],"collection":[{"href":"https:\/\/vietgiaminh.com.vn\/en\/wp-json\/wp\/v2\/product"}],"about":[{"href":"https:\/\/vietgiaminh.com.vn\/en\/wp-json\/wp\/v2\/types\/product"}],"replies":[{"embeddable":true,"href":"https:\/\/vietgiaminh.com.vn\/en\/wp-json\/wp\/v2\/comments?post=3849"}],"wp:featuredmedia":[{"embeddable":true,"href":"https:\/\/vietgiaminh.com.vn\/en\/wp-json\/wp\/v2\/media\/2978"}],"wp:attachment":[{"href":"https:\/\/vietgiaminh.com.vn\/en\/wp-json\/wp\/v2\/media?parent=3849"}],"wp:term":[{"taxonomy":"product_brand","embeddable":true,"href":"https:\/\/vietgiaminh.com.vn\/en\/wp-json\/wp\/v2\/product_brand?post=3849"},{"taxonomy":"product_cat","embeddable":true,"href":"https:\/\/vietgiaminh.com.vn\/en\/wp-json\/wp\/v2\/product_cat?post=3849"},{"taxonomy":"product_tag","embeddable":true,"href":"https:\/\/vietgiaminh.com.vn\/en\/wp-json\/wp\/v2\/product_tag?post=3849"}],"curies":[{"name":"wp","href":"https:\/\/api.w.org\/{rel}","templated":true}]}}