{"id":3820,"date":"2025-02-28T10:26:04","date_gmt":"2025-02-28T03:26:04","guid":{"rendered":"https:\/\/vietgiaminh.com.vn\/?post_type=product&#038;p=3820"},"modified":"2025-07-08T09:07:16","modified_gmt":"2025-07-08T02:07:16","slug":"vigami-boson-can-5l","status":"publish","type":"product","link":"https:\/\/vietgiaminh.com.vn\/en\/product\/vigami-boson-can-5l\/","title":{"rendered":"VIGAMI\u00ae BOSON"},"content":{"rendered":"<p><strong><span style=\"font-size: 14pt;\">PH\u00c2N B\u00d3N H\u1eeeU C\u01a0 VIGAMI\u00ae BOSON CAN 5L<\/span><\/strong><\/p>\n<p><span style=\"color: #000000;\"><strong>USES:<\/strong><\/span><\/p>\n<ul>\n<li>Prevention of alum poisoning, organic detoxification.<\/li>\n<li>Helps the root system grow strongly, regenerating new roots for plants.<\/li>\n<li>The tree sprouts strongly, pulls out buds quickly, and produces many branches.<\/li>\n<li>Helps strengthen trees and prevent falling.<\/li>\n<li>Large fruit, shiny skin, beautiful color.<\/li>\n<li>Rehabilitation of failing trees and post-harvest trees.<\/li>\n<\/ul>\n<p>&nbsp;<\/p>\n<p>&nbsp;<\/p>","protected":false},"excerpt":{"rendered":"<p>PH\u00c2N B\u00d3N H\u1eeeU C\u01a0 VIGAMI\u00ae BOSON CAN 5L C\u00d4NG D\u1ee4NG: Ph\u00f2ng ch\u1ed1ng nhi\u1ec5m \u0111\u1ed9c ph\u00e8n, gi\u1ea3i \u0111\u1ed9c h\u1eefu c\u01a1. Gi\u00fap b\u1ed9 r\u1ec5 ph\u00e1t tri\u1ec3n m\u1ea1nh, t\u00e1i t\u1ea1o r\u1ec5 m\u1edbi cho c\u00e2y tr\u1ed3ng. C\u00e2y \u0111\u00e2m ch\u1ed3i kh\u1ecfe, k\u00e9o \u0111\u1ecdt nhanh, \u0111\u1ebb nh\u00e1nh nhi\u1ec1u. Gi\u00fap c\u1ee9ng c\u00e2y, ch\u1ed1ng \u0111\u1ed5 ng\u00e3. L\u1edbn tr\u00e1i, b\u00f3ng da, m\u00e0u s\u1eafc \u0111\u1eb9p. [&hellip;]<\/p>","protected":false},"featured_media":3821,"comment_status":"open","ping_status":"closed","template":"","meta":{"site-sidebar-layout":"default","site-content-layout":"default","ast-site-content-layout":"default","site-content-style":"default","site-sidebar-style":"default","ast-global-header-display":"","ast-banner-title-visibility":"","ast-main-header-display":"","ast-hfb-above-header-display":"","ast-hfb-below-header-display":"","ast-hfb-mobile-header-display":"","site-post-title":"","ast-breadcrumbs-content":"","ast-featured-img":"","footer-sml-layout":"","theme-transparent-header-meta":"default","adv-header-id-meta":"","stick-header-meta":"default","header-above-stick-meta":"","header-main-stick-meta":"","header-below-stick-meta":"","astra-migrate-meta-layouts":"set","ast-page-background-enabled":"default","ast-page-background-meta":{"desktop":{"background-color":"var(--ast-global-color-4)","background-image":"","background-repeat":"repeat","background-position":"center center","background-size":"auto","background-attachment":"scroll","background-type":"","background-media":"","overlay-type":"","overlay-color":"","overlay-opacity":"","overlay-gradient":""},"tablet":{"background-color":"","background-image":"","background-repeat":"repeat","background-position":"center center","background-size":"auto","background-attachment":"scroll","background-type":"","background-media":"","overlay-type":"","overlay-color":"","overlay-opacity":"","overlay-gradient":""},"mobile":{"background-color":"","background-image":"","background-repeat":"repeat","background-position":"center center","background-size":"auto","background-attachment":"scroll","background-type":"","background-media":"","overlay-type":"","overlay-color":"","overlay-opacity":"","overlay-gradient":""}},"ast-content-background-meta":{"desktop":{"background-color":"var(--ast-global-color-5)","background-image":"","background-repeat":"repeat","background-position":"center center","background-size":"auto","background-attachment":"scroll","background-type":"","background-media":"","overlay-type":"","overlay-color":"","overlay-opacity":"","overlay-gradient":""},"tablet":{"background-color":"var(--ast-global-color-5)","background-image":"","background-repeat":"repeat","background-position":"center center","background-size":"auto","background-attachment":"scroll","background-type":"","background-media":"","overlay-type":"","overlay-color":"","overlay-opacity":"","overlay-gradient":""},"mobile":{"background-color":"var(--ast-global-color-5)","background-image":"","background-repeat":"repeat","background-position":"center center","background-size":"auto","background-attachment":"scroll","background-type":"","background-media":"","overlay-type":"","overlay-color":"","overlay-opacity":"","overlay-gradient":""}}},"product_brand":[163],"product_cat":[24,22],"product_tag":[],"class_list":{"0":"post-3820","1":"product","2":"type-product","3":"status-publish","4":"has-post-thumbnail","6":"product_brand-vigami","7":"product_cat-cay-an-trai","8":"product_cat-phan-bon-la","9":"desktop-align-center","10":"tablet-align-left","11":"mobile-align-left","12":"ast-product-gallery-layout-horizontal-slider","13":"ast-product-tabs-layout-horizontal","15":"first","16":"instock","17":"featured","18":"shipping-taxable","19":"product-type-simple"},"_links":{"self":[{"href":"https:\/\/vietgiaminh.com.vn\/en\/wp-json\/wp\/v2\/product\/3820","targetHints":{"allow":["GET"]}}],"collection":[{"href":"https:\/\/vietgiaminh.com.vn\/en\/wp-json\/wp\/v2\/product"}],"about":[{"href":"https:\/\/vietgiaminh.com.vn\/en\/wp-json\/wp\/v2\/types\/product"}],"replies":[{"embeddable":true,"href":"https:\/\/vietgiaminh.com.vn\/en\/wp-json\/wp\/v2\/comments?post=3820"}],"wp:featuredmedia":[{"embeddable":true,"href":"https:\/\/vietgiaminh.com.vn\/en\/wp-json\/wp\/v2\/media\/3821"}],"wp:attachment":[{"href":"https:\/\/vietgiaminh.com.vn\/en\/wp-json\/wp\/v2\/media?parent=3820"}],"wp:term":[{"taxonomy":"product_brand","embeddable":true,"href":"https:\/\/vietgiaminh.com.vn\/en\/wp-json\/wp\/v2\/product_brand?post=3820"},{"taxonomy":"product_cat","embeddable":true,"href":"https:\/\/vietgiaminh.com.vn\/en\/wp-json\/wp\/v2\/product_cat?post=3820"},{"taxonomy":"product_tag","embeddable":true,"href":"https:\/\/vietgiaminh.com.vn\/en\/wp-json\/wp\/v2\/product_tag?post=3820"}],"curies":[{"name":"wp","href":"https:\/\/api.w.org\/{rel}","templated":true}]}}