{"id":3811,"date":"2025-02-28T09:42:12","date_gmt":"2025-02-28T02:42:12","guid":{"rendered":"https:\/\/vietgiaminh.com.vn\/?post_type=product&#038;p=3811"},"modified":"2025-07-08T09:07:33","modified_gmt":"2025-07-08T02:07:33","slug":"vigami-amino-acid-dang-long-250ml","status":"publish","type":"product","link":"https:\/\/vietgiaminh.com.vn\/en\/product\/vigami-amino-acid-dang-long-250ml\/","title":{"rendered":"VIGAMI\u00ae AMINO ACID"},"content":{"rendered":"<p>VIGAMI\u00ae AMINO ACID\u00a0 D\u1ea0NG L\u1eceNG &#8211; 250ML<\/p>\n<p>Uses:<\/p>\n<ul>\n<li style=\"font-weight: 400;\" aria-level=\"1\"><span style=\"font-weight: 400;\">Amino Acid D\u1ea1ng L d\u1ec5 d\u00e0ng h\u1ea5p th\u1ee5<\/span><\/li>\n<li style=\"font-weight: 400;\" aria-level=\"1\"><span style=\"font-weight: 400;\">Ch\u1ed1ng s\u1ed1c nhi\u1ec7t, t\u0103ng c\u01b0\u1eddng kh\u1ea3 n\u0103ng ch\u1ed1ng ch\u1ecbu<\/span><\/li>\n<li style=\"font-weight: 400;\" aria-level=\"1\"><span style=\"font-weight: 400;\">M\u1eadp \u0111\u1ecdt, xanh c\u00e2y, d\u00e0y l\u00e1<\/span><\/li>\n<li style=\"font-weight: 400;\" aria-level=\"1\"><span style=\"font-weight: 400;\">L\u1edbn tr\u00e1i, b\u00f3ng tr\u00e1i, \u0111\u1eb9p tr\u00e1i<\/span><\/li>\n<li aria-level=\"1\">T\u0103ng kh\u1ea3 n\u0103ng n\u1ea3y m\u1ea7m c\u1ee7a h\u1ea1t, t\u0103ng kh\u1ea3 n\u0103ng th\u1ee5 ph\u1ea5n<\/li>\n<li aria-level=\"1\">T\u0103ng kh\u1ea3 n\u0103ng quang h\u1ee3p, t\u0103ng di\u1ec7p l\u00fac t\u1ed1, t\u0103ng c\u01b0\u1eddng ch\u1ee9c n\u0103ng kh\u00ed kh\u1ed5ng<\/li>\n<li aria-level=\"1\">K\u00edch th\u00edch c\u00e2y ra b\u00f4ng \u0111\u1ec1u, ra b\u00f4ng t\u1eadp trung, b\u00f4ng l\u1edbn<\/li>\n<li aria-level=\"1\">Ch\u1ed1ng r\u1ee5ng tr\u00e1i non, t\u0103ng \u0111\u1eadu qu\u1ea3, tr\u00e1i l\u01a1n nhanh.<\/li>\n<li aria-level=\"1\">Th\u00fac \u0111\u1ea9y c\u00e2y con ph\u00e1t tri\u1ec3n nhanh, k\u00edch ra b\u00f4ng s\u1edbm, c\u00e2y nhi\u1ec1u b\u00f4ng, b\u00f4ng l\u1edbn, m\u00e0u \u0111\u1eb9p, l\u00e2u h\u00e9o.<\/li>\n<\/ul>\n<p>&nbsp;<\/p>\n<p>&nbsp;<\/p>","protected":false},"excerpt":{"rendered":"<p>VIGAMI\u00ae AMINO ACID\u00a0 D\u1ea0NG L\u1eceNG &#8211; 250ML C\u00f4ng d\u1ee5ng: Amino Acid D\u1ea1ng L d\u1ec5 d\u00e0ng h\u1ea5p th\u1ee5 Ch\u1ed1ng s\u1ed1c nhi\u1ec7t, t\u0103ng c\u01b0\u1eddng kh\u1ea3 n\u0103ng ch\u1ed1ng ch\u1ecbu M\u1eadp \u0111\u1ecdt, xanh c\u00e2y, d\u00e0y l\u00e1 L\u1edbn tr\u00e1i, b\u00f3ng tr\u00e1i, \u0111\u1eb9p tr\u00e1i T\u0103ng kh\u1ea3 n\u0103ng n\u1ea3y m\u1ea7m c\u1ee7a h\u1ea1t, t\u0103ng kh\u1ea3 n\u0103ng th\u1ee5 ph\u1ea5n T\u0103ng kh\u1ea3 n\u0103ng quang h\u1ee3p, [&hellip;]<\/p>","protected":false},"featured_media":3759,"comment_status":"open","ping_status":"closed","template":"","meta":{"site-sidebar-layout":"default","site-content-layout":"default","ast-site-content-layout":"default","site-content-style":"default","site-sidebar-style":"default","ast-global-header-display":"","ast-banner-title-visibility":"","ast-main-header-display":"","ast-hfb-above-header-display":"","ast-hfb-below-header-display":"","ast-hfb-mobile-header-display":"","site-post-title":"","ast-breadcrumbs-content":"","ast-featured-img":"","footer-sml-layout":"","theme-transparent-header-meta":"default","adv-header-id-meta":"","stick-header-meta":"default","header-above-stick-meta":"","header-main-stick-meta":"","header-below-stick-meta":"","astra-migrate-meta-layouts":"set","ast-page-background-enabled":"default","ast-page-background-meta":{"desktop":{"background-color":"var(--ast-global-color-4)","background-image":"","background-repeat":"repeat","background-position":"center center","background-size":"auto","background-attachment":"scroll","background-type":"","background-media":"","overlay-type":"","overlay-color":"","overlay-opacity":"","overlay-gradient":""},"tablet":{"background-color":"","background-image":"","background-repeat":"repeat","background-position":"center center","background-size":"auto","background-attachment":"scroll","background-type":"","background-media":"","overlay-type":"","overlay-color":"","overlay-opacity":"","overlay-gradient":""},"mobile":{"background-color":"","background-image":"","background-repeat":"repeat","background-position":"center center","background-size":"auto","background-attachment":"scroll","background-type":"","background-media":"","overlay-type":"","overlay-color":"","overlay-opacity":"","overlay-gradient":""}},"ast-content-background-meta":{"desktop":{"background-color":"var(--ast-global-color-5)","background-image":"","background-repeat":"repeat","background-position":"center center","background-size":"auto","background-attachment":"scroll","background-type":"","background-media":"","overlay-type":"","overlay-color":"","overlay-opacity":"","overlay-gradient":""},"tablet":{"background-color":"var(--ast-global-color-5)","background-image":"","background-repeat":"repeat","background-position":"center center","background-size":"auto","background-attachment":"scroll","background-type":"","background-media":"","overlay-type":"","overlay-color":"","overlay-opacity":"","overlay-gradient":""},"mobile":{"background-color":"var(--ast-global-color-5)","background-image":"","background-repeat":"repeat","background-position":"center center","background-size":"auto","background-attachment":"scroll","background-type":"","background-media":"","overlay-type":"","overlay-color":"","overlay-opacity":"","overlay-gradient":""}}},"product_brand":[163],"product_cat":[24,23,22],"product_tag":[143,68,145,144,65,78],"class_list":{"0":"post-3811","1":"product","2":"type-product","3":"status-publish","4":"has-post-thumbnail","6":"product_brand-vigami","7":"product_cat-cay-an-trai","8":"product_cat-cay-cong-nghiep","9":"product_cat-phan-bon-la","10":"product_tag-amino-acid","11":"product_tag-cay-an-trai","12":"product_tag-dang-long","13":"product_tag-huu-co","14":"product_tag-phan-bon","15":"product_tag-sau-rieng","16":"desktop-align-center","17":"tablet-align-left","18":"mobile-align-left","19":"ast-product-gallery-layout-horizontal-slider","20":"ast-product-gallery-with-no-image","21":"ast-product-tabs-layout-horizontal","23":"first","24":"instock","25":"shipping-taxable","26":"product-type-simple"},"_links":{"self":[{"href":"https:\/\/vietgiaminh.com.vn\/en\/wp-json\/wp\/v2\/product\/3811","targetHints":{"allow":["GET"]}}],"collection":[{"href":"https:\/\/vietgiaminh.com.vn\/en\/wp-json\/wp\/v2\/product"}],"about":[{"href":"https:\/\/vietgiaminh.com.vn\/en\/wp-json\/wp\/v2\/types\/product"}],"replies":[{"embeddable":true,"href":"https:\/\/vietgiaminh.com.vn\/en\/wp-json\/wp\/v2\/comments?post=3811"}],"wp:featuredmedia":[{"embeddable":true,"href":"https:\/\/vietgiaminh.com.vn\/en\/wp-json\/wp\/v2\/media\/3759"}],"wp:attachment":[{"href":"https:\/\/vietgiaminh.com.vn\/en\/wp-json\/wp\/v2\/media?parent=3811"}],"wp:term":[{"taxonomy":"product_brand","embeddable":true,"href":"https:\/\/vietgiaminh.com.vn\/en\/wp-json\/wp\/v2\/product_brand?post=3811"},{"taxonomy":"product_cat","embeddable":true,"href":"https:\/\/vietgiaminh.com.vn\/en\/wp-json\/wp\/v2\/product_cat?post=3811"},{"taxonomy":"product_tag","embeddable":true,"href":"https:\/\/vietgiaminh.com.vn\/en\/wp-json\/wp\/v2\/product_tag?post=3811"}],"curies":[{"name":"wp","href":"https:\/\/api.w.org\/{rel}","templated":true}]}}