{"id":3808,"date":"2025-02-28T09:32:53","date_gmt":"2025-02-28T02:32:53","guid":{"rendered":"https:\/\/vietgiaminh.com.vn\/?post_type=product&#038;p=3808"},"modified":"2025-07-08T09:07:51","modified_gmt":"2025-07-08T02:07:51","slug":"vigami-fosk-lan-kich-khang-1l","status":"publish","type":"product","link":"https:\/\/vietgiaminh.com.vn\/en\/product\/vigami-fosk-lan-kich-khang-1l\/","title":{"rendered":"ROUND RESISTANCE"},"content":{"rendered":"<p>VIGAMI<span style=\"font-size: 12pt;\">\u00ae<\/span> FOSK L\u00c2N K\u00cdCH KH\u00c1NG 1L<\/p>\n<p>USES:<\/p>\n<ul>\n<li>Rooting, reducing alum, organic detoxification<\/li>\n<li>Gi\u00fap xanh l\u00e1, d\u00e0y l\u00e1, ra \u0111\u1ecdt<\/li>\n<li>H\u1ea1n ch\u1ebf x\u00ec m\u1ee7, k\u00edch th\u00edch \u0111\u1ec1 kh\u00e1ng c\u1ee7a c\u00e2y<\/li>\n<li>Kh\u1eafc tinh v\u00e0ng l\u00e1 &#8211; Th\u1ed1i r\u1ec5<\/li>\n<\/ul>","protected":false},"excerpt":{"rendered":"<p>VIGAMI\u00ae FOSK L\u00c2N K\u00cdCH KH\u00c1NG 1L C\u00d4NG D\u1ee4NG: Ra r\u1ec5, h\u1ea1 ph\u00e8n, gi\u1ea3i \u0111\u1ed9c h\u1eefu c\u01a1 Gi\u00fap xanh l\u00e1, d\u00e0y l\u00e1, ra \u0111\u1ecdt H\u1ea1n ch\u1ebf x\u00ec m\u1ee7, k\u00edch th\u00edch \u0111\u1ec1 kh\u00e1ng c\u1ee7a c\u00e2y Kh\u1eafc tinh v\u00e0ng l\u00e1 &#8211; Th\u1ed1i r\u1ec5<\/p>","protected":false},"featured_media":3755,"comment_status":"open","ping_status":"closed","template":"","meta":{"site-sidebar-layout":"default","site-content-layout":"default","ast-site-content-layout":"default","site-content-style":"default","site-sidebar-style":"default","ast-global-header-display":"","ast-banner-title-visibility":"","ast-main-header-display":"","ast-hfb-above-header-display":"","ast-hfb-below-header-display":"","ast-hfb-mobile-header-display":"","site-post-title":"","ast-breadcrumbs-content":"","ast-featured-img":"","footer-sml-layout":"","theme-transparent-header-meta":"default","adv-header-id-meta":"","stick-header-meta":"default","header-above-stick-meta":"","header-main-stick-meta":"","header-below-stick-meta":"","astra-migrate-meta-layouts":"set","ast-page-background-enabled":"default","ast-page-background-meta":{"desktop":{"background-color":"var(--ast-global-color-4)","background-image":"","background-repeat":"repeat","background-position":"center center","background-size":"auto","background-attachment":"scroll","background-type":"","background-media":"","overlay-type":"","overlay-color":"","overlay-opacity":"","overlay-gradient":""},"tablet":{"background-color":"","background-image":"","background-repeat":"repeat","background-position":"center center","background-size":"auto","background-attachment":"scroll","background-type":"","background-media":"","overlay-type":"","overlay-color":"","overlay-opacity":"","overlay-gradient":""},"mobile":{"background-color":"","background-image":"","background-repeat":"repeat","background-position":"center center","background-size":"auto","background-attachment":"scroll","background-type":"","background-media":"","overlay-type":"","overlay-color":"","overlay-opacity":"","overlay-gradient":""}},"ast-content-background-meta":{"desktop":{"background-color":"var(--ast-global-color-5)","background-image":"","background-repeat":"repeat","background-position":"center center","background-size":"auto","background-attachment":"scroll","background-type":"","background-media":"","overlay-type":"","overlay-color":"","overlay-opacity":"","overlay-gradient":""},"tablet":{"background-color":"var(--ast-global-color-5)","background-image":"","background-repeat":"repeat","background-position":"center center","background-size":"auto","background-attachment":"scroll","background-type":"","background-media":"","overlay-type":"","overlay-color":"","overlay-opacity":"","overlay-gradient":""},"mobile":{"background-color":"var(--ast-global-color-5)","background-image":"","background-repeat":"repeat","background-position":"center center","background-size":"auto","background-attachment":"scroll","background-type":"","background-media":"","overlay-type":"","overlay-color":"","overlay-opacity":"","overlay-gradient":""}}},"product_brand":[163],"product_cat":[24,22],"product_tag":[],"class_list":{"0":"post-3808","1":"product","2":"type-product","3":"status-publish","4":"has-post-thumbnail","6":"product_brand-vigami","7":"product_cat-cay-an-trai","8":"product_cat-phan-bon-la","9":"desktop-align-center","10":"tablet-align-left","11":"mobile-align-left","12":"ast-product-gallery-layout-horizontal-slider","13":"ast-product-gallery-with-no-image","14":"ast-product-tabs-layout-horizontal","16":"first","17":"instock","18":"shipping-taxable","19":"product-type-simple"},"_links":{"self":[{"href":"https:\/\/vietgiaminh.com.vn\/en\/wp-json\/wp\/v2\/product\/3808","targetHints":{"allow":["GET"]}}],"collection":[{"href":"https:\/\/vietgiaminh.com.vn\/en\/wp-json\/wp\/v2\/product"}],"about":[{"href":"https:\/\/vietgiaminh.com.vn\/en\/wp-json\/wp\/v2\/types\/product"}],"replies":[{"embeddable":true,"href":"https:\/\/vietgiaminh.com.vn\/en\/wp-json\/wp\/v2\/comments?post=3808"}],"wp:featuredmedia":[{"embeddable":true,"href":"https:\/\/vietgiaminh.com.vn\/en\/wp-json\/wp\/v2\/media\/3755"}],"wp:attachment":[{"href":"https:\/\/vietgiaminh.com.vn\/en\/wp-json\/wp\/v2\/media?parent=3808"}],"wp:term":[{"taxonomy":"product_brand","embeddable":true,"href":"https:\/\/vietgiaminh.com.vn\/en\/wp-json\/wp\/v2\/product_brand?post=3808"},{"taxonomy":"product_cat","embeddable":true,"href":"https:\/\/vietgiaminh.com.vn\/en\/wp-json\/wp\/v2\/product_cat?post=3808"},{"taxonomy":"product_tag","embeddable":true,"href":"https:\/\/vietgiaminh.com.vn\/en\/wp-json\/wp\/v2\/product_tag?post=3808"}],"curies":[{"name":"wp","href":"https:\/\/api.w.org\/{rel}","templated":true}]}}