{"id":3296,"date":"2024-06-22T09:20:36","date_gmt":"2024-06-22T02:20:36","guid":{"rendered":"https:\/\/vietgiaminh.com.vn\/?post_type=product&#038;p=3296"},"modified":"2025-07-08T09:09:49","modified_gmt":"2025-07-08T02:09:49","slug":"vigami-orga-silk-kali-silic-huu-co","status":"publish","type":"product","link":"https:\/\/vietgiaminh.com.vn\/en\/product\/vigami-orga-silk-kali-silic-huu-co\/","title":{"rendered":"VIGAMI\u00ae ORGA &#8211; SILK <br> KALI SILIC H\u1eeeU C\u01a0"},"content":{"rendered":"<p>PH\u00c2N B\u00d3N H\u1eeeU C\u01a0 VIGAMI\u00ae ORGA &#8211; SILK KALI SILIC H\u1eeeU C\u01a0 (500ML)<\/p>\n<p>B\u1ea3o v\u1ec7 to\u00e0n di\u1ec7n &#8211; M\u00f9a m\u00e0ng b\u1ed9i thu<\/p>\n<p><em><strong>\u0110\u1eb7c \u0111i\u1ec3m s\u1ea3n ph\u1ea9m:<\/strong><\/em><\/p>\n<ul>\n<li>Silic v\u00e0 Kali trong c\u00e2y gi\u00fap qu\u00e1 tr\u00ecnh sinh tr\u01b0\u1edfng c\u1ee7a c\u00e2y \u0111\u01b0\u1ee3c t\u1ed1i \u01b0u<\/li>\n<li>Gi\u00fap c\u1ee9ng c\u00e2y, ch\u1ed1ng ch\u1ecbu \u0111\u1ed5 ng\u00e3, ch\u1ed1ng ch\u1ecbu s\u00e2u b\u1ec7nh, ch\u1ed1ng ch\u1ecbu \u0111i\u1ec1u ki\u1ec7n b\u1ea5t l\u1ee3i c\u1ee7a m\u00f4i tr\u01b0\u1eddng nh\u01b0 h\u1ea1n, r\u00e9t&#8230;<\/li>\n<li>T\u0103ng c\u01b0\u1eddng ph\u00e1t tri\u1ec3n c\u1ee7a b\u1ed9 r\u1ec5, gi\u1ea3m hi\u1ec7n t\u01b0\u1ee3ng v\u00e0ng l\u00e1, ch\u00e1y l\u00e1 do x\u00ec ph\u00e8n, tr\u00e1nh t\u00ecnh tr\u1ea1ng ng\u1ed9 \u0111\u1ed9c s\u1eaft nh\u00f4m.<\/li>\n<li>Gi\u00fap c\u00e2y t\u0103ng kh\u1ea3 n\u0103ng quang h\u1ee3p, t\u0103ng kh\u1ea3 n\u0103ng h\u1ea5p th\u1ee5 ch\u1ea5t dinh d\u01b0\u1ee1ng trong \u0111\u1ea5t, th\u00fac d\u1ea9u qu\u00e1 tr\u00ecnh ra hoa g\u00f3p ph\u1ea7n n\u00e2ng cao n\u0103ng su\u1ea5t c\u00e2y tr\u1ed3ng.<\/li>\n<li>N\u00e2ng cao ph\u1ea9m ch\u1ea5t c\u00e2y tr\u1ed3ng, \u0111\u01b0\u1eddng l\u00e0m t\u0103ng ch\u1ea5t l\u01b0\u1ee3ng h\u1ea1t v\u00e0 qu\u1ea3, t\u0103ng \u0111\u1ed9 c\u1ee9ng ch\u1eafc, \u0111\u1ed9 b\u00f3ng c\u1ee7a qu\u1ea3, \u0111\u1ed9 t\u1ea1o ng\u1ecdt, m\u00e0u s\u1eafc qu\u1ea3&#8230;<\/li>\n<\/ul>\n<p><em><strong>User manual:<\/strong><\/em><\/p>\n<table style=\"border-collapse: collapse; width: 100%; height: 246px;\">\n<tbody>\n<tr style=\"height: 46px;\">\n<td style=\"width: 50%; text-align: center; height: 46px;\">CROPS<\/td>\n<td style=\"width: 50%; text-align: center; height: 46px;\">LI\u1ec0U L\u01af\u1ee2NG<\/td>\n<\/tr>\n<tr style=\"height: 76px;\">\n<td style=\"width: 50%; height: 76px;\">C\u00e2y \u0103n qu\u1ea3: S\u1ea7u ri\u00eang, m\u00edt, cam, canh, b\u01b0\u1edfi, chanh d\u00e2y, m\u00e3ng c\u1ea7u, b\u01a1,&#8230;<\/td>\n<td style=\"width: 50%; height: 76px;\">Pha 500ml\/ 200 &#8211; 400 l\u00edt<\/td>\n<\/tr>\n<tr style=\"height: 48px;\">\n<td style=\"width: 50%; height: 48px;\">Rice, vegetables<\/td>\n<td style=\"width: 50%; height: 48px;\">Pha 50 &#8211; 100ml\/ 25 l\u00edt<\/td>\n<\/tr>\n<tr style=\"height: 76px;\">\n<td style=\"width: 50%; height: 76px;\">C\u00e2y c\u00f4ng nghi\u1ec7p: C\u00e0 ph\u00ea, ti\u00eau, m\u1eafc ca, \u0111i\u1ec1u<\/td>\n<td style=\"width: 50%; height: 76px;\">Pha 500ml\/ 200 &#8211; 400 l\u00edt<\/td>\n<\/tr>\n<\/tbody>\n<\/table>\n<p>HSD: 36 th\u00e1ng k\u1ec3 t\u1eeb ng\u00e0y s\u1ea3n xu\u1ea5t<\/p>","protected":false},"excerpt":{"rendered":"<p>PH\u00c2N B\u00d3N H\u1eeeU C\u01a0 VIGAMI\u00ae ORGA &#8211; SILK KALI SILIC H\u1eeeU C\u01a0 (500ML) B\u1ea3o v\u1ec7 to\u00e0n di\u1ec7n &#8211; M\u00f9a m\u00e0ng b\u1ed9i thu \u0110\u1eb7c \u0111i\u1ec3m s\u1ea3n ph\u1ea9m: Silic v\u00e0 Kali trong c\u00e2y gi\u00fap qu\u00e1 tr\u00ecnh sinh tr\u01b0\u1edfng c\u1ee7a c\u00e2y \u0111\u01b0\u1ee3c t\u1ed1i \u01b0u Gi\u00fap c\u1ee9ng c\u00e2y, ch\u1ed1ng ch\u1ecbu \u0111\u1ed5 ng\u00e3, ch\u1ed1ng ch\u1ecbu s\u00e2u b\u1ec7nh, ch\u1ed1ng ch\u1ecbu \u0111i\u1ec1u [&hellip;]<\/p>","protected":false},"featured_media":3297,"comment_status":"open","ping_status":"closed","template":"","meta":{"site-sidebar-layout":"default","site-content-layout":"default","ast-site-content-layout":"","site-content-style":"default","site-sidebar-style":"default","ast-global-header-display":"","ast-banner-title-visibility":"","ast-main-header-display":"","ast-hfb-above-header-display":"","ast-hfb-below-header-display":"","ast-hfb-mobile-header-display":"","site-post-title":"","ast-breadcrumbs-content":"","ast-featured-img":"","footer-sml-layout":"","theme-transparent-header-meta":"default","adv-header-id-meta":"","stick-header-meta":"default","header-above-stick-meta":"","header-main-stick-meta":"","header-below-stick-meta":"","astra-migrate-meta-layouts":"default","ast-page-background-enabled":"default","ast-page-background-meta":{"desktop":{"background-color":"var(--ast-global-color-4)","background-image":"","background-repeat":"repeat","background-position":"center center","background-size":"auto","background-attachment":"scroll","background-type":"","background-media":"","overlay-type":"","overlay-color":"","overlay-opacity":"","overlay-gradient":""},"tablet":{"background-color":"","background-image":"","background-repeat":"repeat","background-position":"center center","background-size":"auto","background-attachment":"scroll","background-type":"","background-media":"","overlay-type":"","overlay-color":"","overlay-opacity":"","overlay-gradient":""},"mobile":{"background-color":"","background-image":"","background-repeat":"repeat","background-position":"center center","background-size":"auto","background-attachment":"scroll","background-type":"","background-media":"","overlay-type":"","overlay-color":"","overlay-opacity":"","overlay-gradient":""}},"ast-content-background-meta":{"desktop":{"background-color":"var(--ast-global-color-5)","background-image":"","background-repeat":"repeat","background-position":"center center","background-size":"auto","background-attachment":"scroll","background-type":"","background-media":"","overlay-type":"","overlay-color":"","overlay-opacity":"","overlay-gradient":""},"tablet":{"background-color":"var(--ast-global-color-5)","background-image":"","background-repeat":"repeat","background-position":"center center","background-size":"auto","background-attachment":"scroll","background-type":"","background-media":"","overlay-type":"","overlay-color":"","overlay-opacity":"","overlay-gradient":""},"mobile":{"background-color":"var(--ast-global-color-5)","background-image":"","background-repeat":"repeat","background-position":"center center","background-size":"auto","background-attachment":"scroll","background-type":"","background-media":"","overlay-type":"","overlay-color":"","overlay-opacity":"","overlay-gradient":""}}},"product_brand":[],"product_cat":[22,24,23,26,25],"product_tag":[],"class_list":{"0":"post-3296","1":"product","2":"type-product","3":"status-publish","4":"has-post-thumbnail","6":"product_cat-phan-bon-la","7":"product_cat-cay-an-trai","8":"product_cat-cay-cong-nghiep","9":"product_cat-cay-lua","10":"product_cat-cay-rau-mau","11":"desktop-align-center","12":"tablet-align-left","13":"mobile-align-left","14":"ast-product-gallery-layout-horizontal-slider","15":"ast-product-gallery-with-no-image","16":"ast-product-tabs-layout-horizontal","18":"first","19":"instock","20":"shipping-taxable","21":"product-type-simple"},"_links":{"self":[{"href":"https:\/\/vietgiaminh.com.vn\/en\/wp-json\/wp\/v2\/product\/3296","targetHints":{"allow":["GET"]}}],"collection":[{"href":"https:\/\/vietgiaminh.com.vn\/en\/wp-json\/wp\/v2\/product"}],"about":[{"href":"https:\/\/vietgiaminh.com.vn\/en\/wp-json\/wp\/v2\/types\/product"}],"replies":[{"embeddable":true,"href":"https:\/\/vietgiaminh.com.vn\/en\/wp-json\/wp\/v2\/comments?post=3296"}],"wp:featuredmedia":[{"embeddable":true,"href":"https:\/\/vietgiaminh.com.vn\/en\/wp-json\/wp\/v2\/media\/3297"}],"wp:attachment":[{"href":"https:\/\/vietgiaminh.com.vn\/en\/wp-json\/wp\/v2\/media?parent=3296"}],"wp:term":[{"taxonomy":"product_brand","embeddable":true,"href":"https:\/\/vietgiaminh.com.vn\/en\/wp-json\/wp\/v2\/product_brand?post=3296"},{"taxonomy":"product_cat","embeddable":true,"href":"https:\/\/vietgiaminh.com.vn\/en\/wp-json\/wp\/v2\/product_cat?post=3296"},{"taxonomy":"product_tag","embeddable":true,"href":"https:\/\/vietgiaminh.com.vn\/en\/wp-json\/wp\/v2\/product_tag?post=3296"}],"curies":[{"name":"wp","href":"https:\/\/api.w.org\/{rel}","templated":true}]}}