{"id":3286,"date":"2024-10-21T16:55:34","date_gmt":"2024-10-21T09:55:34","guid":{"rendered":"https:\/\/vietgiaminh.com.vn\/?post_type=product&#038;p=3286"},"modified":"2025-07-08T09:09:21","modified_gmt":"2025-07-08T02:09:21","slug":"a-v-tonic-50tb","status":"publish","type":"product","link":"https:\/\/vietgiaminh.com.vn\/en\/product\/a-v-tonic-50tb\/","title":{"rendered":"A-V-TONIC 50TB"},"content":{"rendered":"<p><strong>THU\u1ed0C K\u00cdCH TH\u00cdCH SINH TR\u01af\u1edeNG A &#8211; V &#8211; TONIC 50TB (5GAM)<\/strong><\/p>\n<p><em><strong>Uses:<\/strong><\/em><\/p>\n<p>&#8211; K\u00edch th\u00edch t\u0103ng tr\u01b0\u1edfng, th\u1ee9c \u0111\u1ea9y m\u1ea7m n\u1ea3y ch\u1ed3i<\/p>\n<p>&#8211; \u0110\u00e1nh th\u1ee9c m\u1ea7m ng\u1ee7 c\u1ee7a h\u1ea1t v\u00e0 c\u1ee7<\/p>\n<p>&#8211; Gi\u00fap r\u1ec5 ph\u00e1t tri\u1ec3n m\u1ea1nh, \u0111\u00e2m ch\u1ed3i, \u0111\u1ebb nh\u00e1nh<\/p>\n<p>&#8211; T\u0103ng n\u0103ng su\u1ea5t c\u00e2y<\/p>\n<p>&#8211; K\u00edch ra hoa \u0111\u1ed3ng lo\u1ea1t, t\u0103ng \u0111\u1eadu tr\u00e1i, h\u1ea1n ch\u1ebf r\u1ee5ng tr\u00e1i non.<\/p>\n<p>&#8211; Gi\u00fap c\u00e2y tr\u1ed3ng h\u1ea5p thu ph\u00e2n b\u00f3n h\u1eefu hi\u1ec7u h\u01a1n.<\/p>","protected":false},"excerpt":{"rendered":"<p>THU\u1ed0C K\u00cdCH TH\u00cdCH SINH TR\u01af\u1edeNG A &#8211; V &#8211; TONIC 50TB (5GAM) C\u00f4ng d\u1ee5ng: &#8211; K\u00edch th\u00edch t\u0103ng tr\u01b0\u1edfng, th\u1ee9c \u0111\u1ea9y m\u1ea7m n\u1ea3y ch\u1ed3i &#8211; \u0110\u00e1nh th\u1ee9c m\u1ea7m ng\u1ee7 c\u1ee7a h\u1ea1t v\u00e0 c\u1ee7 &#8211; Gi\u00fap r\u1ec5 ph\u00e1t tri\u1ec3n m\u1ea1nh, \u0111\u00e2m ch\u1ed3i, \u0111\u1ebb nh\u00e1nh &#8211; T\u0103ng n\u0103ng su\u1ea5t c\u00e2y &#8211; K\u00edch ra hoa \u0111\u1ed3ng lo\u1ea1t, t\u0103ng [&hellip;]<\/p>","protected":false},"featured_media":3288,"comment_status":"open","ping_status":"closed","template":"","meta":{"site-sidebar-layout":"default","site-content-layout":"default","ast-site-content-layout":"default","site-content-style":"default","site-sidebar-style":"default","ast-global-header-display":"","ast-banner-title-visibility":"","ast-main-header-display":"","ast-hfb-above-header-display":"","ast-hfb-below-header-display":"","ast-hfb-mobile-header-display":"","site-post-title":"","ast-breadcrumbs-content":"","ast-featured-img":"","footer-sml-layout":"","theme-transparent-header-meta":"default","adv-header-id-meta":"","stick-header-meta":"default","header-above-stick-meta":"","header-main-stick-meta":"","header-below-stick-meta":"","astra-migrate-meta-layouts":"set","ast-page-background-enabled":"default","ast-page-background-meta":{"desktop":{"background-color":"var(--ast-global-color-4)","background-image":"","background-repeat":"repeat","background-position":"center center","background-size":"auto","background-attachment":"scroll","background-type":"","background-media":"","overlay-type":"","overlay-color":"","overlay-opacity":"","overlay-gradient":""},"tablet":{"background-color":"","background-image":"","background-repeat":"repeat","background-position":"center center","background-size":"auto","background-attachment":"scroll","background-type":"","background-media":"","overlay-type":"","overlay-color":"","overlay-opacity":"","overlay-gradient":""},"mobile":{"background-color":"","background-image":"","background-repeat":"repeat","background-position":"center center","background-size":"auto","background-attachment":"scroll","background-type":"","background-media":"","overlay-type":"","overlay-color":"","overlay-opacity":"","overlay-gradient":""}},"ast-content-background-meta":{"desktop":{"background-color":"var(--ast-global-color-5)","background-image":"","background-repeat":"repeat","background-position":"center center","background-size":"auto","background-attachment":"scroll","background-type":"","background-media":"","overlay-type":"","overlay-color":"","overlay-opacity":"","overlay-gradient":""},"tablet":{"background-color":"var(--ast-global-color-5)","background-image":"","background-repeat":"repeat","background-position":"center center","background-size":"auto","background-attachment":"scroll","background-type":"","background-media":"","overlay-type":"","overlay-color":"","overlay-opacity":"","overlay-gradient":""},"mobile":{"background-color":"var(--ast-global-color-5)","background-image":"","background-repeat":"repeat","background-position":"center center","background-size":"auto","background-attachment":"scroll","background-type":"","background-media":"","overlay-type":"","overlay-color":"","overlay-opacity":"","overlay-gradient":""}}},"product_brand":[163],"product_cat":[17,18],"product_tag":[],"class_list":{"0":"post-3286","1":"product","2":"type-product","3":"status-publish","4":"has-post-thumbnail","6":"product_brand-vigami","7":"product_cat-thuoc-bvtv","8":"product_cat-thuoc-benh","9":"desktop-align-center","10":"tablet-align-left","11":"mobile-align-left","12":"ast-product-gallery-layout-horizontal-slider","13":"ast-product-tabs-layout-horizontal","15":"first","16":"instock","17":"shipping-taxable","18":"product-type-simple"},"_links":{"self":[{"href":"https:\/\/vietgiaminh.com.vn\/en\/wp-json\/wp\/v2\/product\/3286","targetHints":{"allow":["GET"]}}],"collection":[{"href":"https:\/\/vietgiaminh.com.vn\/en\/wp-json\/wp\/v2\/product"}],"about":[{"href":"https:\/\/vietgiaminh.com.vn\/en\/wp-json\/wp\/v2\/types\/product"}],"replies":[{"embeddable":true,"href":"https:\/\/vietgiaminh.com.vn\/en\/wp-json\/wp\/v2\/comments?post=3286"}],"wp:featuredmedia":[{"embeddable":true,"href":"https:\/\/vietgiaminh.com.vn\/en\/wp-json\/wp\/v2\/media\/3288"}],"wp:attachment":[{"href":"https:\/\/vietgiaminh.com.vn\/en\/wp-json\/wp\/v2\/media?parent=3286"}],"wp:term":[{"taxonomy":"product_brand","embeddable":true,"href":"https:\/\/vietgiaminh.com.vn\/en\/wp-json\/wp\/v2\/product_brand?post=3286"},{"taxonomy":"product_cat","embeddable":true,"href":"https:\/\/vietgiaminh.com.vn\/en\/wp-json\/wp\/v2\/product_cat?post=3286"},{"taxonomy":"product_tag","embeddable":true,"href":"https:\/\/vietgiaminh.com.vn\/en\/wp-json\/wp\/v2\/product_tag?post=3286"}],"curies":[{"name":"wp","href":"https:\/\/api.w.org\/{rel}","templated":true}]}}