{"id":1910,"date":"2022-09-07T14:41:08","date_gmt":"2022-09-07T07:41:08","guid":{"rendered":"https:\/\/vietgiaminh.com\/?post_type=product&#038;p=1910"},"modified":"2025-06-18T14:36:36","modified_gmt":"2025-06-18T07:36:36","slug":"phan-bon-vigami-combi-phong-dot-che","status":"publish","type":"product","link":"https:\/\/vietgiaminh.com.vn\/en\/product\/phan-bon-vigami-combi-phong-dot-che\/","title":{"rendered":"VIGAMI\u00ae COMBI <br> SI\u00caU PH\u00d3NG \u0110\u1eccT 500ML"},"content":{"rendered":"<p><span style=\"font-size: 18pt; color: #ff0000;\"><strong>PH\u00c2N B\u00d3N VIGAMI\u00ae COMBI SI\u00caU PH\u00d3NG \u0110\u1eccT 500ML<\/strong><\/span><\/p>\n<p><span style=\"font-size: 14pt;\"><strong>USES:<\/strong><\/span><\/p>\n<p>It is a comprehensive solution for plants at the bud, leaf, and branch stages<\/p>\n<p>Helps thicken, green, and shiny leaves. The tree is healthy and grows strongly<\/p>\n<p>Increase starch content. Helps increase plants&#039; resistance to adverse weather<\/p>\n<p><span style=\"font-size: 14pt;\"><strong>User manual:<\/strong><\/span><\/p>\n<table style=\"border-collapse: collapse; width: 100%;\">\n<tbody>\n<tr>\n<td style=\"width: 50%; text-align: center;\"><strong>Crops<\/strong><\/td>\n<td style=\"width: 50%; text-align: center;\"><strong>Amount<\/strong><\/td>\n<\/tr>\n<tr>\n<td style=\"width: 50%;\">Coffee, pepper, rubber, macadamia, passion fruit<\/td>\n<td style=\"width: 50%;\" rowspan=\"3\">Mix 500ml per 400 liters of water<\/td>\n<\/tr>\n<tr>\n<td style=\"width: 50%;\">Orange, lemon, grapefruit, custard apple, durian, rambutan, jackfruit, star apple, plum, dragon fruit<\/td>\n<\/tr>\n<tr>\n<td style=\"width: 50%;\">Rice, tomatoes, chili, cucumber, bitter melon, gourd, squash, onion, palanquin<\/td>\n<\/tr>\n<\/tbody>\n<\/table>\n<p>Use at the bud and leaf production stage. Or restore the garden after harvest, using 1000 - 2000 liters\/ha<\/p>\n<p>Can be used in conjunction with pesticides<\/p>","protected":false},"excerpt":{"rendered":"<p>PH\u00c2N B\u00d3N VIGAMI\u00ae COMBI SI\u00caU PH\u00d3NG \u0110\u1eccT 500ML C\u00d4NG D\u1ee4NG: L\u00e0 gi\u1ea3i ph\u00e1p to\u00e0n di\u1ec7n cho c\u00e2y \u1edf giai \u0111o\u1ea1n ra \u0111\u1ecdt, t\u1ea1o l\u00e1, t\u1ea1o c\u00e0nh Gi\u00fap d\u00e0y l\u00e1, xanh l\u00e1, b\u00f3ng l\u00e1. C\u00e2y kh\u1ecfe, sinh tr\u01b0\u1edfng m\u1ea1nh T\u0103ng h\u00e0m l\u01b0\u1ee3ng tinh b\u1ed9t. Gi\u00fap t\u0103ng c\u01b0\u1eddng kh\u1ea3 n\u0103ng ch\u1ed1ng ch\u1ecbu cho c\u00e2y tr\u1ed3ng tr\u01b0\u1edbc th\u1eddi [&hellip;]<\/p>","protected":false},"featured_media":1911,"comment_status":"open","ping_status":"closed","template":"","meta":{"site-sidebar-layout":"default","site-content-layout":"default","ast-site-content-layout":"","site-content-style":"default","site-sidebar-style":"default","ast-global-header-display":"","ast-banner-title-visibility":"","ast-main-header-display":"","ast-hfb-above-header-display":"","ast-hfb-below-header-display":"","ast-hfb-mobile-header-display":"","site-post-title":"","ast-breadcrumbs-content":"","ast-featured-img":"","footer-sml-layout":"","theme-transparent-header-meta":"default","adv-header-id-meta":"","stick-header-meta":"default","header-above-stick-meta":"","header-main-stick-meta":"","header-below-stick-meta":"","astra-migrate-meta-layouts":"default","ast-page-background-enabled":"default","ast-page-background-meta":{"desktop":{"background-color":"var(--ast-global-color-4)","background-image":"","background-repeat":"repeat","background-position":"center center","background-size":"auto","background-attachment":"scroll","background-type":"","background-media":"","overlay-type":"","overlay-color":"","overlay-opacity":"","overlay-gradient":""},"tablet":{"background-color":"","background-image":"","background-repeat":"repeat","background-position":"center center","background-size":"auto","background-attachment":"scroll","background-type":"","background-media":"","overlay-type":"","overlay-color":"","overlay-opacity":"","overlay-gradient":""},"mobile":{"background-color":"","background-image":"","background-repeat":"repeat","background-position":"center center","background-size":"auto","background-attachment":"scroll","background-type":"","background-media":"","overlay-type":"","overlay-color":"","overlay-opacity":"","overlay-gradient":""}},"ast-content-background-meta":{"desktop":{"background-color":"var(--ast-global-color-5)","background-image":"","background-repeat":"repeat","background-position":"center center","background-size":"auto","background-attachment":"scroll","background-type":"","background-media":"","overlay-type":"","overlay-color":"","overlay-opacity":"","overlay-gradient":""},"tablet":{"background-color":"var(--ast-global-color-5)","background-image":"","background-repeat":"repeat","background-position":"center center","background-size":"auto","background-attachment":"scroll","background-type":"","background-media":"","overlay-type":"","overlay-color":"","overlay-opacity":"","overlay-gradient":""},"mobile":{"background-color":"var(--ast-global-color-5)","background-image":"","background-repeat":"repeat","background-position":"center center","background-size":"auto","background-attachment":"scroll","background-type":"","background-media":"","overlay-type":"","overlay-color":"","overlay-opacity":"","overlay-gradient":""}}},"product_brand":[],"product_cat":[23,22],"product_tag":[80,64,77,73,74,62,79,67,78,76,75],"class_list":{"0":"post-1910","1":"product","2":"type-product","3":"status-publish","4":"has-post-thumbnail","6":"product_cat-cay-cong-nghiep","7":"product_cat-phan-bon-la","8":"product_tag-ca-chua","9":"product_tag-ca-phe","10":"product_tag-cao-su","11":"product_tag-cay-cong-nghiep","12":"product_tag-chom-chom","13":"product_tag-lua","14":"product_tag-mang-cau","15":"product_tag-phan-bon-la","16":"product_tag-sau-rieng","17":"product_tag-tieu","18":"product_tag-xoai","19":"desktop-align-center","20":"tablet-align-left","21":"mobile-align-left","22":"ast-product-gallery-layout-horizontal-slider","23":"ast-product-gallery-with-no-image","24":"ast-product-tabs-layout-horizontal","26":"first","27":"instock","28":"shipping-taxable","29":"product-type-simple"},"_links":{"self":[{"href":"https:\/\/vietgiaminh.com.vn\/en\/wp-json\/wp\/v2\/product\/1910","targetHints":{"allow":["GET"]}}],"collection":[{"href":"https:\/\/vietgiaminh.com.vn\/en\/wp-json\/wp\/v2\/product"}],"about":[{"href":"https:\/\/vietgiaminh.com.vn\/en\/wp-json\/wp\/v2\/types\/product"}],"replies":[{"embeddable":true,"href":"https:\/\/vietgiaminh.com.vn\/en\/wp-json\/wp\/v2\/comments?post=1910"}],"wp:featuredmedia":[{"embeddable":true,"href":"https:\/\/vietgiaminh.com.vn\/en\/wp-json\/wp\/v2\/media\/1911"}],"wp:attachment":[{"href":"https:\/\/vietgiaminh.com.vn\/en\/wp-json\/wp\/v2\/media?parent=1910"}],"wp:term":[{"taxonomy":"product_brand","embeddable":true,"href":"https:\/\/vietgiaminh.com.vn\/en\/wp-json\/wp\/v2\/product_brand?post=1910"},{"taxonomy":"product_cat","embeddable":true,"href":"https:\/\/vietgiaminh.com.vn\/en\/wp-json\/wp\/v2\/product_cat?post=1910"},{"taxonomy":"product_tag","embeddable":true,"href":"https:\/\/vietgiaminh.com.vn\/en\/wp-json\/wp\/v2\/product_tag?post=1910"}],"curies":[{"name":"wp","href":"https:\/\/api.w.org\/{rel}","templated":true}]}}