{"id":1882,"date":"2022-08-03T10:57:24","date_gmt":"2022-08-03T03:57:24","guid":{"rendered":"https:\/\/vietgiaminh.com\/?post_type=product&#038;p=1882"},"modified":"2025-06-09T09:23:34","modified_gmt":"2025-06-09T02:23:34","slug":"trichoderma","status":"publish","type":"product","link":"https:\/\/vietgiaminh.com.vn\/en\/product\/trichoderma\/","title":{"rendered":"TRICHODERMA 1KG"},"content":{"rendered":"<p><strong><span style=\"font-size: 18pt;\">Men \u1ee6 Vi Sinh TRICHODERMA 1KG<\/span><\/strong><\/p>\n<p><strong>Uses:<\/strong><\/p>\n<ul>\n<li>The product contains Trichoderma, an antagonistic fungus that is highly effective in promoting the process of decomposing organic waste: Eliminating fungi harmful to plants, reducing incubation time. Helps plants resist fungi that cause root rot, premature death, pus leaks, etc.<\/li>\n<li>Create good conditions for nitrogen-fixing microorganisms living in the soil to grow<\/li>\n<li>Improving soil to make it more porous, more humus, higher soil fertility, less weeds, etc.<\/li>\n<li>Minimize chemical pesticides to control pests<\/li>\n<li>Reduce the amount of chemical fertilizers<\/li>\n<li>Reducing environmental pollution<\/li>\n<\/ul>","protected":false},"excerpt":{"rendered":"<p>Men \u1ee6 Vi Sinh TRICHODERMA 1KG C\u00f4ng d\u1ee5ng: S\u1ea3n ph\u1ea9m c\u00f3 ch\u1ee9a Trichoderma l\u00e0 lo\u1ea1i n\u1ea5m \u0111\u1ed1i kh\u00e1ng c\u00f3 t\u00e1c d\u1ee5ng cao trong vi\u1ec7c th\u00fac \u0111\u1ea9y qu\u00e1 tr\u00ecnh ph\u00e2n gi\u1ea3i ph\u1ebf th\u1ea3i h\u1eefu c\u01a1: Lo\u1ea1i b\u1ecf c\u00e1c lo\u1ea1i n\u1ea5m g\u00e2y h\u1ea1i cho c\u00e2y tr\u1ed3ng, gi\u1ea3m th\u1eddi gian \u1ee7. Gi\u00fap c\u00e2y c\u00f3 th\u1ec3 ch\u1ed1ng \u0111\u01b0\u1ee3c c\u00e1c [&hellip;]<\/p>","protected":false},"featured_media":2956,"comment_status":"open","ping_status":"closed","template":"","meta":{"site-sidebar-layout":"default","site-content-layout":"default","ast-site-content-layout":"default","site-content-style":"default","site-sidebar-style":"default","ast-global-header-display":"","ast-banner-title-visibility":"","ast-main-header-display":"","ast-hfb-above-header-display":"","ast-hfb-below-header-display":"","ast-hfb-mobile-header-display":"","site-post-title":"","ast-breadcrumbs-content":"","ast-featured-img":"","footer-sml-layout":"","theme-transparent-header-meta":"default","adv-header-id-meta":"","stick-header-meta":"default","header-above-stick-meta":"","header-main-stick-meta":"","header-below-stick-meta":"","astra-migrate-meta-layouts":"set","ast-page-background-enabled":"default","ast-page-background-meta":{"desktop":{"background-color":"var(--ast-global-color-4)","background-image":"","background-repeat":"repeat","background-position":"center center","background-size":"auto","background-attachment":"scroll","background-type":"","background-media":"","overlay-type":"","overlay-color":"","overlay-opacity":"","overlay-gradient":""},"tablet":{"background-color":"","background-image":"","background-repeat":"repeat","background-position":"center center","background-size":"auto","background-attachment":"scroll","background-type":"","background-media":"","overlay-type":"","overlay-color":"","overlay-opacity":"","overlay-gradient":""},"mobile":{"background-color":"","background-image":"","background-repeat":"repeat","background-position":"center center","background-size":"auto","background-attachment":"scroll","background-type":"","background-media":"","overlay-type":"","overlay-color":"","overlay-opacity":"","overlay-gradient":""}},"ast-content-background-meta":{"desktop":{"background-color":"var(--ast-global-color-5)","background-image":"","background-repeat":"repeat","background-position":"center center","background-size":"auto","background-attachment":"scroll","background-type":"","background-media":"","overlay-type":"","overlay-color":"","overlay-opacity":"","overlay-gradient":""},"tablet":{"background-color":"var(--ast-global-color-5)","background-image":"","background-repeat":"repeat","background-position":"center center","background-size":"auto","background-attachment":"scroll","background-type":"","background-media":"","overlay-type":"","overlay-color":"","overlay-opacity":"","overlay-gradient":""},"mobile":{"background-color":"var(--ast-global-color-5)","background-image":"","background-repeat":"repeat","background-position":"center center","background-size":"auto","background-attachment":"scroll","background-type":"","background-media":"","overlay-type":"","overlay-color":"","overlay-opacity":"","overlay-gradient":""}}},"product_brand":[],"product_cat":[22,24],"product_tag":[],"class_list":{"0":"post-1882","1":"product","2":"type-product","3":"status-publish","4":"has-post-thumbnail","6":"product_cat-phan-bon-la","7":"product_cat-cay-an-trai","8":"desktop-align-center","9":"tablet-align-left","10":"mobile-align-left","11":"ast-product-gallery-layout-horizontal-slider","12":"ast-product-gallery-with-no-image","13":"ast-product-tabs-layout-horizontal","15":"first","16":"instock","17":"shipping-taxable","18":"product-type-simple"},"_links":{"self":[{"href":"https:\/\/vietgiaminh.com.vn\/en\/wp-json\/wp\/v2\/product\/1882","targetHints":{"allow":["GET"]}}],"collection":[{"href":"https:\/\/vietgiaminh.com.vn\/en\/wp-json\/wp\/v2\/product"}],"about":[{"href":"https:\/\/vietgiaminh.com.vn\/en\/wp-json\/wp\/v2\/types\/product"}],"replies":[{"embeddable":true,"href":"https:\/\/vietgiaminh.com.vn\/en\/wp-json\/wp\/v2\/comments?post=1882"}],"wp:featuredmedia":[{"embeddable":true,"href":"https:\/\/vietgiaminh.com.vn\/en\/wp-json\/wp\/v2\/media\/2956"}],"wp:attachment":[{"href":"https:\/\/vietgiaminh.com.vn\/en\/wp-json\/wp\/v2\/media?parent=1882"}],"wp:term":[{"taxonomy":"product_brand","embeddable":true,"href":"https:\/\/vietgiaminh.com.vn\/en\/wp-json\/wp\/v2\/product_brand?post=1882"},{"taxonomy":"product_cat","embeddable":true,"href":"https:\/\/vietgiaminh.com.vn\/en\/wp-json\/wp\/v2\/product_cat?post=1882"},{"taxonomy":"product_tag","embeddable":true,"href":"https:\/\/vietgiaminh.com.vn\/en\/wp-json\/wp\/v2\/product_tag?post=1882"}],"curies":[{"name":"wp","href":"https:\/\/api.w.org\/{rel}","templated":true}]}}