{"id":1880,"date":"2022-08-03T10:40:07","date_gmt":"2022-08-03T03:40:07","guid":{"rendered":"https:\/\/vietgiaminh.com\/?post_type=product&#038;p=1880"},"modified":"2025-06-09T09:28:26","modified_gmt":"2025-06-09T02:28:26","slug":"chan-dot","status":"publish","type":"product","link":"https:\/\/vietgiaminh.com.vn\/en\/product\/chan-dot\/","title":{"rendered":"VIGAMI\u00ae POTAS CH\u1eb6N \u0110\u1eccT 500 ML"},"content":{"rendered":"<p><strong><span style=\"font-size: 18pt;\">VIGAMI\u00ae POTAS CH\u1eb6N \u0110\u1eccT 500 ML<\/span><\/strong><\/p>\n<p><strong><span style=\"font-size: 14pt;\">Uses:<\/span><\/strong><\/p>\n<ul>\n<li>Prevent plants from budding during off-season cotton processing<\/li>\n<li>Block young buds, buds, old leaves, mature plants<\/li>\n<li>Minimize growth stimulants<\/li>\n<li>Does not cause loss of strength to the tree, prolongs life<\/li>\n<\/ul>","protected":false},"excerpt":{"rendered":"<p>VIGAMI\u00ae POTAS CH\u1eb6N \u0110\u1eccT 500 ML C\u00f4ng d\u1ee5ng: Ng\u0103n ch\u1eb7n c\u00e2y \u0111i \u0111\u1ecdt non trong qu\u00e1 tr\u00ecnh x\u1eed l\u00fd b\u00f4ng ngh\u1ecbch v\u1ee5 Ch\u1eb7n \u0111\u1ecdt non, h\u00e3m ch\u1ed3i, l\u00e1 gi\u00e0, c\u00e2y th\u00e0nh th\u1ee5c Gi\u1ea3m thi\u1ec3u t\u1ed1i \u0111a ch\u1ea5t k\u00edch th\u00edch sinh tr\u01b0\u1edfng Kh\u00f4ng g\u00e2y m\u1ea5t s\u1ee9c cho c\u00e2y, k\u00e9o d\u00e0i tu\u1ed5i th\u1ecd<\/p>","protected":false},"featured_media":2958,"comment_status":"open","ping_status":"closed","template":"","meta":{"site-sidebar-layout":"default","site-content-layout":"default","ast-site-content-layout":"default","site-content-style":"default","site-sidebar-style":"default","ast-global-header-display":"","ast-banner-title-visibility":"","ast-main-header-display":"","ast-hfb-above-header-display":"","ast-hfb-below-header-display":"","ast-hfb-mobile-header-display":"","site-post-title":"","ast-breadcrumbs-content":"","ast-featured-img":"","footer-sml-layout":"","theme-transparent-header-meta":"default","adv-header-id-meta":"","stick-header-meta":"default","header-above-stick-meta":"","header-main-stick-meta":"","header-below-stick-meta":"","astra-migrate-meta-layouts":"set","ast-page-background-enabled":"default","ast-page-background-meta":{"desktop":{"background-color":"var(--ast-global-color-4)","background-image":"","background-repeat":"repeat","background-position":"center center","background-size":"auto","background-attachment":"scroll","background-type":"","background-media":"","overlay-type":"","overlay-color":"","overlay-opacity":"","overlay-gradient":""},"tablet":{"background-color":"","background-image":"","background-repeat":"repeat","background-position":"center center","background-size":"auto","background-attachment":"scroll","background-type":"","background-media":"","overlay-type":"","overlay-color":"","overlay-opacity":"","overlay-gradient":""},"mobile":{"background-color":"","background-image":"","background-repeat":"repeat","background-position":"center center","background-size":"auto","background-attachment":"scroll","background-type":"","background-media":"","overlay-type":"","overlay-color":"","overlay-opacity":"","overlay-gradient":""}},"ast-content-background-meta":{"desktop":{"background-color":"var(--ast-global-color-5)","background-image":"","background-repeat":"repeat","background-position":"center center","background-size":"auto","background-attachment":"scroll","background-type":"","background-media":"","overlay-type":"","overlay-color":"","overlay-opacity":"","overlay-gradient":""},"tablet":{"background-color":"var(--ast-global-color-5)","background-image":"","background-repeat":"repeat","background-position":"center center","background-size":"auto","background-attachment":"scroll","background-type":"","background-media":"","overlay-type":"","overlay-color":"","overlay-opacity":"","overlay-gradient":""},"mobile":{"background-color":"var(--ast-global-color-5)","background-image":"","background-repeat":"repeat","background-position":"center center","background-size":"auto","background-attachment":"scroll","background-type":"","background-media":"","overlay-type":"","overlay-color":"","overlay-opacity":"","overlay-gradient":""}}},"product_brand":[],"product_cat":[22,24],"product_tag":[],"class_list":{"0":"post-1880","1":"product","2":"type-product","3":"status-publish","4":"has-post-thumbnail","6":"product_cat-phan-bon-la","7":"product_cat-cay-an-trai","8":"desktop-align-center","9":"tablet-align-left","10":"mobile-align-left","11":"ast-product-gallery-layout-horizontal-slider","12":"ast-product-gallery-with-no-image","13":"ast-product-tabs-layout-horizontal","15":"first","16":"instock","17":"shipping-taxable","18":"product-type-simple"},"_links":{"self":[{"href":"https:\/\/vietgiaminh.com.vn\/en\/wp-json\/wp\/v2\/product\/1880","targetHints":{"allow":["GET"]}}],"collection":[{"href":"https:\/\/vietgiaminh.com.vn\/en\/wp-json\/wp\/v2\/product"}],"about":[{"href":"https:\/\/vietgiaminh.com.vn\/en\/wp-json\/wp\/v2\/types\/product"}],"replies":[{"embeddable":true,"href":"https:\/\/vietgiaminh.com.vn\/en\/wp-json\/wp\/v2\/comments?post=1880"}],"wp:featuredmedia":[{"embeddable":true,"href":"https:\/\/vietgiaminh.com.vn\/en\/wp-json\/wp\/v2\/media\/2958"}],"wp:attachment":[{"href":"https:\/\/vietgiaminh.com.vn\/en\/wp-json\/wp\/v2\/media?parent=1880"}],"wp:term":[{"taxonomy":"product_brand","embeddable":true,"href":"https:\/\/vietgiaminh.com.vn\/en\/wp-json\/wp\/v2\/product_brand?post=1880"},{"taxonomy":"product_cat","embeddable":true,"href":"https:\/\/vietgiaminh.com.vn\/en\/wp-json\/wp\/v2\/product_cat?post=1880"},{"taxonomy":"product_tag","embeddable":true,"href":"https:\/\/vietgiaminh.com.vn\/en\/wp-json\/wp\/v2\/product_tag?post=1880"}],"curies":[{"name":"wp","href":"https:\/\/api.w.org\/{rel}","templated":true}]}}