{"id":158,"date":"2023-03-23T10:04:03","date_gmt":"2023-03-23T03:04:03","guid":{"rendered":"https:\/\/vietgiaminh.com\/?post_type=product&#038;p=158"},"modified":"2025-06-09T09:27:54","modified_gmt":"2025-06-09T02:27:54","slug":"phan-bon-vigami-gelbo","status":"publish","type":"product","link":"https:\/\/vietgiaminh.com.vn\/en\/product\/phan-bon-vigami-gelbo\/","title":{"rendered":"VIGAMI\u00ae GELBO"},"content":{"rendered":"<p style=\"text-align: left;\"><span style=\"font-size: 24px;\"><b>PH\u00c2N B\u00d3N VIGAMI\u00ae GELBO<\/b><\/span><\/p>\n<p><strong><span style=\"font-size: 14pt;\">Uses:<\/span><\/strong><\/p>\n<ul>\n<li>Boron is essential for the process of cell division and pollination of plants. It helps the formation and differentiation of flower buds, enhances pollen vitality, increases fruit set rate, and helps reduce flower and fruit loss.<\/li>\n<li>Helps plants synthesize Protein, Lipids, increases sugar and vitamin content in tubers and fruits, prevents rot, helps preserve agricultural products for a long time after harvest.<\/li>\n<li>The fruit is large, uniform, shiny, bright in color, and has increased sweetness<\/li>\n<li>Overcome the phenomenon of fruit rolling, fruit cracking, fruit melasma, and fruit shrinkage<\/li>\n<li>Quickly overcome symptoms of curling, yellowing leaves, and deformed branches and leaves<\/li>\n<\/ul>\n<p>&nbsp;<\/p>","protected":false},"excerpt":{"rendered":"<p>PH\u00c2N B\u00d3N VIGAMI\u00ae GELBO C\u00f4ng d\u1ee5ng: Bo r\u1ea5t c\u1ea7n thi\u1ebft cho qu\u00e1 tr\u00ecnh ph\u00e2n chia t\u1ebft b\u00e0o v\u00e0 qu\u00e1 tr\u00ecnh th\u1ee5 ph\u1ea5n c\u1ee7a c\u00e2y, Gi\u00fap s\u1ef1 h\u00ecnh th\u00e0nh v\u00e0 ph\u00e2n h\u00f3a m\u1ea7m hoa, t\u0103ng c\u01b0\u1eddng s\u1ee9c s\u1ed1ng h\u1ea1t ph\u1ea5n, t\u0103ng t\u1ef7 l\u1ec7 \u0111\u1eadu tr\u00e1i, gi\u00fap gi\u1ea3m r\u1ee5ng hoa v\u00e0 tr\u00e1i non Gi\u00fap c\u00e2y tr\u1ed3ng t\u1ed5ng [&hellip;]<\/p>","protected":false},"featured_media":927,"comment_status":"open","ping_status":"closed","template":"","meta":{"site-sidebar-layout":"default","site-content-layout":"default","ast-site-content-layout":"default","site-content-style":"default","site-sidebar-style":"default","ast-global-header-display":"","ast-banner-title-visibility":"","ast-main-header-display":"","ast-hfb-above-header-display":"","ast-hfb-below-header-display":"","ast-hfb-mobile-header-display":"","site-post-title":"","ast-breadcrumbs-content":"","ast-featured-img":"","footer-sml-layout":"","theme-transparent-header-meta":"default","adv-header-id-meta":"","stick-header-meta":"default","header-above-stick-meta":"","header-main-stick-meta":"","header-below-stick-meta":"","astra-migrate-meta-layouts":"set","ast-page-background-enabled":"default","ast-page-background-meta":{"desktop":{"background-color":"var(--ast-global-color-4)","background-image":"","background-repeat":"repeat","background-position":"center center","background-size":"auto","background-attachment":"scroll","background-type":"","background-media":"","overlay-type":"","overlay-color":"","overlay-opacity":"","overlay-gradient":""},"tablet":{"background-color":"","background-image":"","background-repeat":"repeat","background-position":"center center","background-size":"auto","background-attachment":"scroll","background-type":"","background-media":"","overlay-type":"","overlay-color":"","overlay-opacity":"","overlay-gradient":""},"mobile":{"background-color":"","background-image":"","background-repeat":"repeat","background-position":"center center","background-size":"auto","background-attachment":"scroll","background-type":"","background-media":"","overlay-type":"","overlay-color":"","overlay-opacity":"","overlay-gradient":""}},"ast-content-background-meta":{"desktop":{"background-color":"var(--ast-global-color-5)","background-image":"","background-repeat":"repeat","background-position":"center center","background-size":"auto","background-attachment":"scroll","background-type":"","background-media":"","overlay-type":"","overlay-color":"","overlay-opacity":"","overlay-gradient":""},"tablet":{"background-color":"var(--ast-global-color-5)","background-image":"","background-repeat":"repeat","background-position":"center center","background-size":"auto","background-attachment":"scroll","background-type":"","background-media":"","overlay-type":"","overlay-color":"","overlay-opacity":"","overlay-gradient":""},"mobile":{"background-color":"var(--ast-global-color-5)","background-image":"","background-repeat":"repeat","background-position":"center center","background-size":"auto","background-attachment":"scroll","background-type":"","background-media":"","overlay-type":"","overlay-color":"","overlay-opacity":"","overlay-gradient":""}}},"product_brand":[163],"product_cat":[22,24],"product_tag":[68,65,66,67],"class_list":{"0":"post-158","1":"product","2":"type-product","3":"status-publish","4":"has-post-thumbnail","6":"product_brand-vigami","7":"product_cat-phan-bon-la","8":"product_cat-cay-an-trai","9":"product_tag-cay-an-trai","10":"product_tag-phan-bon","11":"product_tag-phan-bon-cay-an-trai","12":"product_tag-phan-bon-la","13":"desktop-align-center","14":"tablet-align-left","15":"mobile-align-left","16":"ast-product-gallery-layout-horizontal-slider","17":"ast-product-gallery-with-no-image","18":"ast-product-tabs-layout-horizontal","20":"first","21":"instock","22":"shipping-taxable","23":"product-type-simple"},"_links":{"self":[{"href":"https:\/\/vietgiaminh.com.vn\/en\/wp-json\/wp\/v2\/product\/158","targetHints":{"allow":["GET"]}}],"collection":[{"href":"https:\/\/vietgiaminh.com.vn\/en\/wp-json\/wp\/v2\/product"}],"about":[{"href":"https:\/\/vietgiaminh.com.vn\/en\/wp-json\/wp\/v2\/types\/product"}],"replies":[{"embeddable":true,"href":"https:\/\/vietgiaminh.com.vn\/en\/wp-json\/wp\/v2\/comments?post=158"}],"wp:featuredmedia":[{"embeddable":true,"href":"https:\/\/vietgiaminh.com.vn\/en\/wp-json\/wp\/v2\/media\/927"}],"wp:attachment":[{"href":"https:\/\/vietgiaminh.com.vn\/en\/wp-json\/wp\/v2\/media?parent=158"}],"wp:term":[{"taxonomy":"product_brand","embeddable":true,"href":"https:\/\/vietgiaminh.com.vn\/en\/wp-json\/wp\/v2\/product_brand?post=158"},{"taxonomy":"product_cat","embeddable":true,"href":"https:\/\/vietgiaminh.com.vn\/en\/wp-json\/wp\/v2\/product_cat?post=158"},{"taxonomy":"product_tag","embeddable":true,"href":"https:\/\/vietgiaminh.com.vn\/en\/wp-json\/wp\/v2\/product_tag?post=158"}],"curies":[{"name":"wp","href":"https:\/\/api.w.org\/{rel}","templated":true}]}}