{"id":1526,"date":"2022-07-03T10:11:38","date_gmt":"2022-07-03T03:11:38","guid":{"rendered":"https:\/\/vietgiaminh.com\/?post_type=product&#038;p=1526"},"modified":"2025-06-18T11:14:13","modified_gmt":"2025-06-18T04:14:13","slug":"phan-huu-co-vigami-endo","status":"publish","type":"product","link":"https:\/\/vietgiaminh.com.vn\/en\/product\/phan-huu-co-vigami-endo\/","title":{"rendered":"VIGAMI\u00ae ENDO 25KG"},"content":{"rendered":"<p><img decoding=\"async\" class=\"alignnone size-medium wp-image-1529\" src=\"https:\/\/vietgiaminh.com\/wp-content\/uploads\/2022\/07\/Untitled-1.jpg\" alt=\"\" width=\"1\" height=\"1\" \/><img decoding=\"async\" class=\"alignnone size-medium wp-image-1529\" src=\"https:\/\/vietgiaminh.com\/wp-content\/uploads\/2022\/07\/Untitled-1.jpg\" alt=\"\" width=\"1\" height=\"1\" \/><span style=\"font-size: 18pt;\"><strong>KOREAN ORGANIC FERTILIZER VIGAMI\u00ae ENDO 25KG<\/strong><\/span><\/p>\n<figure id=\"attachment_3047\" aria-describedby=\"caption-attachment-3047\" style=\"width: 416px\" class=\"wp-caption aligncenter\"><img fetchpriority=\"high\" decoding=\"async\" class=\"wp-image-3047\" src=\"https:\/\/vietgiaminh.com.vn\/wp-content\/uploads\/2022\/07\/endo-2-01.jpg\" alt=\"\" width=\"416\" height=\"416\" srcset=\"https:\/\/vietgiaminh.com.vn\/wp-content\/uploads\/2022\/07\/endo-2-01.jpg 800w, https:\/\/vietgiaminh.com.vn\/wp-content\/uploads\/2022\/07\/endo-2-01-300x300.jpg 300w, https:\/\/vietgiaminh.com.vn\/wp-content\/uploads\/2022\/07\/endo-2-01-150x150.jpg 150w, https:\/\/vietgiaminh.com.vn\/wp-content\/uploads\/2022\/07\/endo-2-01-768x768.jpg 768w, https:\/\/vietgiaminh.com.vn\/wp-content\/uploads\/2022\/07\/endo-2-01-12x12.jpg 12w, https:\/\/vietgiaminh.com.vn\/wp-content\/uploads\/2022\/07\/endo-2-01-600x600.jpg 600w, https:\/\/vietgiaminh.com.vn\/wp-content\/uploads\/2022\/07\/endo-2-01-100x100.jpg 100w\" sizes=\"(max-width: 416px) 100vw, 416px\" \/><figcaption id=\"caption-attachment-3047\" class=\"wp-caption-text\"><span style=\"color: #999999; font-size: 8pt;\"><em>KOREAN ORGANIC FERTILIZER VIGAMI\u00ae ENDO 25KG<\/em><\/span><\/figcaption><\/figure>\n<p><span style=\"font-size: 14pt;\"><strong>Uses:<\/strong><\/span><\/p>\n<ul>\n<li>Good soil, healthy plants<\/li>\n<li>Green, thick leaves<\/li>\n<li>Large fruit, fruit shine, detoxify, reduce alum<\/li>\n<\/ul>","protected":false},"excerpt":{"rendered":"<p>PH\u00c2N H\u1eeeU C\u01a0 H\u00c0N QU\u1ed0C VIGAMI\u00ae ENDO 25KG C\u00f4ng d\u1ee5ng: T\u1ed1t \u0111\u1ea5t, kh\u1ecfe c\u00e2y Xanh l\u00e1, d\u00e0y l\u00e1 L\u1edbn tr\u00e1i, b\u00f3ng tr\u00e1i, gi\u1ea3i \u0111\u1ed9c, h\u1ea1 ph\u00e8n<\/p>","protected":false},"featured_media":3046,"comment_status":"open","ping_status":"closed","template":"","meta":{"site-sidebar-layout":"default","site-content-layout":"default","ast-site-content-layout":"default","site-content-style":"default","site-sidebar-style":"default","ast-global-header-display":"","ast-banner-title-visibility":"","ast-main-header-display":"","ast-hfb-above-header-display":"","ast-hfb-below-header-display":"","ast-hfb-mobile-header-display":"","site-post-title":"","ast-breadcrumbs-content":"","ast-featured-img":"","footer-sml-layout":"","theme-transparent-header-meta":"default","adv-header-id-meta":"","stick-header-meta":"default","header-above-stick-meta":"","header-main-stick-meta":"","header-below-stick-meta":"","astra-migrate-meta-layouts":"set","ast-page-background-enabled":"default","ast-page-background-meta":{"desktop":{"background-color":"var(--ast-global-color-4)","background-image":"","background-repeat":"repeat","background-position":"center center","background-size":"auto","background-attachment":"scroll","background-type":"","background-media":"","overlay-type":"","overlay-color":"","overlay-opacity":"","overlay-gradient":""},"tablet":{"background-color":"","background-image":"","background-repeat":"repeat","background-position":"center center","background-size":"auto","background-attachment":"scroll","background-type":"","background-media":"","overlay-type":"","overlay-color":"","overlay-opacity":"","overlay-gradient":""},"mobile":{"background-color":"","background-image":"","background-repeat":"repeat","background-position":"center center","background-size":"auto","background-attachment":"scroll","background-type":"","background-media":"","overlay-type":"","overlay-color":"","overlay-opacity":"","overlay-gradient":""}},"ast-content-background-meta":{"desktop":{"background-color":"var(--ast-global-color-5)","background-image":"","background-repeat":"repeat","background-position":"center center","background-size":"auto","background-attachment":"scroll","background-type":"","background-media":"","overlay-type":"","overlay-color":"","overlay-opacity":"","overlay-gradient":""},"tablet":{"background-color":"var(--ast-global-color-5)","background-image":"","background-repeat":"repeat","background-position":"center center","background-size":"auto","background-attachment":"scroll","background-type":"","background-media":"","overlay-type":"","overlay-color":"","overlay-opacity":"","overlay-gradient":""},"mobile":{"background-color":"var(--ast-global-color-5)","background-image":"","background-repeat":"repeat","background-position":"center center","background-size":"auto","background-attachment":"scroll","background-type":"","background-media":"","overlay-type":"","overlay-color":"","overlay-opacity":"","overlay-gradient":""}}},"product_brand":[163],"product_cat":[27,29],"product_tag":[],"class_list":{"0":"post-1526","1":"product","2":"type-product","3":"status-publish","4":"has-post-thumbnail","6":"product_brand-vigami","7":"product_cat-phan-bon-goc","8":"product_cat-phan-huu-co","9":"desktop-align-center","10":"tablet-align-left","11":"mobile-align-left","12":"ast-product-gallery-layout-horizontal-slider","13":"ast-product-tabs-layout-horizontal","15":"first","16":"instock","17":"shipping-taxable","18":"product-type-simple"},"_links":{"self":[{"href":"https:\/\/vietgiaminh.com.vn\/en\/wp-json\/wp\/v2\/product\/1526","targetHints":{"allow":["GET"]}}],"collection":[{"href":"https:\/\/vietgiaminh.com.vn\/en\/wp-json\/wp\/v2\/product"}],"about":[{"href":"https:\/\/vietgiaminh.com.vn\/en\/wp-json\/wp\/v2\/types\/product"}],"replies":[{"embeddable":true,"href":"https:\/\/vietgiaminh.com.vn\/en\/wp-json\/wp\/v2\/comments?post=1526"}],"wp:featuredmedia":[{"embeddable":true,"href":"https:\/\/vietgiaminh.com.vn\/en\/wp-json\/wp\/v2\/media\/3046"}],"wp:attachment":[{"href":"https:\/\/vietgiaminh.com.vn\/en\/wp-json\/wp\/v2\/media?parent=1526"}],"wp:term":[{"taxonomy":"product_brand","embeddable":true,"href":"https:\/\/vietgiaminh.com.vn\/en\/wp-json\/wp\/v2\/product_brand?post=1526"},{"taxonomy":"product_cat","embeddable":true,"href":"https:\/\/vietgiaminh.com.vn\/en\/wp-json\/wp\/v2\/product_cat?post=1526"},{"taxonomy":"product_tag","embeddable":true,"href":"https:\/\/vietgiaminh.com.vn\/en\/wp-json\/wp\/v2\/product_tag?post=1526"}],"curies":[{"name":"wp","href":"https:\/\/api.w.org\/{rel}","templated":true}]}}