{"id":1525,"date":"2022-07-10T09:58:47","date_gmt":"2022-07-10T02:58:47","guid":{"rendered":"https:\/\/vietgiaminh.com\/?post_type=product&#038;p=1525"},"modified":"2025-06-09T09:26:18","modified_gmt":"2025-06-09T02:26:18","slug":"nano-chitosan-500ml","status":"publish","type":"product","link":"https:\/\/vietgiaminh.com.vn\/en\/product\/nano-chitosan-500ml\/","title":{"rendered":"NANO CHITOSAN PLUS 500ML"},"content":{"rendered":"<p><span style=\"font-size: 18pt;\"><strong>CH\u1ebe PH\u1ea8M SINH H\u1eccC NANO CHITOSAN PLUS 500ML<\/strong><\/span><\/p>\n<p><span style=\"font-size: 14pt;\"><strong>Uses:<\/strong><\/span><\/p>\n<ul>\n<li>Anti-fungal, anti-bacterial that harms plants<\/li>\n<li>As a type of plant vaccine that helps increase plants&#039; resistance to disease-causing microorganisms such as fungi, bacteria, nematodes, viruses, etc.<\/li>\n<li>Stimulates plant growth<\/li>\n<li>Improves soil, limits harmful microorganisms in the soil, and stimulates the growth of beneficial microorganisms<\/li>\n<li>Chitosan sprayed through leaves helps plants reduce transpiration and increase resistance to drought and frost<\/li>\n<li>Preserving agricultural products after harvest<\/li>\n<\/ul>\n<p>&nbsp;<\/p>","protected":false},"excerpt":{"rendered":"<p>CH\u1ebe PH\u1ea8M SINH H\u1eccC NANO CHITOSAN PLUS 500ML C\u00f4ng d\u1ee5ng: Kh\u00e1ng n\u1ea5m, kh\u00e1ng khu\u1ea9n h\u1ea1i c\u00e2y tr\u1ed3ng Nh\u01b0 1 lo\u1ea1i vaccine th\u1ef1c v\u1eadt gi\u00fap t\u0103ng kh\u1ea3 n\u0103ng \u0111\u1ec1 kh\u00e1ng c\u1ee7a c\u00e2y tr\u1ed3ng \u0111\u1ed1i v\u1edbi c\u00e1c lo\u1ea1i vi sinh v\u1eadt g\u00e2y b\u1ec7nh nh\u01b0: n\u1ea5m, vi khu\u1ea9n, tuy\u1ebfn tr\u00f9ng, virus,&#8230; K\u00edch th\u00edch t\u0103ng tr\u01b0\u1edfng c\u00e2y tr\u1ed3ng C\u1ea3i [&hellip;]<\/p>","protected":false},"featured_media":3012,"comment_status":"open","ping_status":"closed","template":"","meta":{"site-sidebar-layout":"default","site-content-layout":"default","ast-site-content-layout":"default","site-content-style":"default","site-sidebar-style":"default","ast-global-header-display":"","ast-banner-title-visibility":"","ast-main-header-display":"","ast-hfb-above-header-display":"","ast-hfb-below-header-display":"","ast-hfb-mobile-header-display":"","site-post-title":"","ast-breadcrumbs-content":"","ast-featured-img":"","footer-sml-layout":"","theme-transparent-header-meta":"default","adv-header-id-meta":"","stick-header-meta":"default","header-above-stick-meta":"","header-main-stick-meta":"","header-below-stick-meta":"","astra-migrate-meta-layouts":"set","ast-page-background-enabled":"default","ast-page-background-meta":{"desktop":{"background-color":"var(--ast-global-color-4)","background-image":"","background-repeat":"repeat","background-position":"center center","background-size":"auto","background-attachment":"scroll","background-type":"","background-media":"","overlay-type":"","overlay-color":"","overlay-opacity":"","overlay-gradient":""},"tablet":{"background-color":"","background-image":"","background-repeat":"repeat","background-position":"center center","background-size":"auto","background-attachment":"scroll","background-type":"","background-media":"","overlay-type":"","overlay-color":"","overlay-opacity":"","overlay-gradient":""},"mobile":{"background-color":"","background-image":"","background-repeat":"repeat","background-position":"center center","background-size":"auto","background-attachment":"scroll","background-type":"","background-media":"","overlay-type":"","overlay-color":"","overlay-opacity":"","overlay-gradient":""}},"ast-content-background-meta":{"desktop":{"background-color":"var(--ast-global-color-5)","background-image":"","background-repeat":"repeat","background-position":"center center","background-size":"auto","background-attachment":"scroll","background-type":"","background-media":"","overlay-type":"","overlay-color":"","overlay-opacity":"","overlay-gradient":""},"tablet":{"background-color":"var(--ast-global-color-5)","background-image":"","background-repeat":"repeat","background-position":"center center","background-size":"auto","background-attachment":"scroll","background-type":"","background-media":"","overlay-type":"","overlay-color":"","overlay-opacity":"","overlay-gradient":""},"mobile":{"background-color":"var(--ast-global-color-5)","background-image":"","background-repeat":"repeat","background-position":"center center","background-size":"auto","background-attachment":"scroll","background-type":"","background-media":"","overlay-type":"","overlay-color":"","overlay-opacity":"","overlay-gradient":""}}},"product_brand":[],"product_cat":[50],"product_tag":[],"class_list":{"0":"post-1525","1":"product","2":"type-product","3":"status-publish","4":"has-post-thumbnail","6":"product_cat-che-pham-sinh-hoc","7":"desktop-align-center","8":"tablet-align-left","9":"mobile-align-left","10":"ast-product-gallery-layout-horizontal-slider","11":"ast-product-gallery-with-no-image","12":"ast-product-tabs-layout-horizontal","14":"first","15":"instock","16":"shipping-taxable","17":"product-type-simple"},"_links":{"self":[{"href":"https:\/\/vietgiaminh.com.vn\/en\/wp-json\/wp\/v2\/product\/1525","targetHints":{"allow":["GET"]}}],"collection":[{"href":"https:\/\/vietgiaminh.com.vn\/en\/wp-json\/wp\/v2\/product"}],"about":[{"href":"https:\/\/vietgiaminh.com.vn\/en\/wp-json\/wp\/v2\/types\/product"}],"replies":[{"embeddable":true,"href":"https:\/\/vietgiaminh.com.vn\/en\/wp-json\/wp\/v2\/comments?post=1525"}],"wp:featuredmedia":[{"embeddable":true,"href":"https:\/\/vietgiaminh.com.vn\/en\/wp-json\/wp\/v2\/media\/3012"}],"wp:attachment":[{"href":"https:\/\/vietgiaminh.com.vn\/en\/wp-json\/wp\/v2\/media?parent=1525"}],"wp:term":[{"taxonomy":"product_brand","embeddable":true,"href":"https:\/\/vietgiaminh.com.vn\/en\/wp-json\/wp\/v2\/product_brand?post=1525"},{"taxonomy":"product_cat","embeddable":true,"href":"https:\/\/vietgiaminh.com.vn\/en\/wp-json\/wp\/v2\/product_cat?post=1525"},{"taxonomy":"product_tag","embeddable":true,"href":"https:\/\/vietgiaminh.com.vn\/en\/wp-json\/wp\/v2\/product_tag?post=1525"}],"curies":[{"name":"wp","href":"https:\/\/api.w.org\/{rel}","templated":true}]}}