{"id":1458,"date":"2025-05-11T08:57:35","date_gmt":"2025-05-11T01:57:35","guid":{"rendered":"https:\/\/vietgiaminh.com\/?post_type=product&#038;p=1458"},"modified":"2025-06-09T09:18:15","modified_gmt":"2025-06-09T02:18:15","slug":"npk-3-5-20-agobig-ra-hoa-xoai","status":"publish","type":"product","link":"https:\/\/vietgiaminh.com.vn\/en\/product\/npk-3-5-20-agobig-ra-hoa-xoai\/","title":{"rendered":"NPK 3-5-20 RA HOA XO\u00c0I 1KG"},"content":{"rendered":"<p><span style=\"font-size: 18pt;\"><strong>NPK 3-5-20 AGOBIG RA HOA XO\u00c0I 1KG\u00a0<\/strong><\/span><\/p>\n<p><span style=\"font-size: 12pt;\"><strong>USES:<\/strong><\/span><\/p>\n<ul style=\"list-style-type: circle;\">\n<li>Helps mangoes flower early, off-season, bloom long, and prevent leaf scorch.<\/li>\n<li>Helps stimulate ergot papillae, limiting the phenomenon of calluses.<\/li>\n<li>Creates flower buds - Stimulates flowering and differentiates flower buds extremely strongly.<\/li>\n<\/ul>","protected":false},"excerpt":{"rendered":"<p>NPK 3-5-20 AGOBIG RA HOA XO\u00c0I 1KG\u00a0 C\u00d4NG D\u1ee4NG: Gi\u00fap xo\u00e0i ra hoa s\u1edbm, tr\u00e1i v\u1ee5, b\u00f4ng d\u00e0i, ch\u1ed1ng hi\u1ec7n t\u01b0\u1ee3ng ch\u00e1y l\u00e1. Gi\u00fap k\u00edch nh\u00fa c\u1ef1a g\u00e0, h\u1ea1n ch\u1ebf hi\u1ec7n t\u01b0\u1ee3ng chai \u0111\u1ea7u \u0111\u1ecdt. T\u1ea1o m\u1ea7m hoa &#8211; K\u00edch th\u00edch ra hoa, ph\u00e2n h\u00f3a m\u1ea7m hoa c\u1ef1c m\u1ea1nh.<\/p>","protected":false},"featured_media":3020,"comment_status":"open","ping_status":"closed","template":"","meta":{"site-sidebar-layout":"default","site-content-layout":"default","ast-site-content-layout":"default","site-content-style":"default","site-sidebar-style":"default","ast-global-header-display":"","ast-banner-title-visibility":"","ast-main-header-display":"","ast-hfb-above-header-display":"","ast-hfb-below-header-display":"","ast-hfb-mobile-header-display":"","site-post-title":"","ast-breadcrumbs-content":"","ast-featured-img":"","footer-sml-layout":"","theme-transparent-header-meta":"default","adv-header-id-meta":"","stick-header-meta":"default","header-above-stick-meta":"","header-main-stick-meta":"","header-below-stick-meta":"","astra-migrate-meta-layouts":"set","ast-page-background-enabled":"default","ast-page-background-meta":{"desktop":{"background-color":"var(--ast-global-color-4)","background-image":"","background-repeat":"repeat","background-position":"center center","background-size":"auto","background-attachment":"scroll","background-type":"","background-media":"","overlay-type":"","overlay-color":"","overlay-opacity":"","overlay-gradient":""},"tablet":{"background-color":"","background-image":"","background-repeat":"repeat","background-position":"center center","background-size":"auto","background-attachment":"scroll","background-type":"","background-media":"","overlay-type":"","overlay-color":"","overlay-opacity":"","overlay-gradient":""},"mobile":{"background-color":"","background-image":"","background-repeat":"repeat","background-position":"center center","background-size":"auto","background-attachment":"scroll","background-type":"","background-media":"","overlay-type":"","overlay-color":"","overlay-opacity":"","overlay-gradient":""}},"ast-content-background-meta":{"desktop":{"background-color":"var(--ast-global-color-5)","background-image":"","background-repeat":"repeat","background-position":"center center","background-size":"auto","background-attachment":"scroll","background-type":"","background-media":"","overlay-type":"","overlay-color":"","overlay-opacity":"","overlay-gradient":""},"tablet":{"background-color":"var(--ast-global-color-5)","background-image":"","background-repeat":"repeat","background-position":"center center","background-size":"auto","background-attachment":"scroll","background-type":"","background-media":"","overlay-type":"","overlay-color":"","overlay-opacity":"","overlay-gradient":""},"mobile":{"background-color":"var(--ast-global-color-5)","background-image":"","background-repeat":"repeat","background-position":"center center","background-size":"auto","background-attachment":"scroll","background-type":"","background-media":"","overlay-type":"","overlay-color":"","overlay-opacity":"","overlay-gradient":""}}},"product_brand":[],"product_cat":[22,24],"product_tag":[],"class_list":{"0":"post-1458","1":"product","2":"type-product","3":"status-publish","4":"has-post-thumbnail","6":"product_cat-phan-bon-la","7":"product_cat-cay-an-trai","8":"desktop-align-center","9":"tablet-align-left","10":"mobile-align-left","11":"ast-product-gallery-layout-horizontal-slider","12":"ast-product-gallery-with-no-image","13":"ast-product-tabs-layout-horizontal","15":"first","16":"instock","17":"shipping-taxable","18":"product-type-simple"},"_links":{"self":[{"href":"https:\/\/vietgiaminh.com.vn\/en\/wp-json\/wp\/v2\/product\/1458","targetHints":{"allow":["GET"]}}],"collection":[{"href":"https:\/\/vietgiaminh.com.vn\/en\/wp-json\/wp\/v2\/product"}],"about":[{"href":"https:\/\/vietgiaminh.com.vn\/en\/wp-json\/wp\/v2\/types\/product"}],"replies":[{"embeddable":true,"href":"https:\/\/vietgiaminh.com.vn\/en\/wp-json\/wp\/v2\/comments?post=1458"}],"wp:featuredmedia":[{"embeddable":true,"href":"https:\/\/vietgiaminh.com.vn\/en\/wp-json\/wp\/v2\/media\/3020"}],"wp:attachment":[{"href":"https:\/\/vietgiaminh.com.vn\/en\/wp-json\/wp\/v2\/media?parent=1458"}],"wp:term":[{"taxonomy":"product_brand","embeddable":true,"href":"https:\/\/vietgiaminh.com.vn\/en\/wp-json\/wp\/v2\/product_brand?post=1458"},{"taxonomy":"product_cat","embeddable":true,"href":"https:\/\/vietgiaminh.com.vn\/en\/wp-json\/wp\/v2\/product_cat?post=1458"},{"taxonomy":"product_tag","embeddable":true,"href":"https:\/\/vietgiaminh.com.vn\/en\/wp-json\/wp\/v2\/product_tag?post=1458"}],"curies":[{"name":"wp","href":"https:\/\/api.w.org\/{rel}","templated":true}]}}